{"id":84540,"date":"2025-11-05T14:42:09","date_gmt":"2025-11-05T14:42:09","guid":{"rendered":"https:\/\/iprights.org\/grupo-asesor-internacional\/"},"modified":"2026-03-24T20:53:33","modified_gmt":"2026-03-24T20:53:33","slug":"grupo-asesor-internacional","status":"publish","type":"page","link":"https:\/\/iprights.org\/es\/grupo-asesor-internacional\/","title":{"rendered":"Grupo Asesor Internacional"},"content":{"rendered":"\t\t<div data-elementor-type=\"wp-page\" data-elementor-id=\"84540\" class=\"elementor elementor-84540 elementor-78932\" data-elementor-post-type=\"page\">\n\t\t\t\t<div data-particle_enable=\"false\" data-particle-mobile-disabled=\"false\" class=\"elementor-element elementor-element-7bb6bb6 e-flex e-con-boxed content-parallax-no e-con e-parent\" data-id=\"7bb6bb6\" data-element_type=\"container\" data-e-type=\"container\">\n\t\t\t\t\t<div class=\"e-con-inner\">\n\t\t<div data-particle_enable=\"false\" data-particle-mobile-disabled=\"false\" class=\"elementor-element elementor-element-c5809c5 e-con-full e-flex content-parallax-no e-con e-child\" data-id=\"c5809c5\" data-element_type=\"container\" data-e-type=\"container\" data-settings=\"{&quot;background_background&quot;:&quot;classic&quot;}\">\n\t\t<div data-particle_enable=\"false\" data-particle-mobile-disabled=\"false\" class=\"elementor-element elementor-element-aad8474 e-con-full e-flex content-parallax-no e-con e-child\" data-id=\"aad8474\" data-element_type=\"container\" data-e-type=\"container\" data-settings=\"{&quot;background_background&quot;:&quot;classic&quot;}\">\n\t\t<div data-particle_enable=\"false\" data-particle-mobile-disabled=\"false\" class=\"elementor-element elementor-element-7904de2 e-con-full e-flex content-parallax-no e-con e-child\" data-id=\"7904de2\" data-element_type=\"container\" data-e-type=\"container\">\n\t\t\t\t<div class=\"elementor-element elementor-element-0370cfa elementor-widget elementor-widget-image\" data-id=\"0370cfa\" data-element_type=\"widget\" data-e-type=\"widget\" data-widget_type=\"image.default\">\n\t\t\t\t\t\t\t\t\t\t\t\t\t\t\t<img fetchpriority=\"high\" decoding=\"async\" width=\"1140\" height=\"676\" src=\"https:\/\/iprights.org\/wp-content\/uploads\/2025\/11\/43A2D489-CFC9-43EE-BCB3-C961BC385A66-2-scaled-e1762347361201-1170x694.jpeg\" class=\"attachment-large size-large wp-image-84452\" alt=\"\" srcset=\"https:\/\/iprights.org\/wp-content\/uploads\/2025\/11\/43A2D489-CFC9-43EE-BCB3-C961BC385A66-2-scaled-e1762347361201-1170x694.jpeg 1170w, https:\/\/iprights.org\/wp-content\/uploads\/2025\/11\/43A2D489-CFC9-43EE-BCB3-C961BC385A66-2-scaled-e1762347361201-768x456.jpeg 768w\" sizes=\"(max-width: 1140px) 100vw, 1140px\" \/>\t\t\t\t\t\t\t\t\t\t\t\t\t\t\t<\/div>\n\t\t\t\t<\/div>\n\t\t<div data-particle_enable=\"false\" data-particle-mobile-disabled=\"false\" class=\"elementor-element elementor-element-fe7b950 e-con-full e-flex content-parallax-no e-con e-child\" data-id=\"fe7b950\" data-element_type=\"container\" data-e-type=\"container\">\n\t\t\t\t<div class=\"elementor-element elementor-element-8e9b94e cea-mobile-align-left animated-slow elementor-invisible elementor-widget elementor-widget-ceasectiontitle\" data-id=\"8e9b94e\" data-element_type=\"widget\" data-e-type=\"widget\" data-settings=\"{&quot;_animation&quot;:&quot;fadeInUp&quot;}\" data-widget_type=\"ceasectiontitle.default\">\n\t\t\t\t<div class=\"elementor-widget-container\">\n\t\t\t\t\t<div class=\"section-title-wrapper\"><div class=\"title-wrap\"><div class=\"sub-title\"><span class=\"subtitle-dots \" >GAI<\/span><\/div><h2 class=\"section-title none cea-nrml\" data-animation=\"none\"  >El Grupo Asesor Internacional<\/h2><\/div><!-- .title-wrap --><div class=\"section-description\"><\/div><!-- .section-description --><\/div><!-- .section-title-wrapper -->\t\t\t\t<\/div>\n\t\t\t\t<\/div>\n\t\t\t\t<div class=\"elementor-element elementor-element-d5faed4 elementor-invisible elementor-widget elementor-widget-text-editor\" data-id=\"d5faed4\" data-element_type=\"widget\" data-e-type=\"widget\" data-settings=\"{&quot;_animation&quot;:&quot;fadeInUp&quot;}\" data-widget_type=\"text-editor.default\">\n\t\t\t\t\t\t\t\t\t<div id=\"sppb-addon-wrapper-1663040351250\" class=\"sppb-addon-wrapper addon-root-text-block\"><div id=\"sppb-addon-1663040351250\" class=\"clearfix \"><div class=\"sppb-addon sppb-addon-text-block \"><div class=\"sppb-addon-content\"><strong>El Grupo Asesor Internacional (GAI) <\/strong>ofrece asesoramiento sobre estrategia de programas, actividades, gobernanza, divulgaci\u00f3n y concesi\u00f3n de subvenciones, lo que fortalecer\u00e1 la misi\u00f3n del IPRI y ayudar\u00e1 a sostener la Iniciativa Global para Detener la Criminalizaci\u00f3n y la Violencia contra los Pueblos Ind\u00edgenas.<\/div><\/div><\/div><\/div>\t\t\t\t\t\t\t\t<\/div>\n\t\t\t\t<\/div>\n\t\t\t\t<\/div>\n\t\t\t\t<\/div>\n\t\t\t\t<div class=\"elementor-element elementor-element-c6a74e4 elementor-widget-divider--view-line elementor-widget elementor-widget-divider\" data-id=\"c6a74e4\" data-element_type=\"widget\" data-e-type=\"widget\" data-widget_type=\"divider.default\">\n\t\t\t\t\t\t\t<div class=\"elementor-divider\">\n\t\t\t<span class=\"elementor-divider-separator\">\n\t\t\t\t\t\t<\/span>\n\t\t<\/div>\n\t\t\t\t\t\t<\/div>\n\t\t<div data-particle_enable=\"false\" data-particle-mobile-disabled=\"false\" class=\"elementor-element elementor-element-64c1d7c e-con-full e-flex content-parallax-no e-con e-child\" data-id=\"64c1d7c\" data-element_type=\"container\" data-e-type=\"container\">\n\t\t<div data-particle_enable=\"false\" data-particle-mobile-disabled=\"false\" class=\"elementor-element elementor-element-1e25b58 e-con-full e-grid content-parallax-no e-con e-child\" data-id=\"1e25b58\" data-element_type=\"container\" data-e-type=\"container\" data-settings=\"{&quot;background_background&quot;:&quot;classic&quot;}\">\n\t\t<div data-particle_enable=\"false\" data-particle-mobile-disabled=\"false\" class=\"elementor-element elementor-element-4539d07 e-flex e-con-boxed content-parallax-no e-con e-child\" data-id=\"4539d07\" data-element_type=\"container\" data-e-type=\"container\">\n\t\t\t\t\t<div class=\"e-con-inner\">\n\t\t\t\t<div class=\"elementor-element elementor-element-cc8c3b2 elementor-widget elementor-widget-n-accordion\" data-id=\"cc8c3b2\" data-element_type=\"widget\" data-e-type=\"widget\" data-settings=\"{&quot;default_state&quot;:&quot;expanded&quot;,&quot;max_items_expended&quot;:&quot;one&quot;,&quot;n_accordion_animation_duration&quot;:{&quot;unit&quot;:&quot;ms&quot;,&quot;size&quot;:400,&quot;sizes&quot;:[]}}\" data-widget_type=\"nested-accordion.default\">\n\t\t\t\t\t\t\t<div class=\"e-n-accordion\" aria-label=\"Accordion. Open links with Enter or Space, close with Escape, and navigate with Arrow Keys\">\n\t\t\t\t\t\t<details id=\"e-n-accordion-item-2140\" class=\"e-n-accordion-item\" open>\n\t\t\t\t<summary class=\"e-n-accordion-item-title\" data-accordion-index=\"1\" tabindex=\"0\" aria-expanded=\"true\" aria-controls=\"e-n-accordion-item-2140\" >\n\t\t\t\t\t<span class='e-n-accordion-item-title-header'><div class=\"e-n-accordion-item-title-text\"> Funciones clave <\/div><\/span>\n\t\t\t\t\t\t\t<span class='e-n-accordion-item-title-icon'>\n\t\t\t<span class='e-opened' ><svg aria-hidden=\"true\" class=\"e-font-icon-svg e-fas-minus\" viewBox=\"0 0 448 512\" xmlns=\"http:\/\/www.w3.org\/2000\/svg\"><path d=\"M416 208H32c-17.67 0-32 14.33-32 32v32c0 17.67 14.33 32 32 32h384c17.67 0 32-14.33 32-32v-32c0-17.67-14.33-32-32-32z\"><\/path><\/svg><\/span>\n\t\t\t<span class='e-closed'><svg aria-hidden=\"true\" class=\"e-font-icon-svg e-fas-plus\" viewBox=\"0 0 448 512\" xmlns=\"http:\/\/www.w3.org\/2000\/svg\"><path d=\"M416 208H272V64c0-17.67-14.33-32-32-32h-32c-17.67 0-32 14.33-32 32v144H32c-17.67 0-32 14.33-32 32v32c0 17.67 14.33 32 32 32h144v144c0 17.67 14.33 32 32 32h32c17.67 0 32-14.33 32-32V304h144c17.67 0 32-14.33 32-32v-32c0-17.67-14.33-32-32-32z\"><\/path><\/svg><\/span>\n\t\t<\/span>\n\n\t\t\t\t\t\t<\/summary>\n\t\t\t\t<div data-particle_enable=\"false\" data-particle-mobile-disabled=\"false\" role=\"region\" aria-labelledby=\"e-n-accordion-item-2140\" class=\"elementor-element elementor-element-cb05fa8 e-con-full e-flex content-parallax-no e-con e-child\" data-id=\"cb05fa8\" data-element_type=\"container\" data-e-type=\"container\">\n\t\t\t\t<div class=\"elementor-element elementor-element-36e38c6 elementor-widget elementor-widget-text-editor\" data-id=\"36e38c6\" data-element_type=\"widget\" data-e-type=\"widget\" data-widget_type=\"text-editor.default\">\n\t\t\t\t\t\t\t\t\t<p><span style=\"color: #ffffff;\">Se espera que el Grupo Asesor Internacional brinde orientaci\u00f3n al personal de IPRI sobre lo siguiente:<\/span><\/p><ol><li><span style=\"color: #ffffff;\">Estrategia y sistemas operativos<\/span><br><ol type=\"a\"><li><span style=\"color: #ffffff;\">Estrategia del programa y orientaci\u00f3n operativa:<\/span><\/li><li><span style=\"color: #ffffff;\">Orientaci\u00f3n sobre el Fondo de Defensa Legal y Santuario y la recaudaci\u00f3n de fondos para las operaciones de IPRI.<\/span><\/li><\/ol><\/li><li><span style=\"color: #ffffff;\">Asociaci\u00f3n y colaboraci\u00f3n<\/span><ul><li><span style=\"color: #ffffff;\">Brindar asesoramiento y recomendaciones sobre asociaciones adicionales con IPRI; y,<\/span><\/li><li><span style=\"color: #ffffff;\">Brindar asesoramiento y recomendaciones sobre la implementaci\u00f3n de alianzas y compromisos compartidos, incluida la colaboraci\u00f3n con diferentes actores\/instituciones para impulsar la misi\u00f3n del IPRI.<\/span><\/li><\/ul><\/li><li><span style=\"color: #ffffff;\">Divulgaci\u00f3n y comunicaci\u00f3n<\/span><ul><li><span style=\"color: #ffffff;\">Apoyar di\u00e1logos eficaces entre los pueblos ind\u00edgenas y los actores pertinentes a nivel nacional, regional y mundial;<\/span><\/li><li><span style=\"color: #ffffff;\">Proporcionar informaci\u00f3n a IPRI sobre los recursos y herramientas que se pueden utilizar para mejorar la colaboraci\u00f3n con los pueblos y organizaciones ind\u00edgenas.<\/span><\/li><li><span style=\"color: #ffffff;\">Proporcionar informaci\u00f3n y recomendaciones sobre la estrategia de comunicaci\u00f3n y promoci\u00f3n de IPRI; y<\/span><\/li><li><span style=\"color: #ffffff;\">Proporcionar una alerta temprana sobre problemas emergentes en las comunicaciones.<\/span><\/li><\/ul><\/li><\/ol>\t\t\t\t\t\t\t\t<\/div>\n\t\t\t\t<\/div>\n\t\t\t\t\t<\/details>\n\t\t\t\t\t\t<details id=\"e-n-accordion-item-2141\" class=\"e-n-accordion-item\" >\n\t\t\t\t<summary class=\"e-n-accordion-item-title\" data-accordion-index=\"2\" tabindex=\"-1\" aria-expanded=\"false\" aria-controls=\"e-n-accordion-item-2141\" >\n\t\t\t\t\t<span class='e-n-accordion-item-title-header'><div class=\"e-n-accordion-item-title-text\"> Composici\u00f3n <\/div><\/span>\n\t\t\t\t\t\t\t<span class='e-n-accordion-item-title-icon'>\n\t\t\t<span class='e-opened' ><svg aria-hidden=\"true\" class=\"e-font-icon-svg e-fas-minus\" viewBox=\"0 0 448 512\" xmlns=\"http:\/\/www.w3.org\/2000\/svg\"><path d=\"M416 208H32c-17.67 0-32 14.33-32 32v32c0 17.67 14.33 32 32 32h384c17.67 0 32-14.33 32-32v-32c0-17.67-14.33-32-32-32z\"><\/path><\/svg><\/span>\n\t\t\t<span class='e-closed'><svg aria-hidden=\"true\" class=\"e-font-icon-svg e-fas-plus\" viewBox=\"0 0 448 512\" xmlns=\"http:\/\/www.w3.org\/2000\/svg\"><path d=\"M416 208H272V64c0-17.67-14.33-32-32-32h-32c-17.67 0-32 14.33-32 32v144H32c-17.67 0-32 14.33-32 32v32c0 17.67 14.33 32 32 32h144v144c0 17.67 14.33 32 32 32h32c17.67 0 32-14.33 32-32V304h144c17.67 0 32-14.33 32-32v-32c0-17.67-14.33-32-32-32z\"><\/path><\/svg><\/span>\n\t\t<\/span>\n\n\t\t\t\t\t\t<\/summary>\n\t\t\t\t<div data-particle_enable=\"false\" data-particle-mobile-disabled=\"false\" role=\"region\" aria-labelledby=\"e-n-accordion-item-2141\" class=\"elementor-element elementor-element-9709a4d e-con-full e-flex content-parallax-no e-con e-child\" data-id=\"9709a4d\" data-element_type=\"container\" data-e-type=\"container\">\n\t\t\t\t<div class=\"elementor-element elementor-element-58cf37f elementor-widget elementor-widget-text-editor\" data-id=\"58cf37f\" data-element_type=\"widget\" data-e-type=\"widget\" data-widget_type=\"text-editor.default\">\n\t\t\t\t\t\t\t\t\t<p><span style=\"color: #ffffff;\">El Grupo Asesor Ind\u00edgena (GAI) est\u00e1 integrado por personas ind\u00edgenas, personalidades destacadas de organizaciones internacionales y regionales de derechos humanos y de defensa de los derechos de los pueblos ind\u00edgenas, acad\u00e9micos y donantes. La composici\u00f3n del GAI es decidida por la Junta Directiva Global del IPRI, quien tambi\u00e9n la selecciona por invitaci\u00f3n. El n\u00famero de miembros del GAI ser\u00e1 flexible y garantizar\u00e1 el equilibrio regional y de g\u00e9nero.  <\/span><\/p>\t\t\t\t\t\t\t\t<\/div>\n\t\t\t\t<\/div>\n\t\t\t\t\t<\/details>\n\t\t\t\t\t\t<details id=\"e-n-accordion-item-2142\" class=\"e-n-accordion-item\" >\n\t\t\t\t<summary class=\"e-n-accordion-item-title\" data-accordion-index=\"3\" tabindex=\"-1\" aria-expanded=\"false\" aria-controls=\"e-n-accordion-item-2142\" >\n\t\t\t\t\t<span class='e-n-accordion-item-title-header'><div class=\"e-n-accordion-item-title-text\"> L\u00edmite de plazo <\/div><\/span>\n\t\t\t\t\t\t\t<span class='e-n-accordion-item-title-icon'>\n\t\t\t<span class='e-opened' ><svg aria-hidden=\"true\" class=\"e-font-icon-svg e-fas-minus\" viewBox=\"0 0 448 512\" xmlns=\"http:\/\/www.w3.org\/2000\/svg\"><path d=\"M416 208H32c-17.67 0-32 14.33-32 32v32c0 17.67 14.33 32 32 32h384c17.67 0 32-14.33 32-32v-32c0-17.67-14.33-32-32-32z\"><\/path><\/svg><\/span>\n\t\t\t<span class='e-closed'><svg aria-hidden=\"true\" class=\"e-font-icon-svg e-fas-plus\" viewBox=\"0 0 448 512\" xmlns=\"http:\/\/www.w3.org\/2000\/svg\"><path d=\"M416 208H272V64c0-17.67-14.33-32-32-32h-32c-17.67 0-32 14.33-32 32v144H32c-17.67 0-32 14.33-32 32v32c0 17.67 14.33 32 32 32h144v144c0 17.67 14.33 32 32 32h32c17.67 0 32-14.33 32-32V304h144c17.67 0 32-14.33 32-32v-32c0-17.67-14.33-32-32-32z\"><\/path><\/svg><\/span>\n\t\t<\/span>\n\n\t\t\t\t\t\t<\/summary>\n\t\t\t\t<div data-particle_enable=\"false\" data-particle-mobile-disabled=\"false\" role=\"region\" aria-labelledby=\"e-n-accordion-item-2142\" class=\"elementor-element elementor-element-2eb445c e-con-full e-flex content-parallax-no e-con e-child\" data-id=\"2eb445c\" data-element_type=\"container\" data-e-type=\"container\">\n\t\t\t\t<div class=\"elementor-element elementor-element-3f08fe9 elementor-widget elementor-widget-text-editor\" data-id=\"3f08fe9\" data-element_type=\"widget\" data-e-type=\"widget\" data-widget_type=\"text-editor.default\">\n\t\t\t\t\t\t\t\t\t<p><span style=\"color: #ffffff;\">Los miembros del GAI desempe\u00f1ar\u00e1n sus funciones durante un per\u00edodo de tres a\u00f1os, renovable dos veces. Los miembros actuar\u00e1n a t\u00edtulo individual, sin representar a sus instituciones ni a sus regiones. Se aplicar\u00e1 una pol\u00edtica de conflicto de intereses que permitir\u00e1 a los miembros abstenerse de participar en debates relacionados con instituciones o lugares con los que tengan una estrecha relaci\u00f3n, de modo que su participaci\u00f3n en el IAG no impida que dichas personas reciban subvenciones u otras colaboraciones con el IPRI.  <\/span><\/p>\t\t\t\t\t\t\t\t<\/div>\n\t\t\t\t<\/div>\n\t\t\t\t\t<\/details>\n\t\t\t\t\t\t<details id=\"e-n-accordion-item-2143\" class=\"e-n-accordion-item\" >\n\t\t\t\t<summary class=\"e-n-accordion-item-title\" data-accordion-index=\"4\" tabindex=\"-1\" aria-expanded=\"false\" aria-controls=\"e-n-accordion-item-2143\" >\n\t\t\t\t\t<span class='e-n-accordion-item-title-header'><div class=\"e-n-accordion-item-title-text\"> Compromisos <\/div><\/span>\n\t\t\t\t\t\t\t<span class='e-n-accordion-item-title-icon'>\n\t\t\t<span class='e-opened' ><svg aria-hidden=\"true\" class=\"e-font-icon-svg e-fas-minus\" viewBox=\"0 0 448 512\" xmlns=\"http:\/\/www.w3.org\/2000\/svg\"><path d=\"M416 208H32c-17.67 0-32 14.33-32 32v32c0 17.67 14.33 32 32 32h384c17.67 0 32-14.33 32-32v-32c0-17.67-14.33-32-32-32z\"><\/path><\/svg><\/span>\n\t\t\t<span class='e-closed'><svg aria-hidden=\"true\" class=\"e-font-icon-svg e-fas-plus\" viewBox=\"0 0 448 512\" xmlns=\"http:\/\/www.w3.org\/2000\/svg\"><path d=\"M416 208H272V64c0-17.67-14.33-32-32-32h-32c-17.67 0-32 14.33-32 32v144H32c-17.67 0-32 14.33-32 32v32c0 17.67 14.33 32 32 32h144v144c0 17.67 14.33 32 32 32h32c17.67 0 32-14.33 32-32V304h144c17.67 0 32-14.33 32-32v-32c0-17.67-14.33-32-32-32z\"><\/path><\/svg><\/span>\n\t\t<\/span>\n\n\t\t\t\t\t\t<\/summary>\n\t\t\t\t<div data-particle_enable=\"false\" data-particle-mobile-disabled=\"false\" role=\"region\" aria-labelledby=\"e-n-accordion-item-2143\" class=\"elementor-element elementor-element-495c4ab e-con-full e-flex content-parallax-no e-con e-child\" data-id=\"495c4ab\" data-element_type=\"container\" data-e-type=\"container\">\n\t\t\t\t<div class=\"elementor-element elementor-element-641f4e2 elementor-widget elementor-widget-text-editor\" data-id=\"641f4e2\" data-element_type=\"widget\" data-e-type=\"widget\" data-widget_type=\"text-editor.default\">\n\t\t\t\t\t\t\t\t\t<p><span style=\"color: #ffffff;\">Se espera que los miembros de IAG se comprometan con los siguientes principios b\u00e1sicos de trabajo:<\/span><\/p><ul><li><span style=\"color: #ffffff;\">La intenci\u00f3n de la misi\u00f3n de IPRI es honrar y representar sus procesos;<\/span><\/li><li><span style=\"color: #ffffff;\">Respuesta oportuna y adecuada a las solicitudes de asesoramiento o aportaciones;<\/span><\/li><li><span style=\"color: #ffffff;\">Brindar apoyo o asistencia a las actividades de IPRI seg\u00fan corresponda;<\/span><\/li><li><span style=\"color: #ffffff;\">Asistir a las reuniones del IAG; y,<\/span><\/li><li><span style=\"color: #ffffff;\">Cumplimiento de las normas de confidencialidad de Chatham House.<\/span><\/li><\/ul>\t\t\t\t\t\t\t\t<\/div>\n\t\t\t\t<\/div>\n\t\t\t\t\t<\/details>\n\t\t\t\t\t\t<details id=\"e-n-accordion-item-2144\" class=\"e-n-accordion-item\" >\n\t\t\t\t<summary class=\"e-n-accordion-item-title\" data-accordion-index=\"5\" tabindex=\"-1\" aria-expanded=\"false\" aria-controls=\"e-n-accordion-item-2144\" >\n\t\t\t\t\t<span class='e-n-accordion-item-title-header'><div class=\"e-n-accordion-item-title-text\"> Criterios de selecci\u00f3n para los miembros del IAG <\/div><\/span>\n\t\t\t\t\t\t\t<span class='e-n-accordion-item-title-icon'>\n\t\t\t<span class='e-opened' ><svg aria-hidden=\"true\" class=\"e-font-icon-svg e-fas-minus\" viewBox=\"0 0 448 512\" xmlns=\"http:\/\/www.w3.org\/2000\/svg\"><path d=\"M416 208H32c-17.67 0-32 14.33-32 32v32c0 17.67 14.33 32 32 32h384c17.67 0 32-14.33 32-32v-32c0-17.67-14.33-32-32-32z\"><\/path><\/svg><\/span>\n\t\t\t<span class='e-closed'><svg aria-hidden=\"true\" class=\"e-font-icon-svg e-fas-plus\" viewBox=\"0 0 448 512\" xmlns=\"http:\/\/www.w3.org\/2000\/svg\"><path d=\"M416 208H272V64c0-17.67-14.33-32-32-32h-32c-17.67 0-32 14.33-32 32v144H32c-17.67 0-32 14.33-32 32v32c0 17.67 14.33 32 32 32h144v144c0 17.67 14.33 32 32 32h32c17.67 0 32-14.33 32-32V304h144c17.67 0 32-14.33 32-32v-32c0-17.67-14.33-32-32-32z\"><\/path><\/svg><\/span>\n\t\t<\/span>\n\n\t\t\t\t\t\t<\/summary>\n\t\t\t\t<div data-particle_enable=\"false\" data-particle-mobile-disabled=\"false\" role=\"region\" aria-labelledby=\"e-n-accordion-item-2144\" class=\"elementor-element elementor-element-650c489 e-con-full e-flex content-parallax-no e-con e-child\" data-id=\"650c489\" data-element_type=\"container\" data-e-type=\"container\">\n\t\t\t\t<div class=\"elementor-element elementor-element-c22b5d8 elementor-widget elementor-widget-text-editor\" data-id=\"c22b5d8\" data-element_type=\"widget\" data-e-type=\"widget\" data-widget_type=\"text-editor.default\">\n\t\t\t\t\t\t\t\t\t<p><span style=\"color: #ffffff;\">Se espera que los miembros del IAG posean habilidades complementarias que apoyen la implementaci\u00f3n de la misi\u00f3n y los objetivos del IPRI.<\/span><\/p><p><span style=\"color: #ffffff;\">En conjunto, se espera que los miembros de GAI tengan una experiencia y representaci\u00f3n diversas en:<\/span><\/p><ul><li><span style=\"color: #ffffff;\">Derechos humanos de los pueblos ind\u00edgenas y enfoques pertinentes para abordar la criminalizaci\u00f3n y la violencia contra los pueblos ind\u00edgenas a nivel local, nacional, regional y mundial;<\/span><\/li><li><span style=\"color: #ffffff;\">Fomentar e implementar alianzas con pueblos ind\u00edgenas, otras organizaciones de derechos humanos, defensores, actores no estatales, actores estatales y donantes;<\/span><\/li><li><span style=\"color: #ffffff;\">Concesi\u00f3n de subvenciones a organizaciones de pueblos ind\u00edgenas <\/span><\/li><li><span style=\"color: #ffffff;\">Desarrollo organizacional y gesti\u00f3n de campa\u00f1as;<\/span><\/li><li><span style=\"color: #ffffff;\">Comunicaciones;<\/span><\/li><li><span style=\"color: #ffffff;\">Gobernanza y desarrollo de capacidades;<\/span><\/li><li><span style=\"color: #ffffff;\">Establecer mecanismos financieros sostenibles y responsables;<\/span><\/li><li><span style=\"color: #ffffff;\">Desarrollo de estrategias;<\/span><\/li><li><span style=\"color: #ffffff;\">Equilibrio geogr\u00e1fico, \u00e9tnico\/racial, por edad y por g\u00e9nero.<\/span><\/li><\/ul>\t\t\t\t\t\t\t\t<\/div>\n\t\t\t\t<\/div>\n\t\t\t\t\t<\/details>\n\t\t\t\t\t<\/div>\n\t\t\t\t\t\t<\/div>\n\t\t\t\t\t<\/div>\n\t\t\t\t<\/div>\n\t\t\t\t<\/div>\n\t\t<div data-particle_enable=\"false\" data-particle-mobile-disabled=\"false\" class=\"elementor-element elementor-element-8aaa5cc e-flex e-con-boxed content-parallax-no e-con e-child\" data-id=\"8aaa5cc\" data-element_type=\"container\" data-e-type=\"container\">\n\t\t\t\t\t<div class=\"e-con-inner\">\n\t\t<div data-particle_enable=\"false\" data-particle-mobile-disabled=\"false\" class=\"elementor-element elementor-element-3108c08 e-flex e-con-boxed content-parallax-no e-con e-child\" data-id=\"3108c08\" data-element_type=\"container\" data-e-type=\"container\" data-settings=\"{&quot;background_background&quot;:&quot;classic&quot;}\">\n\t\t\t\t\t<div class=\"e-con-inner\">\n\t\t\t\t<div class=\"elementor-element elementor-element-cdaef2e cea-view-stacked cea-shape-circle elementor-widget elementor-widget-ceafeaturebox\" data-id=\"cdaef2e\" data-element_type=\"widget\" data-e-type=\"widget\" data-widget_type=\"ceafeaturebox.default\">\n\t\t\t\t<div class=\"elementor-widget-container feature-box-wrapper feature-box-default\">\n\t\t\t<div class=\"media\"><div class=\"media-icon-part\"><div class=\"cea-featured-icon\"><svg xmlns=\"http:\/\/www.w3.org\/2000\/svg\" id=\"b\" viewBox=\"0 0 24.3 24.3\"><g id=\"c\"><polygon points=\"8.1 0 12.15 4.05 16.2 0 8.1 0\" fill=\"#68a63b\"><\/polygon><polygon points=\"4.05 4.05 8.1 8.1 12.15 4.05 4.05 4.05\" fill=\"#68a63b\"><\/polygon><polygon points=\"12.15 4.05 16.2 8.1 20.25 4.05 12.15 4.05\" fill=\"#68a63b\"><\/polygon><polygon points=\"16.2 8.1 20.25 12.15 24.3 8.1 16.2 8.1\" fill=\"#68a63b\"><\/polygon><polygon points=\"0 8.1 4.05 12.15 8.1 8.1 0 8.1\" fill=\"#68a63b\"><\/polygon><polygon points=\"8.1 24.3 12.15 20.25 16.2 24.3 8.1 24.3\" fill=\"#68a63b\"><\/polygon><polygon points=\"4.05 20.25 8.1 16.2 12.15 20.25 4.05 20.25\" fill=\"#68a63b\"><\/polygon><polygon points=\"12.15 20.25 16.2 16.2 20.25 20.25 12.15 20.25\" fill=\"#68a63b\"><\/polygon><polygon points=\"16.2 16.2 20.25 12.15 24.3 16.2 16.2 16.2\" fill=\"#68a63b\"><\/polygon><polygon points=\"0 16.2 4.05 12.15 8.1 16.2 0 16.2\" fill=\"#68a63b\"><\/polygon><polygon points=\"14.86 9.44 12.15 6.73 9.44 9.44 6.73 12.15 9.44 14.86 12.15 17.57 14.86 14.86 17.57 12.15 14.86 9.44\" fill=\"#68a63b\"><\/polygon><polygon points=\"14.86 9.44 12.15 6.73 9.44 9.44 6.73 12.15 9.44 14.86 12.15 17.57 14.86 14.86 17.57 12.15 14.86 9.44\" fill=\"#fd3535\"><\/polygon><\/g><\/svg><\/div><\/div><div class=\"media-body\"><h4 class=\"feature-box-title\">El Grupo Asesor Internacional (GAI)<\/h4><\/div><!-- .media-body --><\/div><!-- .media -->\t\t<\/div>\n\t\t\t\t<\/div>\n\t\t\t\t\t<\/div>\n\t\t\t\t<\/div>\n\t\t\t\t\t<\/div>\n\t\t\t\t<\/div>\n\t\t\t\t<\/div>\n\t\t\t\t\t<\/div>\n\t\t\t\t<\/div>\n\t\t\t\t<\/div>\n\t\t","protected":false},"excerpt":{"rendered":"<p>GAI El Grupo Asesor Internacional El Grupo Asesor Internacional (GAI) ofrece asesoramiento sobre estrategia de programas, actividades, gobernanza, divulgaci\u00f3n y concesi\u00f3n de subvenciones, lo que fortalecer\u00e1 la misi\u00f3n del IPRI y ayudar\u00e1 a sostener la Iniciativa Global para..<\/p>\n","protected":false},"author":1,"featured_media":0,"parent":0,"menu_order":0,"comment_status":"closed","ping_status":"closed","template":"","meta":{"footnotes":""},"class_list":["post-84540","page","type-page","status-publish","hentry"],"_links":{"self":[{"href":"https:\/\/iprights.org\/es\/wp-json\/wp\/v2\/pages\/84540","targetHints":{"allow":["GET"]}}],"collection":[{"href":"https:\/\/iprights.org\/es\/wp-json\/wp\/v2\/pages"}],"about":[{"href":"https:\/\/iprights.org\/es\/wp-json\/wp\/v2\/types\/page"}],"author":[{"embeddable":true,"href":"https:\/\/iprights.org\/es\/wp-json\/wp\/v2\/users\/1"}],"replies":[{"embeddable":true,"href":"https:\/\/iprights.org\/es\/wp-json\/wp\/v2\/comments?post=84540"}],"version-history":[{"count":2,"href":"https:\/\/iprights.org\/es\/wp-json\/wp\/v2\/pages\/84540\/revisions"}],"predecessor-version":[{"id":84542,"href":"https:\/\/iprights.org\/es\/wp-json\/wp\/v2\/pages\/84540\/revisions\/84542"}],"wp:attachment":[{"href":"https:\/\/iprights.org\/es\/wp-json\/wp\/v2\/media?parent=84540"}],"curies":[{"name":"wp","href":"https:\/\/api.w.org\/{rel}","templated":true}]}}