{"id":84589,"date":"2025-11-05T16:27:35","date_gmt":"2025-11-05T16:27:35","guid":{"rendered":"https:\/\/iprights.org\/secretaria-mundial\/"},"modified":"2026-03-26T18:17:02","modified_gmt":"2026-03-26T18:17:02","slug":"secretaria-mundial","status":"publish","type":"page","link":"https:\/\/iprights.org\/es\/secretaria-mundial\/","title":{"rendered":"Secretar\u00eda Mundial"},"content":{"rendered":"\t\t<div data-elementor-type=\"wp-page\" data-elementor-id=\"84589\" class=\"elementor elementor-84589 elementor-78972\" data-elementor-post-type=\"page\">\n\t\t\t\t<div data-particle_enable=\"false\" data-particle-mobile-disabled=\"false\" class=\"elementor-element elementor-element-40cf289 e-flex e-con-boxed content-parallax-no e-con e-parent\" data-id=\"40cf289\" data-element_type=\"container\" data-e-type=\"container\">\n\t\t\t\t\t<div class=\"e-con-inner\">\n\t\t\t\t<div class=\"elementor-element elementor-element-03fc004 elementor-widget elementor-widget-text-editor\" data-id=\"03fc004\" data-element_type=\"widget\" data-e-type=\"widget\" data-widget_type=\"text-editor.default\">\n\t\t\t\t\t\t\t\t\t<p>La Secretar\u00eda del IPRI se encarga de la gesti\u00f3n diaria del IPRI. La Secretar\u00eda est\u00e1 compuesta por el Director Ejecutivo, el Jefe de Operaciones, el Equipo de Derechos Humanos y Sector Privado, el Equipo de Medio Ambiente y Derechos Humanos, el Equipo de Investigaci\u00f3n y Documentaci\u00f3n, el Equipo de Comunicaciones y el Equipo de Apoyo Financiero y Administrativo. <\/p>\t\t\t\t\t\t\t\t<\/div>\n\t\t\t\t<div class=\"elementor-element elementor-element-081b539 elementor-widget elementor-widget-ceateam\" data-id=\"081b539\" data-element_type=\"widget\" data-e-type=\"widget\" data-widget_type=\"ceateam.default\">\n\t\t\t\t\r\n\t\t<div class=\"elementor-widget-container team-wrapper team-style-classic team-light team-normal-model\" >\r\n\t\t\r\n\t\t\t<div class=\"row\"><div class=\"col-lg-3 col-md-6 col-sm-12\" ><div class=\"team-inner\"><div class=\"entry-title\"><h4 class=\"post-title-head\"><a href=\"https:\/\/iprights.org\/es\/team\/joan-carling-2\/\" class=\"post-title\">Joan Carling<\/a><\/h4><\/div><!-- .entry-title --><div class=\"team-designation\"><div class=\"post-designation-head\">DIRECTOR EJECUTIVO<\/div><\/div><!-- .team-designation --><\/div><!-- .team-inner --><\/div><!-- .col \/ .owl-carousel-item \/ .isotope --><div class=\"col-lg-3 col-md-6 col-sm-12\" ><div class=\"team-inner\"><div class=\"entry-title\"><h4 class=\"post-title-head\"><a href=\"https:\/\/iprights.org\/es\/team\/fergus-mackay\/\" class=\"post-title\">Fergus MacKay<\/a><\/h4><\/div><!-- .entry-title --><div class=\"team-designation\"><div class=\"post-designation-head\">ASESOR JUR\u00cdDICO Y POL\u00cdTICO SUPERIOR<\/div><\/div><!-- .team-designation --><\/div><!-- .team-inner --><\/div><!-- .col \/ .owl-carousel-item \/ .isotope --><div class=\"col-lg-3 col-md-6 col-sm-12\" ><div class=\"team-inner\"><div class=\"entry-title\"><h4 class=\"post-title-head\"><a href=\"https:\/\/iprights.org\/es\/team\/raymond-de-chavez\/\" class=\"post-title\">Raymond de Ch\u00e1vez<\/a><\/h4><\/div><!-- .entry-title --><div class=\"team-designation\"><div class=\"post-designation-head\">JEFE DE OPERACIONES<\/div><\/div><!-- .team-designation --><\/div><!-- .team-inner --><\/div><!-- .col \/ .owl-carousel-item \/ .isotope --><div class=\"col-lg-3 col-md-6 col-sm-12\" ><div class=\"team-inner\"><div class=\"entry-title\"><h4 class=\"post-title-head\"><a href=\"https:\/\/iprights.org\/es\/team\/jillie-karl-basan-2\/\" class=\"post-title\">Jillie Karl Basan<\/a><\/h4><\/div><!-- .entry-title --><div class=\"team-designation\"><div class=\"post-designation-head\">ASISTENTE EJECUTIVO DEL DIRECTOR EJECUTIVO<\/div><\/div><!-- .team-designation --><\/div><!-- .team-inner --><\/div><!-- .col \/ .owl-carousel-item \/ .isotope --><div class=\"col-lg-3 col-md-6 col-sm-12\" ><div class=\"team-inner\"><div class=\"entry-title\"><h4 class=\"post-title-head\"><a href=\"https:\/\/iprights.org\/es\/team\/novelyne-ramon-pel-ey\/\" class=\"post-title\">Novelyne Ram\u00f3n Pel-ey<\/a><\/h4><\/div><!-- .entry-title --><div class=\"team-designation\"><div class=\"post-designation-head\">PERSONAL DE FINANZAS<\/div><\/div><!-- .team-designation --><\/div><!-- .team-inner --><\/div><!-- .col \/ .owl-carousel-item \/ .isotope --><div class=\"col-lg-3 col-md-6 col-sm-12\" ><div class=\"team-inner\"><div class=\"entry-title\"><h4 class=\"post-title-head\"><a href=\"https:\/\/iprights.org\/es\/team\/vivian-mantias-4\/\" class=\"post-title\">Vivian Mantias<\/a><\/h4><\/div><!-- .entry-title --><div class=\"team-designation\"><div class=\"post-designation-head\">PERSONAL DE FINANZAS<\/div><\/div><!-- .team-designation --><\/div><!-- .team-inner --><\/div><!-- .col \/ .owl-carousel-item \/ .isotope --><div class=\"col-lg-3 col-md-6 col-sm-12\" ><div class=\"team-inner\"><div class=\"entry-title\"><h4 class=\"post-title-head\"><a href=\"https:\/\/iprights.org\/es\/team\/mary-joyce-seguin\/\" class=\"post-title\">Mary Joyce Seguin<\/a><\/h4><\/div><!-- .entry-title --><div class=\"team-designation\"><div class=\"post-designation-head\">PERSONAL ADMINISTRATIVO<\/div><\/div><!-- .team-designation --><\/div><!-- .team-inner --><\/div><!-- .col \/ .owl-carousel-item \/ .isotope --><div class=\"col-lg-3 col-md-6 col-sm-12\" ><div class=\"team-inner\"><div class=\"entry-title\"><h4 class=\"post-title-head\"><a href=\"https:\/\/iprights.org\/es\/team\/aisa-kristine-daguitan-2\/\" class=\"post-title\">Aisa Kristine Daguitan<\/a><\/h4><\/div><!-- .entry-title --><div class=\"team-designation\"><div class=\"post-designation-head\">RESPONSABLE DE FINANZAS Y CONTABILIDAD<\/div><\/div><!-- .team-designation --><\/div><!-- .team-inner --><\/div><!-- .col \/ .owl-carousel-item \/ .isotope --><div class=\"col-lg-3 col-md-6 col-sm-12\" ><div class=\"team-inner\"><div class=\"entry-title\"><h4 class=\"post-title-head\"><a href=\"https:\/\/iprights.org\/es\/team\/natalia-ramirez-gutierrez\/\" class=\"post-title\">Natalia Ram\u00edrez Guti\u00e9rrez<\/a><\/h4><\/div><!-- .entry-title --><div class=\"team-designation\"><div class=\"post-designation-head\">DIRECTOR DE ESTRATEGIA DIGITAL Y COMUNICACI\u00d3N REGIONAL PARA AM\u00c9RICA LATINA<\/div><\/div><!-- .team-designation --><\/div><!-- .team-inner --><\/div><!-- .col \/ .owl-carousel-item \/ .isotope --><div class=\"col-lg-3 col-md-6 col-sm-12\" ><div class=\"team-inner\"><div class=\"entry-title\"><h4 class=\"post-title-head\"><a href=\"https:\/\/iprights.org\/es\/team\/maria-manuela-sequeira-morales-2\/\" class=\"post-title\">Mar\u00eda Manuela Sequeira Morales<\/a><\/h4><\/div><!-- .entry-title --><div class=\"team-designation\"><div class=\"post-designation-head\">PUNTO FOCAL REGIONAL DE DOCUMENTACI\u00d3N Y PROMOCI\u00d3N PARA AM\u00c9RICA LATINA Y EL CARIBE<\/div><\/div><!-- .team-designation --><\/div><!-- .team-inner --><\/div><!-- .col \/ .owl-carousel-item \/ .isotope --><div class=\"col-lg-3 col-md-6 col-sm-12\" ><div class=\"team-inner\"><div class=\"entry-title\"><h4 class=\"post-title-head\"><a href=\"https:\/\/iprights.org\/es\/team\/adazahira-chavez-perez-3\/\" class=\"post-title\">Adazahira Ch\u00e1vez P\u00e9rez<\/a><\/h4><\/div><!-- .entry-title --><div class=\"team-designation\"><div class=\"post-designation-head\">COORDINADOR GLOBAL DE COMUNICACIONES<\/div><\/div><!-- .team-designation --><\/div><!-- .team-inner --><\/div><!-- .col \/ .owl-carousel-item \/ .isotope --><div class=\"col-lg-3 col-md-6 col-sm-12\" ><div class=\"team-inner\"><div class=\"entry-title\"><h4 class=\"post-title-head\"><a href=\"https:\/\/iprights.org\/es\/team\/nekoita-nawankas-2\/\" class=\"post-title\">Nekoita Nawankas<\/a><\/h4><\/div><!-- .entry-title --><div class=\"team-designation\"><div class=\"post-designation-head\">PUNTO FOCAL REGIONAL DE DOCUMENTACI\u00d3N Y PROMOCI\u00d3N PARA \u00c1FRICA<\/div><\/div><!-- .team-designation --><\/div><!-- .team-inner --><\/div><!-- .col \/ .owl-carousel-item \/ .isotope --><div class=\"col-lg-3 col-md-6 col-sm-12\" ><div class=\"team-inner\"><div class=\"entry-title\"><h4 class=\"post-title-head\"><a href=\"https:\/\/iprights.org\/es\/team\/heather-owatch-2\/\" class=\"post-title\">Heather O&#8217;Watch<\/a><\/h4><\/div><!-- .entry-title --><div class=\"team-designation\"><div class=\"post-designation-head\">RESPONSABLE DE DOCUMENTACI\u00d3N Y BASES DE DATOS<\/div><\/div><!-- .team-designation --><\/div><!-- .team-inner --><\/div><!-- .col \/ .owl-carousel-item \/ .isotope --><div class=\"col-lg-3 col-md-6 col-sm-12\" ><div class=\"team-inner\"><div class=\"entry-title\"><h4 class=\"post-title-head\"><a href=\"https:\/\/iprights.org\/es\/team\/patricia-borraz-2\/\" class=\"post-title\">Patricia Borraz<\/a><\/h4><\/div><!-- .entry-title --><div class=\"team-designation\"><div class=\"post-designation-head\">COORDINADOR DE INVESTIGACI\u00d3N Y DOCUMENTACI\u00d3N<\/div><\/div><!-- .team-designation --><\/div><!-- .team-inner --><\/div><!-- .col \/ .owl-carousel-item \/ .isotope --><div class=\"col-lg-3 col-md-6 col-sm-12\" ><div class=\"team-inner\"><div class=\"entry-title\"><h4 class=\"post-title-head\"><a href=\"https:\/\/iprights.org\/es\/team\/wara-iris-ruiz-condori-2\/\" class=\"post-title\">Wara Iris Ruiz Condori<\/a><\/h4><\/div><!-- .entry-title --><div class=\"team-designation\"><div class=\"post-designation-head\">PERSONAL DE MEDIO AMBIENTE Y DERECHOS HUMANOS<\/div><\/div><!-- .team-designation --><\/div><!-- .team-inner --><\/div><!-- .col \/ .owl-carousel-item \/ .isotope --><div class=\"col-lg-3 col-md-6 col-sm-12\" ><div class=\"team-inner\"><div class=\"entry-title\"><h4 class=\"post-title-head\"><a href=\"https:\/\/iprights.org\/es\/team\/jo-ann-guillao-2\/\" class=\"post-title\">Jo Ann Guillao<\/a><\/h4><\/div><!-- .entry-title --><div class=\"team-designation\"><div class=\"post-designation-head\">COORDINADOR DE MEDIO AMBIENTE Y DERECHOS HUMANOS<\/div><\/div><!-- .team-designation --><\/div><!-- .team-inner --><\/div><!-- .col \/ .owl-carousel-item \/ .isotope --><div class=\"col-lg-3 col-md-6 col-sm-12\" ><div class=\"team-inner\"><div class=\"entry-title\"><h4 class=\"post-title-head\"><a href=\"https:\/\/iprights.org\/es\/team\/monica-ndoen-3\/\" class=\"post-title\">Monica Ndoen<\/a><\/h4><\/div><!-- .entry-title --><div class=\"team-designation\"><div class=\"post-designation-head\">RESPONSABLE DE MEDIO AMBIENTE Y DERECHOS HUMANOS<\/div><\/div><!-- .team-designation --><\/div><!-- .team-inner --><\/div><!-- .col \/ .owl-carousel-item \/ .isotope --><div class=\"col-lg-3 col-md-6 col-sm-12\" ><div class=\"team-inner\"><div class=\"entry-title\"><h4 class=\"post-title-head\"><a href=\"https:\/\/iprights.org\/es\/team\/cindy-kobei-2\/\" class=\"post-title\">Cindy Kobei<\/a><\/h4><\/div><!-- .entry-title --><div class=\"team-designation\"><div class=\"post-designation-head\">RESPONSABLE DE ABOGAC\u00cdA<\/div><\/div><!-- .team-designation --><\/div><!-- .team-inner --><\/div><!-- .col \/ .owl-carousel-item \/ .isotope --><div class=\"col-lg-3 col-md-6 col-sm-12\" ><div class=\"team-inner\"><div class=\"entry-title\"><h4 class=\"post-title-head\"><a href=\"https:\/\/iprights.org\/es\/team\/krishna-sharan-dangol-2\/\" class=\"post-title\">Krishna Sharan Dangol<\/a><\/h4><\/div><!-- .entry-title --><div class=\"team-designation\"><div class=\"post-designation-head\">RESPONSABLE DE ABOGAC\u00cdA<\/div><\/div><!-- .team-designation --><\/div><!-- .team-inner --><\/div><!-- .col \/ .owl-carousel-item \/ .isotope --><div class=\"col-lg-3 col-md-6 col-sm-12\" ><div class=\"team-inner\"><div class=\"entry-title\"><h4 class=\"post-title-head\"><a href=\"https:\/\/iprights.org\/es\/team\/miluska-buendia-2\/\" class=\"post-title\">Miluska Buend\u00eda<\/a><\/h4><\/div><!-- .entry-title --><div class=\"team-designation\"><div class=\"post-designation-head\">COORDINADORA DEL FONDO DE DEFENSA LEGAL Y SANTUARIO<\/div><\/div><!-- .team-designation --><\/div><!-- .team-inner --><\/div><!-- .col \/ .owl-carousel-item \/ .isotope --><div class=\"col-lg-3 col-md-6 col-sm-12\" ><div class=\"team-inner\"><div class=\"entry-title\"><h4 class=\"post-title-head\"><a href=\"https:\/\/iprights.org\/es\/team\/alma-sinumlag-2\/\" class=\"post-title\">Alma Sinumlag<\/a><\/h4><\/div><!-- .entry-title --><div class=\"team-designation\"><div class=\"post-designation-head\">PUNTO FOCAL PARA EMPRESAS Y DERECHOS HUMANOS<\/div><\/div><!-- .team-designation --><\/div><!-- .team-inner --><\/div><!-- .col \/ .owl-carousel-item \/ .isotope --><div class=\"col-lg-3 col-md-6 col-sm-12\" ><div class=\"team-inner\"><div class=\"entry-title\"><h4 class=\"post-title-head\"><a href=\"https:\/\/iprights.org\/es\/team\/raquel-xiloj-2\/\" class=\"post-title\">Raquel Xiloj<\/a><\/h4><\/div><!-- .entry-title --><div class=\"team-designation\"><div class=\"post-designation-head\">COORDINADORA ADJUNTA DEL FONDO DE DEFENSA LEGAL Y SANTUARIO<\/div><\/div><!-- .team-designation --><\/div><!-- .team-inner --><\/div><!-- .col \/ .owl-carousel-item \/ .isotope --><\/div><!-- .row -->\t\t\t\r\n\t\t<\/div>\r\n\t\t\t\t<\/div>\n\t\t\t\t\t<\/div>\n\t\t\t\t<\/div>\n\t\t\t\t<\/div>\n\t\t","protected":false},"excerpt":{"rendered":"<p>La Secretar\u00eda del IPRI se encarga de la gesti\u00f3n diaria del IPRI. La Secretar\u00eda est\u00e1..<\/p>\n","protected":false},"author":1,"featured_media":0,"parent":0,"menu_order":0,"comment_status":"closed","ping_status":"closed","template":"","meta":{"footnotes":""},"class_list":["post-84589","page","type-page","status-publish","hentry"],"_links":{"self":[{"href":"https:\/\/iprights.org\/es\/wp-json\/wp\/v2\/pages\/84589","targetHints":{"allow":["GET"]}}],"collection":[{"href":"https:\/\/iprights.org\/es\/wp-json\/wp\/v2\/pages"}],"about":[{"href":"https:\/\/iprights.org\/es\/wp-json\/wp\/v2\/types\/page"}],"author":[{"embeddable":true,"href":"https:\/\/iprights.org\/es\/wp-json\/wp\/v2\/users\/1"}],"replies":[{"embeddable":true,"href":"https:\/\/iprights.org\/es\/wp-json\/wp\/v2\/comments?post=84589"}],"version-history":[{"count":1,"href":"https:\/\/iprights.org\/es\/wp-json\/wp\/v2\/pages\/84589\/revisions"}],"predecessor-version":[{"id":84590,"href":"https:\/\/iprights.org\/es\/wp-json\/wp\/v2\/pages\/84589\/revisions\/84590"}],"wp:attachment":[{"href":"https:\/\/iprights.org\/es\/wp-json\/wp\/v2\/media?parent=84589"}],"curies":[{"name":"wp","href":"https:\/\/api.w.org\/{rel}","templated":true}]}}