{"id":84632,"date":"2025-11-05T18:15:06","date_gmt":"2025-11-05T18:15:06","guid":{"rendered":"https:\/\/iprights.org\/philippines\/"},"modified":"2026-03-24T21:14:07","modified_gmt":"2026-03-24T21:14:07","slug":"philippines","status":"publish","type":"page","link":"https:\/\/iprights.org\/es\/philippines\/","title":{"rendered":"Philippines"},"content":{"rendered":"\t\t<div data-elementor-type=\"wp-page\" data-elementor-id=\"84632\" class=\"elementor elementor-84632 elementor-79268\" data-elementor-post-type=\"page\">\n\t\t\t\t<div data-particle_enable=\"false\" data-particle-mobile-disabled=\"false\" class=\"elementor-element elementor-element-7ae2982a e-flex e-con-boxed content-parallax-no e-con e-parent\" data-id=\"7ae2982a\" data-element_type=\"container\" data-e-type=\"container\" data-settings=\"{&quot;background_background&quot;:&quot;classic&quot;}\">\n\t\t\t\t\t<div class=\"e-con-inner\">\n\t\t<div data-particle_enable=\"false\" data-particle-mobile-disabled=\"false\" class=\"elementor-element elementor-element-472e0386 e-con-full e-flex content-parallax-no e-con e-child\" data-id=\"472e0386\" data-element_type=\"container\" data-e-type=\"container\" data-settings=\"{&quot;background_background&quot;:&quot;classic&quot;}\">\n\t\t<div data-particle_enable=\"false\" data-particle-mobile-disabled=\"false\" class=\"elementor-element elementor-element-3de37b12 e-con-full e-flex content-parallax-no e-con e-child\" data-id=\"3de37b12\" data-element_type=\"container\" data-e-type=\"container\" data-settings=\"{&quot;background_background&quot;:&quot;classic&quot;}\">\n\t\t\t\t<div class=\"elementor-element elementor-element-37867e18 bg-border-img-left elementor-widget elementor-widget-image\" data-id=\"37867e18\" data-element_type=\"widget\" data-e-type=\"widget\" data-widget_type=\"image.default\">\n\t\t\t\t\t\t\t\t\t\t\t\t\t\t\t<img decoding=\"async\" src=\"https:\/\/iprights.org\/wp-content\/uploads\/elementor\/thumbs\/1818-1228-max-rec1rw19ik5f4zt0t0fll8l5i91sm3dnc6n12j7dtw.jpg\" title=\"1818-1228-max\" alt=\"1818-1228-max\" loading=\"lazy\" \/>\t\t\t\t\t\t\t\t\t\t\t\t\t\t\t<\/div>\n\t\t\t\t<\/div>\n\t\t<div data-particle_enable=\"false\" data-particle-mobile-disabled=\"false\" class=\"elementor-element elementor-element-6da49056 e-con-full e-flex content-parallax-no e-con e-child\" data-id=\"6da49056\" data-element_type=\"container\" data-e-type=\"container\">\n\t\t\t\t<div class=\"elementor-element elementor-element-431a0c4c animated-fast cea-mobile-align-left elementor-invisible elementor-widget elementor-widget-ceasectiontitle\" data-id=\"431a0c4c\" data-element_type=\"widget\" data-e-type=\"widget\" data-settings=\"{&quot;_animation&quot;:&quot;fadeInUp&quot;}\" data-widget_type=\"ceasectiontitle.default\">\n\t\t\t\t<div class=\"elementor-widget-container\">\n\t\t\t\t\t<div class=\"section-title-wrapper\"><div class=\"title-wrap\"><div class=\"sub-title\"><span class=\"subtitle-dots \" >Filipinas.<\/span><\/div><h2 class=\"section-title none cea-nrml\" data-animation=\"none\"  >Panaghiusa<\/h2><\/div><!-- .title-wrap --><div class=\"section-description\"><\/div><!-- .section-description --><\/div><!-- .section-title-wrapper -->\t\t\t\t<\/div>\n\t\t\t\t<\/div>\n\t\t\t\t<div class=\"elementor-element elementor-element-5a5ea9e5 elementor-invisible elementor-widget elementor-widget-ceaiconlist\" data-id=\"5a5ea9e5\" data-element_type=\"widget\" data-e-type=\"widget\" data-settings=\"{&quot;_animation&quot;:&quot;fadeInUp&quot;}\" data-widget_type=\"ceaiconlist.default\">\n\t\t\t\t<div class=\"elementor-widget-container\">\n\t\t\t\t\t\t\t\n\t\t<ul class=\"nav flex-column cea-icon-list\">\n\t\t<li class=\"cea-icon-list-item\"><a href=\"https:\/\/www.panaghiusa.com\/\" target=\"_blank\">\t\t\t\t\t<span class=\"cea-icon-list-icon\">\n\t\t\t\t\t\t<svg aria-hidden=\"true\" class=\"e-font-icon-svg e-fas-desktop\" viewBox=\"0 0 576 512\" xmlns=\"http:\/\/www.w3.org\/2000\/svg\"><path d=\"M528 0H48C21.5 0 0 21.5 0 48v320c0 26.5 21.5 48 48 48h192l-16 48h-72c-13.3 0-24 10.7-24 24s10.7 24 24 24h272c13.3 0 24-10.7 24-24s-10.7-24-24-24h-72l-16-48h192c26.5 0 48-21.5 48-48V48c0-26.5-21.5-48-48-48zm-16 352H64V64h448v288z\"><\/path><\/svg>\t\t\t\t\t<\/span>\n\t\t\t\t<span class=\"icon-list-text\">panaghiusa.com<\/span><\/a><\/li>\t\t<\/ul>\n\t\t\n\t\t\t\t\t\t<\/div>\n\t\t\t\t<\/div>\n\t\t\t\t<\/div>\n\t\t\t\t<\/div>\n\t\t\t\t\t<\/div>\n\t\t\t\t<\/div>\n\t\t<div data-particle_enable=\"false\" data-particle-mobile-disabled=\"false\" class=\"elementor-element elementor-element-3633bc0 e-flex e-con-boxed content-parallax-no e-con e-parent\" data-id=\"3633bc0\" data-element_type=\"container\" data-e-type=\"container\">\n\t\t\t\t\t<div class=\"e-con-inner\">\n\t\t\t\t<div class=\"elementor-element elementor-element-9b0edf2 animated-slow cea-mobile-align-center cea-tablet-align-center cea-align-left elementor-invisible elementor-widget elementor-widget-ceasectiontitle\" data-id=\"9b0edf2\" data-element_type=\"widget\" data-e-type=\"widget\" data-settings=\"{&quot;_animation&quot;:&quot;fadeInUp&quot;}\" data-widget_type=\"ceasectiontitle.default\">\n\t\t\t\t<div class=\"elementor-widget-container\">\n\t\t\t\t\t<div class=\"section-title-wrapper\"><div class=\"title-wrap\"><div class=\"sub-title\"><span class=\"subtitle-dots \" >Unidos en fuerza, esp\u00edritu y resistencia<\/span><\/div><h2 class=\"section-title none cea-nrml\" data-animation=\"none\"  >Panaghiusa significa solidaridad, una unidad a trav\u00e9s de la cual celebramos las victorias de los Pueblos Ind\u00edgenas y resistimos los ataques que siguen sufriendo.<\/h2><\/div><!-- .title-wrap --><div class=\"section-description\"><\/div><!-- .section-description --><\/div><!-- .section-title-wrapper -->\t\t\t\t<\/div>\n\t\t\t\t<\/div>\n\t\t<div data-particle_enable=\"false\" data-particle-mobile-disabled=\"false\" class=\"elementor-element elementor-element-3d138a9 e-con-full e-flex content-parallax-no e-con e-child\" data-id=\"3d138a9\" data-element_type=\"container\" data-e-type=\"container\">\n\t\t\t\t<div class=\"elementor-element elementor-element-9d7eec5 elementor-widget elementor-widget-text-editor\" data-id=\"9d7eec5\" data-element_type=\"widget\" data-e-type=\"widget\" data-widget_type=\"text-editor.default\">\n\t\t\t\t\t\t\t\t\t<p>Panaghiusa es una red de organizaciones de pueblos ind\u00edgenas y abogados que defiende los derechos de los pueblos ind\u00edgenas, refuerza la campa\u00f1a en favor de la justicia para las v\u00edctimas de la criminalizaci\u00f3n y otras violaciones de derechos humanos, y pide que se ponga fin a la cultura de impunidad que persiste en Filipinas.<\/p><p><strong>Nuestra misi\u00f3n<\/strong><\/p><p>Protegemos y promovemos los derechos de los Pueblos Ind\u00edgenas luchando por la justicia.<\/p><p><strong>Nuestra visi\u00f3n<\/strong><\/p><p>Una naci\u00f3n que reconoce, respeta y protege los derechos de los Pueblos Ind\u00edgenas a sus dominios ancestrales, a la autodeterminaci\u00f3n y a la vida.<\/p>\t\t\t\t\t\t\t\t<\/div>\n\t\t\t\t<div class=\"elementor-element elementor-element-e29fc87 elementor-widget-divider--view-line elementor-widget elementor-widget-divider\" data-id=\"e29fc87\" data-element_type=\"widget\" data-e-type=\"widget\" data-widget_type=\"divider.default\">\n\t\t\t\t\t\t\t<div class=\"elementor-divider\">\n\t\t\t<span class=\"elementor-divider-separator\">\n\t\t\t\t\t\t<\/span>\n\t\t<\/div>\n\t\t\t\t\t\t<\/div>\n\t\t\t\t<\/div>\n\t\t\t\t\t<\/div>\n\t\t\t\t<\/div>\n\t\t<div data-particle_enable=\"false\" data-particle-mobile-disabled=\"false\" class=\"elementor-element elementor-element-cea96a9 e-flex e-con-boxed content-parallax-no e-con e-parent\" data-id=\"cea96a9\" data-element_type=\"container\" data-e-type=\"container\" data-settings=\"{&quot;background_background&quot;:&quot;classic&quot;}\">\n\t\t\t\t\t<div class=\"e-con-inner\">\n\t\t<div data-particle_enable=\"false\" data-particle-mobile-disabled=\"false\" class=\"elementor-element elementor-element-f83f931 e-con-full e-flex content-parallax-no e-con e-child\" data-id=\"f83f931\" data-element_type=\"container\" data-e-type=\"container\" data-settings=\"{&quot;background_background&quot;:&quot;classic&quot;}\">\n\t\t<div data-particle_enable=\"false\" data-particle-mobile-disabled=\"false\" class=\"elementor-element elementor-element-59e8f0e e-con-full e-flex content-parallax-no e-con e-child\" data-id=\"59e8f0e\" data-element_type=\"container\" data-e-type=\"container\">\n\t\t\t\t<div class=\"elementor-element elementor-element-1d24e0e animated-fast cea-mobile-align-left elementor-invisible elementor-widget elementor-widget-ceasectiontitle\" data-id=\"1d24e0e\" data-element_type=\"widget\" data-e-type=\"widget\" data-settings=\"{&quot;_animation&quot;:&quot;fadeInUp&quot;}\" data-widget_type=\"ceasectiontitle.default\">\n\t\t\t\t<div class=\"elementor-widget-container\">\n\t\t\t\t\t<div class=\"section-title-wrapper\"><div class=\"title-wrap\"><h2 class=\"section-title none cea-nrml\" data-animation=\"none\"  >Principales \u00e1reas de trabajo<\/h2><\/div><!-- .title-wrap --><div class=\"section-description\"><\/div><!-- .section-description --><\/div><!-- .section-title-wrapper -->\t\t\t\t<\/div>\n\t\t\t\t<\/div>\n\t\t\t\t<div class=\"elementor-element elementor-element-78fc98f elementor-invisible elementor-widget elementor-widget-ceaiconlist\" data-id=\"78fc98f\" data-element_type=\"widget\" data-e-type=\"widget\" data-settings=\"{&quot;_animation&quot;:&quot;fadeInUp&quot;}\" data-widget_type=\"ceaiconlist.default\">\n\t\t\t\t<div class=\"elementor-widget-container\">\n\t\t\t\t\t\t\t\n\t\t<ul class=\"nav flex-column cea-icon-list\">\n\t\t<li class=\"cea-icon-list-item\">\t\t\t\t\t<span class=\"cea-icon-list-icon\">\n\t\t\t\t\t\t<i aria-hidden=\"true\" class=\" bi-check-circle-fill\"><\/i>\t\t\t\t\t<\/span>\n\t\t\t\t<span class=\"icon-list-text\">Documentar y vigilar la criminalizaci\u00f3n y las violaciones de los derechos humanos de los Pueblos Ind\u00edgenas.<\/span><\/li><li class=\"cea-icon-list-item\">\t\t\t\t\t<span class=\"cea-icon-list-icon\">\n\t\t\t\t\t\t<i aria-hidden=\"true\" class=\" bi-check-circle-fill\"><\/i>\t\t\t\t\t<\/span>\n\t\t\t\t<span class=\"icon-list-text\">Promover los derechos de los Pueblos Ind\u00edgenas a los dominios ancestrales, la autodeterminaci\u00f3n y el derecho a la vida.<\/span><\/li><li class=\"cea-icon-list-item\">\t\t\t\t\t<span class=\"cea-icon-list-icon\">\n\t\t\t\t\t\t<i aria-hidden=\"true\" class=\" bi-check-circle-fill\"><\/i>\t\t\t\t\t<\/span>\n\t\t\t\t<span class=\"icon-list-text\">Apoyar y fortalecer a sus organizaciones miembro en la consecuci\u00f3n de sus objetivos de protecci\u00f3n y promoci\u00f3n de los derechos de los Pueblos Ind\u00edgenas y otros grupos marginados.<\/span><\/li>\t\t<\/ul>\n\t\t\n\t\t\t\t\t\t<\/div>\n\t\t\t\t<\/div>\n\t\t\t\t<\/div>\n\t\t<div data-particle_enable=\"false\" data-particle-mobile-disabled=\"false\" class=\"elementor-element elementor-element-6009f7a e-con-full e-flex content-parallax-no e-con e-child\" data-id=\"6009f7a\" data-element_type=\"container\" data-e-type=\"container\" data-settings=\"{&quot;background_background&quot;:&quot;classic&quot;}\">\n\t\t\t\t<div class=\"elementor-element elementor-element-2bac220 bg-border-img-left elementor-widget elementor-widget-image\" data-id=\"2bac220\" data-element_type=\"widget\" data-e-type=\"widget\" data-widget_type=\"image.default\">\n\t\t\t\t\t\t\t\t\t\t\t\t\t\t\t<img decoding=\"async\" src=\"https:\/\/iprights.org\/wp-content\/uploads\/elementor\/thumbs\/2048-2048-max-rec1yllsazc40s24meupw1mm69z4kb0nxeaten97es.jpg\" title=\"2048-2048-max\" alt=\"2048-2048-max\" loading=\"lazy\" \/>\t\t\t\t\t\t\t\t\t\t\t\t\t\t\t<\/div>\n\t\t\t\t<\/div>\n\t\t\t\t<\/div>\n\t\t\t\t<div class=\"elementor-element elementor-element-bfd55c6 elementor-widget-divider--view-line elementor-widget elementor-widget-divider\" data-id=\"bfd55c6\" data-element_type=\"widget\" data-e-type=\"widget\" data-widget_type=\"divider.default\">\n\t\t\t\t\t\t\t<div class=\"elementor-divider\">\n\t\t\t<span class=\"elementor-divider-separator\">\n\t\t\t\t\t\t<\/span>\n\t\t<\/div>\n\t\t\t\t\t\t<\/div>\n\t\t<div data-particle_enable=\"false\" data-particle-mobile-disabled=\"false\" class=\"elementor-element elementor-element-6f8a1c6 e-con-full e-flex content-parallax-no e-con e-child\" data-id=\"6f8a1c6\" data-element_type=\"container\" data-e-type=\"container\" data-settings=\"{&quot;background_background&quot;:&quot;classic&quot;}\">\n\t\t<div data-particle_enable=\"false\" data-particle-mobile-disabled=\"false\" class=\"elementor-element elementor-element-bec179e e-con-full e-flex content-parallax-no e-con e-child\" data-id=\"bec179e\" data-element_type=\"container\" data-e-type=\"container\" data-settings=\"{&quot;background_background&quot;:&quot;classic&quot;}\">\n\t\t<div data-particle_enable=\"false\" data-particle-mobile-disabled=\"false\" class=\"elementor-element elementor-element-06a7cba elementor-hidden-tablet elementor-hidden-mobile e-con-full e-flex content-parallax-no e-con e-child\" data-id=\"06a7cba\" data-element_type=\"container\" data-e-type=\"container\">\n\t\t\t\t<\/div>\n\t\t<div data-particle_enable=\"false\" data-particle-mobile-disabled=\"false\" class=\"elementor-element elementor-element-a6dc343 e-con-full e-flex content-parallax-no e-con e-child\" data-id=\"a6dc343\" data-element_type=\"container\" data-e-type=\"container\">\n\t\t\t\t<div class=\"elementor-element elementor-element-8a9cd45 animated-fast cea-mobile-align-center cea-align-center elementor-invisible elementor-widget elementor-widget-ceasectiontitle\" data-id=\"8a9cd45\" data-element_type=\"widget\" data-e-type=\"widget\" data-settings=\"{&quot;_animation&quot;:&quot;fadeInUp&quot;}\" data-widget_type=\"ceasectiontitle.default\">\n\t\t\t\t<div class=\"elementor-widget-container\">\n\t\t\t\t\t<div class=\"section-title-wrapper\"><div class=\"title-wrap\"><div class=\"sub-title\"><span class=\"subtitle-dots \" >Celebrar la resiliencia, defender nuestro futuro<\/span><\/div><h2 class=\"section-title none cea-nrml\" data-animation=\"none\"  >Logros e hitos:<\/h2><\/div><!-- .title-wrap --><div class=\"section-description\"><\/div><!-- .section-description --><\/div><!-- .section-title-wrapper -->\t\t\t\t<\/div>\n\t\t\t\t<\/div>\n\t\t\t\t<\/div>\n\t\t<div data-particle_enable=\"false\" data-particle-mobile-disabled=\"false\" class=\"elementor-element elementor-element-db1597e e-con-full elementor-hidden-tablet elementor-hidden-mobile e-flex content-parallax-no e-con e-child\" data-id=\"db1597e\" data-element_type=\"container\" data-e-type=\"container\">\n\t\t\t\t<\/div>\n\t\t\t\t<\/div>\n\t\t<div data-particle_enable=\"false\" data-particle-mobile-disabled=\"false\" class=\"elementor-element elementor-element-8290d1a e-con-full e-flex content-parallax-no e-con e-child\" data-id=\"8290d1a\" data-element_type=\"container\" data-e-type=\"container\" data-settings=\"{&quot;background_background&quot;:&quot;classic&quot;}\">\n\t\t<div data-particle_enable=\"false\" data-particle-mobile-disabled=\"false\" class=\"elementor-element elementor-element-f24dc15 e-flex e-con-boxed content-parallax-no e-con e-child\" data-id=\"f24dc15\" data-element_type=\"container\" data-e-type=\"container\">\n\t\t\t\t\t<div class=\"e-con-inner\">\n\t\t\t\t<div class=\"elementor-element elementor-element-b52b72c elementor-widget elementor-widget-text-editor\" data-id=\"b52b72c\" data-element_type=\"widget\" data-e-type=\"widget\" data-widget_type=\"text-editor.default\">\n\t\t\t\t\t\t\t\t\t<p>Panaghiusa ha elaborado varios informes, entre ellos:<\/p>\t\t\t\t\t\t\t\t<\/div>\n\t\t\t\t<div class=\"elementor-element elementor-element-d457e45 elementor-widget elementor-widget-text-editor\" data-id=\"d457e45\" data-element_type=\"widget\" data-e-type=\"widget\" data-widget_type=\"text-editor.default\">\n\t\t\t\t\t\t\t\t\t<ul><li>Informe sobre la situaci\u00f3n de los derechos humanos de los pueblos ind\u00edgenas en Filipinas<a href=\"https:\/\/www.panaghiusa.com\/_files\/ugd\/f96372_dd32ecc871094c22a3da742b713e1f17.pdf\">(ver m\u00e1s<\/a>)  <\/li><li>Proyectos de Presas Destructivas contra los Pueblos Ind\u00edgenas: Una Lucha por el Derecho a la Autodeterminaci\u00f3n y a las Tierras Ancestrales<a href=\"https:\/\/www.panaghiusa.com\/_files\/ugd\/f96372_ab2356d1b6c1427cbc5cc709f40b882e.pdf\">(ver m\u00e1s<\/a>)  <\/li><li>Consecuencias de la COVID-19 y de la recuperaci\u00f3n econ\u00f3mica para los derechos y el bienestar de los pueblos ind\u00edgenas<a href=\"https:\/\/www.panaghiusa.com\/_files\/ugd\/f96372_1e176bf37141407ab1b1436c3949deea.pdf\">(ver m\u00e1s<\/a>)<\/li><li>Informe Anual: Criminalizaci\u00f3n, violencia e impunidad contra los pueblos ind\u00edgenas (2022)<a href=\"https:\/\/www.panaghiusa.com\/_files\/ugd\/f96372_433672267d364028ac3aa4e454271213.pdf\">(ver m\u00e1s<\/a>)  <\/li><\/ul>\t\t\t\t\t\t\t\t<\/div>\n\t\t\t\t\t<\/div>\n\t\t\t\t<\/div>\n\t\t<div data-particle_enable=\"false\" data-particle-mobile-disabled=\"false\" class=\"elementor-element elementor-element-ea0c97a e-con-full e-flex content-parallax-no e-con e-child\" data-id=\"ea0c97a\" data-element_type=\"container\" data-e-type=\"container\">\n\t\t\t\t<div class=\"elementor-element elementor-element-7d43900 elementor-widget elementor-widget-image\" data-id=\"7d43900\" data-element_type=\"widget\" data-e-type=\"widget\" data-widget_type=\"image.default\">\n\t\t\t\t\t\t\t\t\t\t\t\t\t\t\t<img fetchpriority=\"high\" decoding=\"async\" width=\"1140\" height=\"676\" src=\"https:\/\/iprights.org\/wp-content\/uploads\/2025\/11\/1350-900-max-1-1170x694.jpg\" class=\"attachment-large size-large wp-image-84488\" alt=\"\" srcset=\"https:\/\/iprights.org\/wp-content\/uploads\/2025\/11\/1350-900-max-1-1170x694.jpg 1170w, https:\/\/iprights.org\/wp-content\/uploads\/2025\/11\/1350-900-max-1-768x456.jpg 768w\" sizes=\"(max-width: 1140px) 100vw, 1140px\" \/>\t\t\t\t\t\t\t\t\t\t\t\t\t\t\t<\/div>\n\t\t\t\t<\/div>\n\t\t\t\t<\/div>\n\t\t<div data-particle_enable=\"false\" data-particle-mobile-disabled=\"false\" class=\"elementor-element elementor-element-27be595 e-grid e-con-full content-parallax-no e-con e-child\" data-id=\"27be595\" data-element_type=\"container\" data-e-type=\"container\">\n\t\t\t\t<div class=\"elementor-element elementor-element-cd172e3 elementor-widget elementor-widget-text-editor\" data-id=\"cd172e3\" data-element_type=\"widget\" data-e-type=\"widget\" data-widget_type=\"text-editor.default\">\n\t\t\t\t\t\t\t\t\t<p><strong>Enlaces de inter\u00e9s:<\/strong> <\/p><ul><li><a href=\"https:\/\/www.facebook.com\/PanaghiusaPH\">Facebook<\/a><\/li><li><a href=\"https:\/\/www.instagram.com\/PanaghiusaPH\">Instagram<\/a><\/li><li><a href=\"https:\/\/x.com\/PanaghiusaPH\">Twitter<\/a><\/li><li data-start=\"177\" data-end=\"214\"><p data-start=\"180\" data-end=\"214\"><a href=\"https:\/\/www.panaghiusa.com\/statements\">Explora casos y declaraciones<\/a><\/p><\/li><\/ul>\t\t\t\t\t\t\t\t<\/div>\n\t\t\t\t<\/div>\n\t\t\t\t<\/div>\n\t\t\t\t\t<\/div>\n\t\t\t\t<\/div>\n\t\t<div data-particle_enable=\"false\" data-particle-mobile-disabled=\"false\" class=\"elementor-element elementor-element-75d2753 e-flex e-con-boxed content-parallax-no e-con e-parent\" data-id=\"75d2753\" data-element_type=\"container\" data-e-type=\"container\">\n\t\t\t\t\t<div class=\"e-con-inner\">\n\t\t\t\t<div class=\"elementor-element elementor-element-ec65764 elementor-widget__width-initial elementor-widget elementor-widget-image\" data-id=\"ec65764\" data-element_type=\"widget\" data-e-type=\"widget\" data-widget_type=\"image.default\">\n\t\t\t\t\t\t\t\t\t\t\t\t\t\t\t<img decoding=\"async\" width=\"1140\" height=\"676\" src=\"https:\/\/iprights.org\/wp-content\/uploads\/2025\/11\/1569-1060-max-1170x694.jpg\" class=\"attachment-large size-large wp-image-84489\" alt=\"\" srcset=\"https:\/\/iprights.org\/wp-content\/uploads\/2025\/11\/1569-1060-max-1170x694.jpg 1170w, https:\/\/iprights.org\/wp-content\/uploads\/2025\/11\/1569-1060-max-768x456.jpg 768w\" sizes=\"(max-width: 1140px) 100vw, 1140px\" \/>\t\t\t\t\t\t\t\t\t\t\t\t\t\t\t<\/div>\n\t\t\t\t\t<\/div>\n\t\t\t\t<\/div>\n\t\t\t\t<\/div>\n\t\t","protected":false},"excerpt":{"rendered":"<p>Filipinas. Panaghiusa panaghiusa.com Unidos en fuerza, esp\u00edritu y resistencia Panaghiusa significa solidaridad, una unidad a trav\u00e9s de la cual celebramos las victorias de los Pueblos Ind\u00edgenas y resistimos los ataques que siguen sufriendo. Panaghiusa es una red de..<\/p>\n","protected":false},"author":1,"featured_media":0,"parent":0,"menu_order":0,"comment_status":"closed","ping_status":"closed","template":"","meta":{"footnotes":""},"class_list":["post-84632","page","type-page","status-publish","hentry"],"_links":{"self":[{"href":"https:\/\/iprights.org\/es\/wp-json\/wp\/v2\/pages\/84632","targetHints":{"allow":["GET"]}}],"collection":[{"href":"https:\/\/iprights.org\/es\/wp-json\/wp\/v2\/pages"}],"about":[{"href":"https:\/\/iprights.org\/es\/wp-json\/wp\/v2\/types\/page"}],"author":[{"embeddable":true,"href":"https:\/\/iprights.org\/es\/wp-json\/wp\/v2\/users\/1"}],"replies":[{"embeddable":true,"href":"https:\/\/iprights.org\/es\/wp-json\/wp\/v2\/comments?post=84632"}],"version-history":[{"count":1,"href":"https:\/\/iprights.org\/es\/wp-json\/wp\/v2\/pages\/84632\/revisions"}],"predecessor-version":[{"id":84635,"href":"https:\/\/iprights.org\/es\/wp-json\/wp\/v2\/pages\/84632\/revisions\/84635"}],"wp:attachment":[{"href":"https:\/\/iprights.org\/es\/wp-json\/wp\/v2\/media?parent=84632"}],"curies":[{"name":"wp","href":"https:\/\/api.w.org\/{rel}","templated":true}]}}