{"id":85171,"date":"2024-07-18T08:48:00","date_gmt":"2024-07-18T08:48:00","guid":{"rendered":"https:\/\/iprights.org\/noticias-y-declaraciones\/"},"modified":"2026-03-26T18:35:48","modified_gmt":"2026-03-26T18:35:48","slug":"noticias-y-declaraciones","status":"publish","type":"page","link":"https:\/\/iprights.org\/es\/noticias-y-declaraciones\/","title":{"rendered":"Noticias y Declaraciones"},"content":{"rendered":"\t\t<div data-elementor-type=\"wp-page\" data-elementor-id=\"85171\" class=\"elementor elementor-85171 elementor-76829\" data-elementor-post-type=\"page\">\n\t\t\t\t<div data-particle_enable=\"false\" data-particle-mobile-disabled=\"false\" class=\"elementor-element elementor-element-6271485d e-flex e-con-boxed content-parallax-no e-con e-parent\" data-id=\"6271485d\" data-element_type=\"container\" data-e-type=\"container\">\n\t\t\t\t\t<div class=\"e-con-inner\">\n\t\t<div data-particle_enable=\"false\" data-particle-mobile-disabled=\"false\" class=\"elementor-element elementor-element-1088a8a e-con-full e-flex content-parallax-no e-con e-child\" data-id=\"1088a8a\" data-element_type=\"container\" data-e-type=\"container\">\n\t\t\t\t<div class=\"elementor-element elementor-element-3c672101 elementor-widget elementor-widget-ceaposts\" data-id=\"3c672101\" data-element_type=\"widget\" data-e-type=\"widget\" data-widget_type=\"ceaposts.default\">\n\t\t\t\t\n\t\t<div class=\"elementor-widget-container blog-wrapper blog-style-default blog-light blog-normal-model\" >\n\t\t\n\t\t\t<div class=\"row\"><div class=\"col-lg-4 col-md-6 col-sm-12 cursor-hover-content\"  data-cursor=\"UNPFII 25 || Intervenci\u00f3n sobre el punto 5 d): Di\u00e1logo sobre derechos humanos con el Relator Especial sobre los derechos de los pueblos ind\u00edgenas y el EMRIP; examen anual de los avances en la aplicaci\u00f3n de la Recomendaci\u00f3n general n.\u00ba 39 (2022)\"><div class=\"blog-inner\"><div class=\"post-thumb post-overlay-active\"><a href=\"https:\/\/iprights.org\/es\/2026\/04\/22\/unpfii-25-intervencion-sobre-el-punto-5-d-dialogo-sobre-derechos-humanos-con-el-relator-especial-sobre-los-derechos-de-los-pueblos-indigenas-y-el-emrip-examen-anual-de-los-avances-en-la-aplicaci\/\" class=\"post-image-link\"><img decoding=\"async\" src=\"https:\/\/iprights.org\/wp-content\/uploads\/elementor\/thumbs\/WhatsApp-Image-2026-04-22-at-10.44.16-rme7gp3m5vc8mdurc6eghy0mmt4xtkln9ngjzgrd4w.jpeg\" title=\"WhatsApp Image 2026-04-22 at 10.44.16\" alt=\"\" class=\"img-fluid rounded\" \/><\/a><div class=\"post-overlay-items\"><div class=\"entry-title\"><h5 class=\"post-title-head\"><a href=\"https:\/\/iprights.org\/es\/2026\/04\/22\/unpfii-25-intervencion-sobre-el-punto-5-d-dialogo-sobre-derechos-humanos-con-el-relator-especial-sobre-los-derechos-de-los-pueblos-indigenas-y-el-emrip-examen-anual-de-los-avances-en-la-aplicaci\/\" class=\"post-title\">UNPFII 25 || Intervenci\u00f3n sobre el punto 5 d): Di\u00e1logo sobre derechos humanos con el Relator Especial sobre los derechos de los pueblos ind\u00edgenas y el EMRIP; examen anual de los avances en la aplicaci\u00f3n de la Recomendaci\u00f3n general n.\u00ba 39 (2022)<\/a><\/h5><\/div><!-- .entry-title --><div class=\"bottom-meta clearfix\"><ul class=\"nav bottom-meta-list meta-left\"><li><div class=\"post-more\"><a href=\"https:\/\/iprights.org\/es\/2026\/04\/22\/unpfii-25-intervencion-sobre-el-punto-5-d-dialogo-sobre-derechos-humanos-con-el-relator-especial-sobre-los-derechos-de-los-pueblos-indigenas-y-el-emrip-examen-anual-de-los-avances-en-la-aplicaci\/\" class=\"read-more elementor-button\">Sigue leyendo<\/a><\/div><\/li><\/ul><\/div><\/div><\/div><!-- .post-thumb --><div class=\"entry-title\"><h5 class=\"post-title-head\"><a href=\"https:\/\/iprights.org\/es\/2026\/04\/22\/unpfii-25-intervencion-sobre-el-punto-5-d-dialogo-sobre-derechos-humanos-con-el-relator-especial-sobre-los-derechos-de-los-pueblos-indigenas-y-el-emrip-examen-anual-de-los-avances-en-la-aplicaci\/\" class=\"post-title\">UNPFII 25 || Intervenci\u00f3n sobre el punto 5 d): Di\u00e1logo sobre derechos humanos con el Relator Especial sobre los derechos de los pueblos ind\u00edgenas y el EMRIP; examen anual de los avances en la aplicaci\u00f3n de la Recomendaci\u00f3n general n.\u00ba 39 (2022)<\/a><\/h5><\/div><!-- .entry-title --><div class=\"post-category\"><span class=\"before-icon fa fa-folder-o\"><\/span><a href=\"https:\/\/iprights.org\/es\/category\/declaraciones\/\">Declaraciones<\/a>,<a href=\"https:\/\/iprights.org\/es\/category\/noticias-y-eventos\/\">Noticias y Eventos<\/a>,<a href=\"https:\/\/iprights.org\/es\/category\/noticias-y-reportajes\/\">Noticias y reportajes<\/a><\/div><\/div><!-- .blog-inner --><\/div><!-- .col \/ .owl-carousel-item \/ .isotope --><div class=\"col-lg-4 col-md-6 col-sm-12 cursor-hover-content\"  data-cursor=\"Obst\u00e1culos para lograr una transici\u00f3n justa hacia la eliminaci\u00f3n de los combustibles f\u00f3siles. Propuesta a la Primera Conferencia Internacional sobre la Transici\u00f3n para Abandonar los Combustibles F\u00f3siles\"><div class=\"blog-inner\"><div class=\"post-thumb post-overlay-active\"><a href=\"https:\/\/iprights.org\/es\/2026\/04\/21\/obstaculos-para-lograr-una-transicion-justa-hacia-la-eliminacion-de-los-combustibles-fosiles-propuesta-a-la-primera-conferencia-internacional-sobre-la-transicion-para-abandonar-los-combustibles-fosil\/\" class=\"post-image-link\"><img decoding=\"async\" src=\"https:\/\/iprights.org\/wp-content\/uploads\/elementor\/thumbs\/cop30_conference_announcement_1_54966184180_o.jpg-rmcrml4jxqrx3yhf41hktcne90yha59t19glg9ns5c.webp\" title=\"cop30_conference_announcement_1_54966184180_o.jpg\" alt=\"\" class=\"img-fluid rounded img-fluid rounded\" \/><\/a><div class=\"post-overlay-items\"><div class=\"entry-title\"><h5 class=\"post-title-head\"><a href=\"https:\/\/iprights.org\/es\/2026\/04\/21\/obstaculos-para-lograr-una-transicion-justa-hacia-la-eliminacion-de-los-combustibles-fosiles-propuesta-a-la-primera-conferencia-internacional-sobre-la-transicion-para-abandonar-los-combustibles-fosil\/\" class=\"post-title\">Obst\u00e1culos para lograr una transici\u00f3n justa hacia la eliminaci\u00f3n de los combustibles f\u00f3siles. Propuesta a la Primera Conferencia Internacional sobre la Transici\u00f3n para Abandonar los Combustibles F\u00f3siles<\/a><\/h5><\/div><!-- .entry-title --><div class=\"bottom-meta clearfix\"><ul class=\"nav bottom-meta-list meta-left\"><li><div class=\"post-more\"><a href=\"https:\/\/iprights.org\/es\/2026\/04\/21\/obstaculos-para-lograr-una-transicion-justa-hacia-la-eliminacion-de-los-combustibles-fosiles-propuesta-a-la-primera-conferencia-internacional-sobre-la-transicion-para-abandonar-los-combustibles-fosil\/\" class=\"read-more elementor-button\">Sigue leyendo<\/a><\/div><\/li><\/ul><\/div><\/div><\/div><!-- .post-thumb --><div class=\"entry-title\"><h5 class=\"post-title-head\"><a href=\"https:\/\/iprights.org\/es\/2026\/04\/21\/obstaculos-para-lograr-una-transicion-justa-hacia-la-eliminacion-de-los-combustibles-fosiles-propuesta-a-la-primera-conferencia-internacional-sobre-la-transicion-para-abandonar-los-combustibles-fosil\/\" class=\"post-title\">Obst\u00e1culos para lograr una transici\u00f3n justa hacia la eliminaci\u00f3n de los combustibles f\u00f3siles. Propuesta a la Primera Conferencia Internacional sobre la Transici\u00f3n para Abandonar los Combustibles F\u00f3siles<\/a><\/h5><\/div><!-- .entry-title --><div class=\"post-category\"><span class=\"before-icon fa fa-folder-o\"><\/span><a href=\"https:\/\/iprights.org\/es\/category\/declaraciones\/\">Declaraciones<\/a>,<a href=\"https:\/\/iprights.org\/es\/category\/medio-ambiente-y-derechos-humanos\/\">Medio ambiente y derechos humanos<\/a>,<a href=\"https:\/\/iprights.org\/es\/category\/noticias-y-eventos\/\">Noticias y Eventos<\/a>,<a href=\"https:\/\/iprights.org\/es\/category\/noticias-y-reportajes\/\">Noticias y reportajes<\/a><\/div><\/div><!-- .blog-inner --><\/div><!-- .col \/ .owl-carousel-item \/ .isotope --><div class=\"col-lg-4 col-md-6 col-sm-12 cursor-hover-content\"  data-cursor=\"UNPFII 25 || Intervenci\u00f3n sobre el punto 5 E del orden del d\u00eda: Los pueblos ind\u00edgenas y el cambio clim\u00e1tico.\"><div class=\"blog-inner\"><div class=\"post-thumb post-overlay-active\"><a href=\"https:\/\/iprights.org\/es\/2026\/04\/20\/unpfii-25-intervencion-sobre-el-punto-5-e-del-orden-del-dia-los-pueblos-indigenas-y-el-cambio-climatico\/\" class=\"post-image-link\"><img decoding=\"async\" src=\"https:\/\/iprights.org\/wp-content\/uploads\/elementor\/thumbs\/WhatsApp-Image-2026-04-20-at-14.47.21-rmawfq66qxje8m0gjz4pv8py457kadke50nh9a4m68.jpeg\" title=\"WhatsApp Image 2026-04-20 at 14.47.21\" alt=\"\" class=\"img-fluid rounded img-fluid rounded img-fluid rounded\" \/><\/a><div class=\"post-overlay-items\"><div class=\"entry-title\"><h5 class=\"post-title-head\"><a href=\"https:\/\/iprights.org\/es\/2026\/04\/20\/unpfii-25-intervencion-sobre-el-punto-5-e-del-orden-del-dia-los-pueblos-indigenas-y-el-cambio-climatico\/\" class=\"post-title\">UNPFII 25 || Intervenci\u00f3n sobre el punto 5 E del orden del d\u00eda: Los pueblos ind\u00edgenas y el cambio clim\u00e1tico.<\/a><\/h5><\/div><!-- .entry-title --><div class=\"bottom-meta clearfix\"><ul class=\"nav bottom-meta-list meta-left\"><li><div class=\"post-more\"><a href=\"https:\/\/iprights.org\/es\/2026\/04\/20\/unpfii-25-intervencion-sobre-el-punto-5-e-del-orden-del-dia-los-pueblos-indigenas-y-el-cambio-climatico\/\" class=\"read-more elementor-button\">Sigue leyendo<\/a><\/div><\/li><\/ul><\/div><\/div><\/div><!-- .post-thumb --><div class=\"entry-title\"><h5 class=\"post-title-head\"><a href=\"https:\/\/iprights.org\/es\/2026\/04\/20\/unpfii-25-intervencion-sobre-el-punto-5-e-del-orden-del-dia-los-pueblos-indigenas-y-el-cambio-climatico\/\" class=\"post-title\">UNPFII 25 || Intervenci\u00f3n sobre el punto 5 E del orden del d\u00eda: Los pueblos ind\u00edgenas y el cambio clim\u00e1tico.<\/a><\/h5><\/div><!-- .entry-title --><div class=\"post-category\"><span class=\"before-icon fa fa-folder-o\"><\/span><a href=\"https:\/\/iprights.org\/es\/category\/declaraciones\/\">Declaraciones<\/a>,<a href=\"https:\/\/iprights.org\/es\/category\/noticias-y-eventos\/\">Noticias y Eventos<\/a>,<a href=\"https:\/\/iprights.org\/es\/category\/noticias-y-reportajes\/\">Noticias y reportajes<\/a><\/div><\/div><!-- .blog-inner --><\/div><!-- .col \/ .owl-carousel-item \/ .isotope --><div class=\"col-lg-4 col-md-6 col-sm-12 cursor-hover-content\"  data-cursor=\"Paraguay: castigo a los ayoreo por defender sus bosques en medio de la crisis clim\u00e1tica\"><div class=\"blog-inner\"><div class=\"post-thumb post-overlay-active\"><a href=\"https:\/\/iprights.org\/es\/2026\/04\/09\/paraguay-castigo-a-los-ayoreo-por-defender-sus-bosques-en-medio-de-la-crisis-climatica\/\" class=\"post-image-link\"><img decoding=\"async\" src=\"https:\/\/iprights.org\/wp-content\/uploads\/elementor\/thumbs\/WhatsApp-Image-2025-12-19-at-09.30.28-e1775758353737-rlrjumokpivt4hw86rgizuyyah11gg8a0wufii6tz4.jpeg\" title=\"WhatsApp Image 2025-12-19 at 09.30.28\" alt=\"\" class=\"img-fluid rounded img-fluid rounded img-fluid rounded img-fluid rounded\" \/><\/a><div class=\"post-overlay-items\"><div class=\"entry-title\"><h5 class=\"post-title-head\"><a href=\"https:\/\/iprights.org\/es\/2026\/04\/09\/paraguay-castigo-a-los-ayoreo-por-defender-sus-bosques-en-medio-de-la-crisis-climatica\/\" class=\"post-title\">Paraguay: castigo a los ayoreo por defender sus bosques en medio de la crisis clim\u00e1tica<\/a><\/h5><\/div><!-- .entry-title --><div class=\"bottom-meta clearfix\"><ul class=\"nav bottom-meta-list meta-left\"><li><div class=\"post-more\"><a href=\"https:\/\/iprights.org\/es\/2026\/04\/09\/paraguay-castigo-a-los-ayoreo-por-defender-sus-bosques-en-medio-de-la-crisis-climatica\/\" class=\"read-more elementor-button\">Sigue leyendo<\/a><\/div><\/li><\/ul><\/div><\/div><\/div><!-- .post-thumb --><div class=\"entry-title\"><h5 class=\"post-title-head\"><a href=\"https:\/\/iprights.org\/es\/2026\/04\/09\/paraguay-castigo-a-los-ayoreo-por-defender-sus-bosques-en-medio-de-la-crisis-climatica\/\" class=\"post-title\">Paraguay: castigo a los ayoreo por defender sus bosques en medio de la crisis clim\u00e1tica<\/a><\/h5><\/div><!-- .entry-title --><div class=\"post-category\"><span class=\"before-icon fa fa-folder-o\"><\/span><a href=\"https:\/\/iprights.org\/es\/category\/legal-and-sanctuary-fund\/\">Legal and Sanctuary Fund<\/a>,<a href=\"https:\/\/iprights.org\/es\/category\/noticias-y-reportajes\/\">Noticias y reportajes<\/a><\/div><\/div><!-- .blog-inner --><\/div><!-- .col \/ .owl-carousel-item \/ .isotope --><div class=\"col-lg-4 col-md-6 col-sm-12 cursor-hover-content\"  data-cursor=\"Ocho a\u00f1os de detenci\u00f3n arbitraria: Exigimos la liberaci\u00f3n inmediata de los presos ind\u00edgenas en Filipinas.\"><div class=\"blog-inner\"><div class=\"post-thumb post-overlay-active\"><a href=\"https:\/\/iprights.org\/es\/2026\/03\/19\/ocho-anos-de-detencion-arbitraria-exigimos-la-liberacion-inmediata-de-los-presos-indigenas-en-filipinas\/\" class=\"post-image-link\"><img decoding=\"async\" src=\"https:\/\/iprights.org\/wp-content\/uploads\/elementor\/thumbs\/Captura-de-pantalla-2026-03-10-a-las-1.59.33-p.m.-1-rkr1aeckvzktjyzcglpx7yqzvs54aqb7jpphdmas74.png\" title=\"Captura de pantalla 2026-03-10 a la(s) 1.59.33\u202fp.m. (1)\" alt=\"\" class=\"img-fluid rounded img-fluid rounded img-fluid rounded img-fluid rounded img-fluid rounded\" \/><\/a><div class=\"post-overlay-items\"><div class=\"entry-title\"><h5 class=\"post-title-head\"><a href=\"https:\/\/iprights.org\/es\/2026\/03\/19\/ocho-anos-de-detencion-arbitraria-exigimos-la-liberacion-inmediata-de-los-presos-indigenas-en-filipinas\/\" class=\"post-title\">Ocho a\u00f1os de detenci\u00f3n arbitraria: Exigimos la liberaci\u00f3n inmediata de los presos ind\u00edgenas en Filipinas.<\/a><\/h5><\/div><!-- .entry-title --><div class=\"bottom-meta clearfix\"><ul class=\"nav bottom-meta-list meta-left\"><li><div class=\"post-more\"><a href=\"https:\/\/iprights.org\/es\/2026\/03\/19\/ocho-anos-de-detencion-arbitraria-exigimos-la-liberacion-inmediata-de-los-presos-indigenas-en-filipinas\/\" class=\"read-more elementor-button\">Sigue leyendo<\/a><\/div><\/li><\/ul><\/div><\/div><\/div><!-- .post-thumb --><div class=\"entry-title\"><h5 class=\"post-title-head\"><a href=\"https:\/\/iprights.org\/es\/2026\/03\/19\/ocho-anos-de-detencion-arbitraria-exigimos-la-liberacion-inmediata-de-los-presos-indigenas-en-filipinas\/\" class=\"post-title\">Ocho a\u00f1os de detenci\u00f3n arbitraria: Exigimos la liberaci\u00f3n inmediata de los presos ind\u00edgenas en Filipinas.<\/a><\/h5><\/div><!-- .entry-title --><div class=\"post-category\"><span class=\"before-icon fa fa-folder-o\"><\/span><a href=\"https:\/\/iprights.org\/es\/category\/noticias-y-reportajes\/\">Noticias y reportajes<\/a><\/div><\/div><!-- .blog-inner --><\/div><!-- .col \/ .owl-carousel-item \/ .isotope --><div class=\"col-lg-4 col-md-6 col-sm-12 cursor-hover-content\"  data-cursor=\"Pueblo Je&#8217;eruriwa: la lucha por el pleno reconocimiento y el derecho a la tierra a pesar del desplazamiento forzado en Colombia\"><div class=\"blog-inner\"><div class=\"post-thumb post-overlay-active\"><a href=\"https:\/\/iprights.org\/es\/2026\/03\/19\/pueblo-jeeruriwa-la-lucha-por-el-pleno-reconocimiento-y-el-derecho-a-la-tierra-a-pesar-del-desplazamiento-forzado-en-colombia\/\" class=\"post-image-link\"><img decoding=\"async\" src=\"https:\/\/iprights.org\/wp-content\/uploads\/elementor\/thumbs\/2048-1365-max-2.jpg-rkqyw3rzgjg5oqbtcsvxt8oklbh0n2qc0llqa48xfk.jpeg\" title=\"2048-1365-max-2.jpg\" alt=\"\" class=\"img-fluid rounded img-fluid rounded img-fluid rounded img-fluid rounded img-fluid rounded img-fluid rounded\" \/><\/a><div class=\"post-overlay-items\"><div class=\"entry-title\"><h5 class=\"post-title-head\"><a href=\"https:\/\/iprights.org\/es\/2026\/03\/19\/pueblo-jeeruriwa-la-lucha-por-el-pleno-reconocimiento-y-el-derecho-a-la-tierra-a-pesar-del-desplazamiento-forzado-en-colombia\/\" class=\"post-title\">Pueblo Je&#8217;eruriwa: la lucha por el pleno reconocimiento y el derecho a la tierra a pesar del desplazamiento forzado en Colombia<\/a><\/h5><\/div><!-- .entry-title --><div class=\"bottom-meta clearfix\"><ul class=\"nav bottom-meta-list meta-left\"><li><div class=\"post-more\"><a href=\"https:\/\/iprights.org\/es\/2026\/03\/19\/pueblo-jeeruriwa-la-lucha-por-el-pleno-reconocimiento-y-el-derecho-a-la-tierra-a-pesar-del-desplazamiento-forzado-en-colombia\/\" class=\"read-more elementor-button\">Sigue leyendo<\/a><\/div><\/li><\/ul><\/div><\/div><\/div><!-- .post-thumb --><div class=\"entry-title\"><h5 class=\"post-title-head\"><a href=\"https:\/\/iprights.org\/es\/2026\/03\/19\/pueblo-jeeruriwa-la-lucha-por-el-pleno-reconocimiento-y-el-derecho-a-la-tierra-a-pesar-del-desplazamiento-forzado-en-colombia\/\" class=\"post-title\">Pueblo Je&#8217;eruriwa: la lucha por el pleno reconocimiento y el derecho a la tierra a pesar del desplazamiento forzado en Colombia<\/a><\/h5><\/div><!-- .entry-title --><div class=\"post-category\"><span class=\"before-icon fa fa-folder-o\"><\/span><a href=\"https:\/\/iprights.org\/es\/category\/noticias-y-reportajes\/\">Noticias y reportajes<\/a><\/div><\/div><!-- .blog-inner --><\/div><!-- .col \/ .owl-carousel-item \/ .isotope --><div class=\"col-lg-4 col-md-6 col-sm-12 cursor-hover-content\"  data-cursor=\"Ganaron en los tribunales, pero siguen siendo desalojados: la lucha de los Ogiek por la justicia en Kenia\"><div class=\"blog-inner\"><div class=\"post-thumb post-overlay-active\"><a href=\"https:\/\/iprights.org\/es\/2026\/03\/19\/este-es-el-titulo-correcto\/\" class=\"post-image-link\"><img decoding=\"async\" src=\"https:\/\/iprights.org\/wp-content\/uploads\/elementor\/thumbs\/WhatsApp-Image-2026-03-18-at-8.34.43-PM-rkqxvhy9atc5jfi13z8zph8br3wevfenneyzg6ivr4.jpeg\" title=\"Imagen de WhatsApp 2026-03-18 a las 20.34.43\" alt=\"\" class=\"img-fluid rounded img-fluid rounded img-fluid rounded img-fluid rounded img-fluid rounded img-fluid rounded img-fluid rounded\" \/><\/a><div class=\"post-overlay-items\"><div class=\"entry-title\"><h5 class=\"post-title-head\"><a href=\"https:\/\/iprights.org\/es\/2026\/03\/19\/este-es-el-titulo-correcto\/\" class=\"post-title\">Ganaron en los tribunales, pero siguen siendo desalojados: la lucha de los Ogiek por la justicia en Kenia<\/a><\/h5><\/div><!-- .entry-title --><div class=\"bottom-meta clearfix\"><ul class=\"nav bottom-meta-list meta-left\"><li><div class=\"post-more\"><a href=\"https:\/\/iprights.org\/es\/2026\/03\/19\/este-es-el-titulo-correcto\/\" class=\"read-more elementor-button\">Sigue leyendo<\/a><\/div><\/li><\/ul><\/div><\/div><\/div><!-- .post-thumb --><div class=\"entry-title\"><h5 class=\"post-title-head\"><a href=\"https:\/\/iprights.org\/es\/2026\/03\/19\/este-es-el-titulo-correcto\/\" class=\"post-title\">Ganaron en los tribunales, pero siguen siendo desalojados: la lucha de los Ogiek por la justicia en Kenia<\/a><\/h5><\/div><!-- .entry-title --><div class=\"post-category\"><span class=\"before-icon fa fa-folder-o\"><\/span><a href=\"https:\/\/iprights.org\/es\/category\/noticias-y-reportajes\/\">Noticias y reportajes<\/a><\/div><\/div><!-- .blog-inner --><\/div><!-- .col \/ .owl-carousel-item \/ .isotope --><div class=\"col-lg-4 col-md-6 col-sm-12 cursor-hover-content\"  data-cursor=\"Cuatro a\u00f1os detenida por defender a su pueblo en Filipinas\"><div class=\"blog-inner\"><div class=\"post-thumb post-overlay-active\"><a href=\"https:\/\/iprights.org\/es\/2026\/03\/06\/cuatro-anos-detenida-por-defender-a-su-pueblo-en-filipinas\/\" class=\"post-image-link\"><img decoding=\"async\" src=\"https:\/\/iprights.org\/wp-content\/uploads\/elementor\/thumbs\/Katribu-Youth.jpg-1-rk4l0kc8n0u5rv7idekgn7a36tnrqixfyt55kvy3wg.jpeg\" title=\"Katribu Juventud.jpg (1)\" alt=\"\" class=\"img-fluid rounded img-fluid rounded img-fluid rounded img-fluid rounded img-fluid rounded img-fluid rounded img-fluid rounded img-fluid rounded\" \/><\/a><div class=\"post-overlay-items\"><div class=\"entry-title\"><h5 class=\"post-title-head\"><a href=\"https:\/\/iprights.org\/es\/2026\/03\/06\/cuatro-anos-detenida-por-defender-a-su-pueblo-en-filipinas\/\" class=\"post-title\">Cuatro a\u00f1os detenida por defender a su pueblo en Filipinas<\/a><\/h5><\/div><!-- .entry-title --><div class=\"bottom-meta clearfix\"><ul class=\"nav bottom-meta-list meta-left\"><li><div class=\"post-more\"><a href=\"https:\/\/iprights.org\/es\/2026\/03\/06\/cuatro-anos-detenida-por-defender-a-su-pueblo-en-filipinas\/\" class=\"read-more elementor-button\">Sigue leyendo<\/a><\/div><\/li><\/ul><\/div><\/div><\/div><!-- .post-thumb --><div class=\"entry-title\"><h5 class=\"post-title-head\"><a href=\"https:\/\/iprights.org\/es\/2026\/03\/06\/cuatro-anos-detenida-por-defender-a-su-pueblo-en-filipinas\/\" class=\"post-title\">Cuatro a\u00f1os detenida por defender a su pueblo en Filipinas<\/a><\/h5><\/div><!-- .entry-title --><div class=\"post-category\"><span class=\"before-icon fa fa-folder-o\"><\/span><a href=\"https:\/\/iprights.org\/es\/category\/noticias-y-reportajes\/\">Noticias y reportajes<\/a><\/div><\/div><!-- .blog-inner --><\/div><!-- .col \/ .owl-carousel-item \/ .isotope --><div class=\"col-lg-4 col-md-6 col-sm-12 cursor-hover-content\"  data-cursor=\"En una sentencia hist\u00f3rica para la comunidad mazateca de Eloxochitl\u00e1n, Oaxaca, el Tribunal Federal confirma la inocencia de Miguel Peralta de todas las acusaciones y determina la inexistencia de un delito clave.\"><div class=\"blog-inner\"><div class=\"post-thumb post-overlay-active\"><a href=\"https:\/\/iprights.org\/es\/2026\/03\/03\/en-una-sentencia-historica-para-la-comunidad-mazateca-de-eloxochitlan-oaxaca-el-tribunal-federal-confirma-la-inocencia-de-miguel-peralta-de-todas-las-acusaciones-y-determina-la-inexistencia-de-un-de\/\" class=\"post-image-link\"><img decoding=\"async\" src=\"https:\/\/iprights.org\/wp-content\/uploads\/elementor\/thumbs\/WhatsApp-Image-2026-03-02-at-1.43.31-PM-rjxpjj7ebr1moi2nuxd4dv5fef54uzow3744jzggn4.jpeg\" title=\"Imagen de WhatsApp 2026-03-02 a las 13.43.31\" alt=\"\" class=\"img-fluid rounded img-fluid rounded img-fluid rounded img-fluid rounded img-fluid rounded img-fluid rounded img-fluid rounded img-fluid rounded img-fluid rounded\" \/><\/a><div class=\"post-overlay-items\"><div class=\"entry-title\"><h5 class=\"post-title-head\"><a href=\"https:\/\/iprights.org\/es\/2026\/03\/03\/en-una-sentencia-historica-para-la-comunidad-mazateca-de-eloxochitlan-oaxaca-el-tribunal-federal-confirma-la-inocencia-de-miguel-peralta-de-todas-las-acusaciones-y-determina-la-inexistencia-de-un-de\/\" class=\"post-title\">En una sentencia hist\u00f3rica para la comunidad mazateca de Eloxochitl\u00e1n, Oaxaca, el Tribunal Federal confirma la inocencia de Miguel Peralta de todas las acusaciones y determina la inexistencia de un delito clave.<\/a><\/h5><\/div><!-- .entry-title --><div class=\"bottom-meta clearfix\"><ul class=\"nav bottom-meta-list meta-left\"><li><div class=\"post-more\"><a href=\"https:\/\/iprights.org\/es\/2026\/03\/03\/en-una-sentencia-historica-para-la-comunidad-mazateca-de-eloxochitlan-oaxaca-el-tribunal-federal-confirma-la-inocencia-de-miguel-peralta-de-todas-las-acusaciones-y-determina-la-inexistencia-de-un-de\/\" class=\"read-more elementor-button\">Sigue leyendo<\/a><\/div><\/li><\/ul><\/div><\/div><\/div><!-- .post-thumb --><div class=\"entry-title\"><h5 class=\"post-title-head\"><a href=\"https:\/\/iprights.org\/es\/2026\/03\/03\/en-una-sentencia-historica-para-la-comunidad-mazateca-de-eloxochitlan-oaxaca-el-tribunal-federal-confirma-la-inocencia-de-miguel-peralta-de-todas-las-acusaciones-y-determina-la-inexistencia-de-un-de\/\" class=\"post-title\">En una sentencia hist\u00f3rica para la comunidad mazateca de Eloxochitl\u00e1n, Oaxaca, el Tribunal Federal confirma la inocencia de Miguel Peralta de todas las acusaciones y determina la inexistencia de un delito clave.<\/a><\/h5><\/div><!-- .entry-title --><div class=\"post-category\"><span class=\"before-icon fa fa-folder-o\"><\/span><a href=\"https:\/\/iprights.org\/es\/category\/noticias-y-reportajes\/\">Noticias y reportajes<\/a><\/div><\/div><!-- .blog-inner --><\/div><!-- .col \/ .owl-carousel-item \/ .isotope --><div class=\"post-pagination-wrap\"><ul class=\"nav pagination post-pagination justify-content-center\"><li class=\"nav-item active\"><span class=\"active\">01<\/span><\/li><li class=\"nav-item\"><a href=\"https:\/\/iprights.org\/es\/wp-json\/wp\/v2\/pages\/85171\/page\/2\/\">02<\/a><\/li><li class=\"nav-item\"><a href=\"https:\/\/iprights.org\/es\/wp-json\/wp\/v2\/pages\/85171\/page\/3\/\">03<\/a><\/li><li class=\"nav-item\"><a href=\"https:\/\/iprights.org\/es\/wp-json\/wp\/v2\/pages\/85171\/page\/4\/\">04<\/a><\/li><li class=\"nav-item\"><a href=\"https:\/\/iprights.org\/es\/wp-json\/wp\/v2\/pages\/85171\/page\/2\/\" class=\"next-page\" title=\"next\">Next<\/a><\/li><li class=\"nav-item next\"><a href=\"https:\/\/iprights.org\/es\/wp-json\/wp\/v2\/pages\/85171\/page\/17\/\" title=\"Last\">Last<\/a><\/li><\/ul><\/div><\/div><!-- .row -->\t\t\t\n\t\t<\/div>\n\t\t\t\t<\/div>\n\t\t\t\t<\/div>\n\t\t\t\t\t<\/div>\n\t\t\t\t<\/div>\n\t\t\t\t<\/div>\n\t\t","protected":false},"excerpt":{"rendered":"<p>Ocho a\u00f1os de detenci\u00f3n arbitraria: exigimos la liberaci\u00f3n inmediata de los presos ind\u00edgenas en Filipinas..<\/p>\n","protected":false},"author":1,"featured_media":0,"parent":0,"menu_order":0,"comment_status":"closed","ping_status":"closed","template":"","meta":{"footnotes":""},"class_list":["post-85171","page","type-page","status-publish","hentry"],"_links":{"self":[{"href":"https:\/\/iprights.org\/es\/wp-json\/wp\/v2\/pages\/85171","targetHints":{"allow":["GET"]}}],"collection":[{"href":"https:\/\/iprights.org\/es\/wp-json\/wp\/v2\/pages"}],"about":[{"href":"https:\/\/iprights.org\/es\/wp-json\/wp\/v2\/types\/page"}],"author":[{"embeddable":true,"href":"https:\/\/iprights.org\/es\/wp-json\/wp\/v2\/users\/1"}],"replies":[{"embeddable":true,"href":"https:\/\/iprights.org\/es\/wp-json\/wp\/v2\/comments?post=85171"}],"version-history":[{"count":1,"href":"https:\/\/iprights.org\/es\/wp-json\/wp\/v2\/pages\/85171\/revisions"}],"predecessor-version":[{"id":85172,"href":"https:\/\/iprights.org\/es\/wp-json\/wp\/v2\/pages\/85171\/revisions\/85172"}],"wp:attachment":[{"href":"https:\/\/iprights.org\/es\/wp-json\/wp\/v2\/media?parent=85171"}],"curies":[{"name":"wp","href":"https:\/\/api.w.org\/{rel}","templated":true}]}}