{"id":85875,"date":"2026-04-15T18:20:54","date_gmt":"2026-04-15T18:20:54","guid":{"rendered":"https:\/\/iprights.org\/?page_id=85875"},"modified":"2026-04-16T23:22:52","modified_gmt":"2026-04-16T23:22:52","slug":"eventos","status":"publish","type":"page","link":"https:\/\/iprights.org\/es\/eventos\/","title":{"rendered":"Eventos"},"content":{"rendered":"\t\t<div data-elementor-type=\"wp-page\" data-elementor-id=\"85875\" class=\"elementor elementor-85875 elementor-85693\" data-elementor-post-type=\"page\">\n\t\t\t\t<div data-particle_enable=\"false\" data-particle-mobile-disabled=\"false\" class=\"elementor-element elementor-element-ee3afae e-flex e-con-boxed content-parallax-no e-con e-parent\" data-id=\"ee3afae\" data-element_type=\"container\" data-e-type=\"container\">\n\t\t\t\t\t<div class=\"e-con-inner\">\n\t\t\t\t<div class=\"elementor-element elementor-element-13681f6 elementor-widget elementor-widget-spacer\" data-id=\"13681f6\" data-element_type=\"widget\" data-e-type=\"widget\" data-widget_type=\"spacer.default\">\n\t\t\t\t\t\t\t<div class=\"elementor-spacer\">\n\t\t\t<div class=\"elementor-spacer-inner\"><\/div>\n\t\t<\/div>\n\t\t\t\t\t\t<\/div>\n\t\t\t\t\t<\/div>\n\t\t\t\t<\/div>\n\t\t<div data-particle_enable=\"false\" data-particle-mobile-disabled=\"false\" class=\"elementor-element elementor-element-6271485d e-flex e-con-boxed content-parallax-no elementor-invisible e-con e-parent\" data-id=\"6271485d\" data-element_type=\"container\" data-e-type=\"container\" data-settings=\"{&quot;animation&quot;:&quot;fadeInRight&quot;}\">\n\t\t\t\t\t<div class=\"e-con-inner\">\n\t\t<div data-particle_enable=\"false\" data-particle-mobile-disabled=\"false\" class=\"elementor-element elementor-element-1088a8a e-con-full e-flex content-parallax-no e-con e-child\" data-id=\"1088a8a\" data-element_type=\"container\" data-e-type=\"container\">\n\t\t\t\t<div class=\"elementor-element elementor-element-3c672101 elementor-widget elementor-widget-ceaposts\" data-id=\"3c672101\" data-element_type=\"widget\" data-e-type=\"widget\" data-widget_type=\"ceaposts.default\">\n\t\t\t\t\n\t\t<div class=\"elementor-widget-container blog-wrapper blog-style-classic-pro blog-light blog-normal-model\" >\n\t\t\n\t\t\t<div class=\"row\"><div class=\"col-lg-4 col-md-6 col-sm-12\" ><div class=\"blog-inner\"><div class=\"post-thumb post-overlay-active\"><a href=\"https:\/\/iprights.org\/es\/2026\/04\/15\/derechos-sobre-la-tierra-para-mejores-resultados-en-materia-de-conservacion\/\" class=\"post-image-link\"><img decoding=\"async\" src=\"https:\/\/iprights.org\/wp-content\/uploads\/2026\/04\/Captura-de-pantalla-2026-04-15-a-las-12.40.27-p.m.png\" title=\"Captura de pantalla 2026-04-15 a las 12.40.27 p.m.\" alt=\"\" class=\"img-fluid squared\" \/><\/a><div class=\"post-overlay-items\"><div class=\"entry-title\"><h6 class=\"post-title-head\"><a href=\"https:\/\/iprights.org\/es\/2026\/04\/15\/derechos-sobre-la-tierra-para-mejores-resultados-en-materia-de-conservacion\/\" class=\"post-title\">Derechos sobre la tierra para mejores resultados en materia de conservaci\u00f3n<\/a><\/h6><\/div><!-- .entry-title --><div class=\"bottom-meta clearfix\"><ul class=\"nav bottom-meta-list meta-left\"><li><div class=\"post-more\"><a href=\"https:\/\/iprights.org\/es\/2026\/04\/15\/derechos-sobre-la-tierra-para-mejores-resultados-en-materia-de-conservacion\/\" class=\"read-more elementor-button\">Read More<\/a><\/div><\/li><\/ul><\/div><\/div><\/div><!-- .post-thumb --><div class=\"post-details-outer\"><div class=\"entry-title\"><h6 class=\"post-title-head\"><a href=\"https:\/\/iprights.org\/es\/2026\/04\/15\/derechos-sobre-la-tierra-para-mejores-resultados-en-materia-de-conservacion\/\" class=\"post-title\">Derechos sobre la tierra para mejores resultados en materia de conservaci\u00f3n<\/a><\/h6><\/div><!-- .entry-title --><\/div><!-- .post-details-outer --><\/div><!-- .blog-inner --><\/div><!-- .col \/ .owl-carousel-item \/ .isotope --><div class=\"col-lg-4 col-md-6 col-sm-12\" ><div class=\"blog-inner\"><div class=\"post-thumb post-overlay-active\"><a href=\"https:\/\/iprights.org\/es\/2026\/04\/15\/aumento-de-los-conflictos-por-la-tierra-tierras-indigenas-en-la-mira\/\" class=\"post-image-link\"><img decoding=\"async\" src=\"https:\/\/iprights.org\/wp-content\/uploads\/2026\/04\/Captura-de-pantalla-2026-04-15-a-las-12.40.49-p.m.png\" title=\"Captura de pantalla 2026-04-15 a las 12.40.49 p.m.\" alt=\"\" class=\"img-fluid squared img-fluid squared\" \/><\/a><div class=\"post-overlay-items\"><div class=\"entry-title\"><h6 class=\"post-title-head\"><a href=\"https:\/\/iprights.org\/es\/2026\/04\/15\/aumento-de-los-conflictos-por-la-tierra-tierras-indigenas-en-la-mira\/\" class=\"post-title\">Aumento de los conflictos por la tierra: tierras ind\u00edgenas en la mira<\/a><\/h6><\/div><!-- .entry-title --><div class=\"bottom-meta clearfix\"><ul class=\"nav bottom-meta-list meta-left\"><li><div class=\"post-more\"><a href=\"https:\/\/iprights.org\/es\/2026\/04\/15\/aumento-de-los-conflictos-por-la-tierra-tierras-indigenas-en-la-mira\/\" class=\"read-more elementor-button\">Read More<\/a><\/div><\/li><\/ul><\/div><\/div><\/div><!-- .post-thumb --><div class=\"post-details-outer\"><div class=\"entry-title\"><h6 class=\"post-title-head\"><a href=\"https:\/\/iprights.org\/es\/2026\/04\/15\/aumento-de-los-conflictos-por-la-tierra-tierras-indigenas-en-la-mira\/\" class=\"post-title\">Aumento de los conflictos por la tierra: tierras ind\u00edgenas en la mira<\/a><\/h6><\/div><!-- .entry-title --><\/div><!-- .post-details-outer --><\/div><!-- .blog-inner --><\/div><!-- .col \/ .owl-carousel-item \/ .isotope --><div class=\"col-lg-4 col-md-6 col-sm-12\" ><div class=\"blog-inner\"><div class=\"post-thumb post-overlay-active\"><a href=\"https:\/\/iprights.org\/es\/2025\/07\/14\/acto-paralelo-25-anos-de-formacion-en-derechos-humanos-para-los-pueblos-indigenas-reflexiones-y-futuros\/\" class=\"post-image-link\"><img decoding=\"async\" src=\"https:\/\/iprights.org\/wp-content\/uploads\/2025\/07\/reflections-and-future.jpg\" title=\"reflections-and-future\" alt=\"\" class=\"img-fluid squared img-fluid squared img-fluid squared\" \/><\/a><div class=\"post-overlay-items\"><div class=\"entry-title\"><h6 class=\"post-title-head\"><a href=\"https:\/\/iprights.org\/es\/2025\/07\/14\/acto-paralelo-25-anos-de-formacion-en-derechos-humanos-para-los-pueblos-indigenas-reflexiones-y-futuros\/\" class=\"post-title\">Acto paralelo: 25 A\u00f1os de Formaci\u00f3n en Derechos Humanos para los Pueblos Ind\u00edgenas: Reflexiones y Futuros<\/a><\/h6><\/div><!-- .entry-title --><div class=\"bottom-meta clearfix\"><ul class=\"nav bottom-meta-list meta-left\"><li><div class=\"post-more\"><a href=\"https:\/\/iprights.org\/es\/2025\/07\/14\/acto-paralelo-25-anos-de-formacion-en-derechos-humanos-para-los-pueblos-indigenas-reflexiones-y-futuros\/\" class=\"read-more elementor-button\">Read More<\/a><\/div><\/li><\/ul><\/div><\/div><\/div><!-- .post-thumb --><div class=\"post-details-outer\"><div class=\"entry-title\"><h6 class=\"post-title-head\"><a href=\"https:\/\/iprights.org\/es\/2025\/07\/14\/acto-paralelo-25-anos-de-formacion-en-derechos-humanos-para-los-pueblos-indigenas-reflexiones-y-futuros\/\" class=\"post-title\">Acto paralelo: 25 A\u00f1os de Formaci\u00f3n en Derechos Humanos para los Pueblos Ind\u00edgenas: Reflexiones y Futuros<\/a><\/h6><\/div><!-- .entry-title --><\/div><!-- .post-details-outer --><\/div><!-- .blog-inner --><\/div><!-- .col \/ .owl-carousel-item \/ .isotope --><div class=\"col-lg-4 col-md-6 col-sm-12\" ><div class=\"blog-inner\"><div class=\"post-thumb post-overlay-active\"><a href=\"https:\/\/iprights.org\/es\/2025\/07\/14\/soberania-de-los-datos-y-repatriacion-mujeres-ninas-y-personas-indigenas-desaparecidas-y-asesinadas-incluidas-las-personas-de-generos-diversos\/\" class=\"post-image-link\"><img decoding=\"async\" src=\"https:\/\/iprights.org\/wp-content\/uploads\/2025\/07\/data-sovereignty.jpg\" title=\"data-sovereignty\" alt=\"\" class=\"img-fluid squared img-fluid squared img-fluid squared img-fluid squared\" \/><\/a><div class=\"post-overlay-items\"><div class=\"entry-title\"><h6 class=\"post-title-head\"><a href=\"https:\/\/iprights.org\/es\/2025\/07\/14\/soberania-de-los-datos-y-repatriacion-mujeres-ninas-y-personas-indigenas-desaparecidas-y-asesinadas-incluidas-las-personas-de-generos-diversos\/\" class=\"post-title\">Soberan\u00eda de los datos y repatriaci\u00f3n: mujeres, ni\u00f1as y personas ind\u00edgenas desaparecidas y asesinadas, incluidas las personas de g\u00e9neros diversos.<\/a><\/h6><\/div><!-- .entry-title --><div class=\"bottom-meta clearfix\"><ul class=\"nav bottom-meta-list meta-left\"><li><div class=\"post-more\"><a href=\"https:\/\/iprights.org\/es\/2025\/07\/14\/soberania-de-los-datos-y-repatriacion-mujeres-ninas-y-personas-indigenas-desaparecidas-y-asesinadas-incluidas-las-personas-de-generos-diversos\/\" class=\"read-more elementor-button\">Read More<\/a><\/div><\/li><\/ul><\/div><\/div><\/div><!-- .post-thumb --><div class=\"post-details-outer\"><div class=\"entry-title\"><h6 class=\"post-title-head\"><a href=\"https:\/\/iprights.org\/es\/2025\/07\/14\/soberania-de-los-datos-y-repatriacion-mujeres-ninas-y-personas-indigenas-desaparecidas-y-asesinadas-incluidas-las-personas-de-generos-diversos\/\" class=\"post-title\">Soberan\u00eda de los datos y repatriaci\u00f3n: mujeres, ni\u00f1as y personas ind\u00edgenas desaparecidas y asesinadas, incluidas las personas de g\u00e9neros diversos.<\/a><\/h6><\/div><!-- .entry-title --><\/div><!-- .post-details-outer --><\/div><!-- .blog-inner --><\/div><!-- .col \/ .owl-carousel-item \/ .isotope --><div class=\"col-lg-4 col-md-6 col-sm-12\" ><div class=\"blog-inner\"><div class=\"post-thumb post-overlay-active\"><a href=\"https:\/\/iprights.org\/es\/2025\/07\/10\/relator-especial-sobre-la-independencia-de-los-jueces-y-abogados-reflexiones-sobre-el-informe-relativo-al-derecho-de-los-pueblos-indigenas-a-mantener-y-desarrollar-sus-sistemas-de-justicia\/\" class=\"post-image-link\"><img decoding=\"async\" src=\"https:\/\/iprights.org\/wp-content\/uploads\/2025\/07\/Indigenous-Justice-Systems-EN.jpg\" title=\"Indigenous-Justice-Systems-EN\" alt=\"\" class=\"img-fluid squared img-fluid squared img-fluid squared img-fluid squared img-fluid squared\" \/><\/a><div class=\"post-overlay-items\"><div class=\"entry-title\"><h6 class=\"post-title-head\"><a href=\"https:\/\/iprights.org\/es\/2025\/07\/10\/relator-especial-sobre-la-independencia-de-los-jueces-y-abogados-reflexiones-sobre-el-informe-relativo-al-derecho-de-los-pueblos-indigenas-a-mantener-y-desarrollar-sus-sistemas-de-justicia\/\" class=\"post-title\">Relator Especial sobre la Independencia de los Jueces y Abogados: reflexiones sobre el informe relativo al derecho de los pueblos ind\u00edgenas a mantener y desarrollar sus sistemas de justicia.<\/a><\/h6><\/div><!-- .entry-title --><div class=\"bottom-meta clearfix\"><ul class=\"nav bottom-meta-list meta-left\"><li><div class=\"post-more\"><a href=\"https:\/\/iprights.org\/es\/2025\/07\/10\/relator-especial-sobre-la-independencia-de-los-jueces-y-abogados-reflexiones-sobre-el-informe-relativo-al-derecho-de-los-pueblos-indigenas-a-mantener-y-desarrollar-sus-sistemas-de-justicia\/\" class=\"read-more elementor-button\">Read More<\/a><\/div><\/li><\/ul><\/div><\/div><\/div><!-- .post-thumb --><div class=\"post-details-outer\"><div class=\"entry-title\"><h6 class=\"post-title-head\"><a href=\"https:\/\/iprights.org\/es\/2025\/07\/10\/relator-especial-sobre-la-independencia-de-los-jueces-y-abogados-reflexiones-sobre-el-informe-relativo-al-derecho-de-los-pueblos-indigenas-a-mantener-y-desarrollar-sus-sistemas-de-justicia\/\" class=\"post-title\">Relator Especial sobre la Independencia de los Jueces y Abogados: reflexiones sobre el informe relativo al derecho de los pueblos ind\u00edgenas a mantener y desarrollar sus sistemas de justicia.<\/a><\/h6><\/div><!-- .entry-title --><\/div><!-- .post-details-outer --><\/div><!-- .blog-inner --><\/div><!-- .col \/ .owl-carousel-item \/ .isotope --><div class=\"col-lg-4 col-md-6 col-sm-12\" ><div class=\"blog-inner\"><div class=\"post-thumb post-overlay-active\"><a href=\"https:\/\/iprights.org\/es\/2025\/07\/10\/oportunidades-emergentes-y-desafios-existentes-en-la-recopilacion-de-datos-un-espacio-de-dialogo-y-aprendizaje-compartido-para-organizaciones-indigenas-personas-defensoras-indigenas-de-derechos-huma\/\" class=\"post-image-link\"><img decoding=\"async\" src=\"https:\/\/iprights.org\/wp-content\/uploads\/2025\/07\/Data-collecting-ENG.jpg\" title=\"Data-collecting-ENG\" alt=\"\" class=\"img-fluid squared img-fluid squared img-fluid squared img-fluid squared img-fluid squared img-fluid squared\" \/><\/a><div class=\"post-overlay-items\"><div class=\"entry-title\"><h6 class=\"post-title-head\"><a href=\"https:\/\/iprights.org\/es\/2025\/07\/10\/oportunidades-emergentes-y-desafios-existentes-en-la-recopilacion-de-datos-un-espacio-de-dialogo-y-aprendizaje-compartido-para-organizaciones-indigenas-personas-defensoras-indigenas-de-derechos-huma\/\" class=\"post-title\">Oportunidades emergentes y desaf\u00edos existentes en la recopilaci\u00f3n de datos; un espacio de di\u00e1logo y aprendizaje compartido para organizaciones ind\u00edgenas, personas defensoras ind\u00edgenas de derechos humanos y organizaciones de derechos humanos.<\/a><\/h6><\/div><!-- .entry-title --><div class=\"bottom-meta clearfix\"><ul class=\"nav bottom-meta-list meta-left\"><li><div class=\"post-more\"><a href=\"https:\/\/iprights.org\/es\/2025\/07\/10\/oportunidades-emergentes-y-desafios-existentes-en-la-recopilacion-de-datos-un-espacio-de-dialogo-y-aprendizaje-compartido-para-organizaciones-indigenas-personas-defensoras-indigenas-de-derechos-huma\/\" class=\"read-more elementor-button\">Read More<\/a><\/div><\/li><\/ul><\/div><\/div><\/div><!-- .post-thumb --><div class=\"post-details-outer\"><div class=\"entry-title\"><h6 class=\"post-title-head\"><a href=\"https:\/\/iprights.org\/es\/2025\/07\/10\/oportunidades-emergentes-y-desafios-existentes-en-la-recopilacion-de-datos-un-espacio-de-dialogo-y-aprendizaje-compartido-para-organizaciones-indigenas-personas-defensoras-indigenas-de-derechos-huma\/\" class=\"post-title\">Oportunidades emergentes y desaf\u00edos existentes en la recopilaci\u00f3n de datos; un espacio de di\u00e1logo y aprendizaje compartido para organizaciones ind\u00edgenas, personas defensoras ind\u00edgenas de derechos humanos y organizaciones de derechos humanos.<\/a><\/h6><\/div><!-- .entry-title --><\/div><!-- .post-details-outer --><\/div><!-- .blog-inner --><\/div><!-- .col \/ .owl-carousel-item \/ .isotope --><div class=\"col-lg-4 col-md-6 col-sm-12\" ><div class=\"blog-inner\"><div class=\"post-thumb post-overlay-active\"><a href=\"https:\/\/iprights.org\/es\/2024\/11\/28\/seminario-web-xanharu-digest-n-o-6\/\" class=\"post-image-link\"><img decoding=\"async\" src=\"https:\/\/iprights.org\/wp-content\/uploads\/2024\/11\/en.jpg\" title=\"en\" alt=\"\" class=\"img-fluid squared img-fluid squared img-fluid squared img-fluid squared img-fluid squared img-fluid squared img-fluid squared\" \/><\/a><div class=\"post-overlay-items\"><div class=\"entry-title\"><h6 class=\"post-title-head\"><a href=\"https:\/\/iprights.org\/es\/2024\/11\/28\/seminario-web-xanharu-digest-n-o-6\/\" class=\"post-title\">Seminario web Xanharu Digest n.\u00ba 6<\/a><\/h6><\/div><!-- .entry-title --><div class=\"bottom-meta clearfix\"><ul class=\"nav bottom-meta-list meta-left\"><li><div class=\"post-more\"><a href=\"https:\/\/iprights.org\/es\/2024\/11\/28\/seminario-web-xanharu-digest-n-o-6\/\" class=\"read-more elementor-button\">Read More<\/a><\/div><\/li><\/ul><\/div><\/div><\/div><!-- .post-thumb --><div class=\"post-details-outer\"><div class=\"entry-title\"><h6 class=\"post-title-head\"><a href=\"https:\/\/iprights.org\/es\/2024\/11\/28\/seminario-web-xanharu-digest-n-o-6\/\" class=\"post-title\">Seminario web Xanharu Digest n.\u00ba 6<\/a><\/h6><\/div><!-- .entry-title --><\/div><!-- .post-details-outer --><\/div><!-- .blog-inner --><\/div><!-- .col \/ .owl-carousel-item \/ .isotope --><div class=\"col-lg-4 col-md-6 col-sm-12\" ><div class=\"blog-inner\"><div class=\"post-details-outer\"><div class=\"entry-title\"><h6 class=\"post-title-head\"><a href=\"https:\/\/iprights.org\/es\/2024\/11\/26\/incidencia-de-las-mujeres-indigenas-en-espacios-internacionales-y-los-16-dias-de-activismo-contra-la-violencia-de-genero\/\" class=\"post-title\">Incidencia de las mujeres ind\u00edgenas en espacios internacionales y los 16 d\u00edas de activismo contra la violencia de g\u00e9nero<\/a><\/h6><\/div><!-- .entry-title --><\/div><!-- .post-details-outer --><\/div><!-- .blog-inner --><\/div><!-- .col \/ .owl-carousel-item \/ .isotope --><div class=\"col-lg-4 col-md-6 col-sm-12\" ><div class=\"blog-inner\"><div class=\"post-thumb post-overlay-active\"><a href=\"https:\/\/iprights.org\/es\/2024\/10\/11\/prosperidad-compartida-como-las-instituciones-financieras-pueden-asociarse-con-los-pueblos-indigenas-para-una-transicion-justa\/\" class=\"post-image-link\"><img decoding=\"async\" src=\"https:\/\/iprights.org\/wp-content\/uploads\/2024\/10\/image_1003168.webp\" title=\"image_1003168\" alt=\"\" class=\"img-fluid squared img-fluid squared img-fluid squared img-fluid squared img-fluid squared img-fluid squared img-fluid squared img-fluid squared\" \/><\/a><div class=\"post-overlay-items\"><div class=\"entry-title\"><h6 class=\"post-title-head\"><a href=\"https:\/\/iprights.org\/es\/2024\/10\/11\/prosperidad-compartida-como-las-instituciones-financieras-pueden-asociarse-con-los-pueblos-indigenas-para-una-transicion-justa\/\" class=\"post-title\">Prosperidad compartida: c\u00f3mo las instituciones financieras pueden asociarse con los pueblos ind\u00edgenas para una transici\u00f3n justa<\/a><\/h6><\/div><!-- .entry-title --><div class=\"bottom-meta clearfix\"><ul class=\"nav bottom-meta-list meta-left\"><li><div class=\"post-more\"><a href=\"https:\/\/iprights.org\/es\/2024\/10\/11\/prosperidad-compartida-como-las-instituciones-financieras-pueden-asociarse-con-los-pueblos-indigenas-para-una-transicion-justa\/\" class=\"read-more elementor-button\">Read More<\/a><\/div><\/li><\/ul><\/div><\/div><\/div><!-- .post-thumb --><div class=\"post-details-outer\"><div class=\"entry-title\"><h6 class=\"post-title-head\"><a href=\"https:\/\/iprights.org\/es\/2024\/10\/11\/prosperidad-compartida-como-las-instituciones-financieras-pueden-asociarse-con-los-pueblos-indigenas-para-una-transicion-justa\/\" class=\"post-title\">Prosperidad compartida: c\u00f3mo las instituciones financieras pueden asociarse con los pueblos ind\u00edgenas para una transici\u00f3n justa<\/a><\/h6><\/div><!-- .entry-title --><\/div><!-- .post-details-outer --><\/div><!-- .blog-inner --><\/div><!-- .col \/ .owl-carousel-item \/ .isotope --><div class=\"post-pagination-wrap\"><ul class=\"nav pagination post-pagination justify-content-center\"><li class=\"nav-item active\"><span class=\"active\">01<\/span><\/li><li class=\"nav-item\"><a href=\"https:\/\/iprights.org\/es\/wp-json\/wp\/v2\/pages\/85875\/page\/2\/\">02<\/a><\/li><li class=\"nav-item\"><a href=\"https:\/\/iprights.org\/es\/wp-json\/wp\/v2\/pages\/85875\/page\/3\/\">03<\/a><\/li><li class=\"nav-item\"><a href=\"https:\/\/iprights.org\/es\/wp-json\/wp\/v2\/pages\/85875\/page\/4\/\">04<\/a><\/li><li class=\"nav-item\"><a href=\"https:\/\/iprights.org\/es\/wp-json\/wp\/v2\/pages\/85875\/page\/2\/\" class=\"next-page\" title=\"next\">Next<\/a><\/li><li class=\"nav-item next\"><a href=\"https:\/\/iprights.org\/es\/wp-json\/wp\/v2\/pages\/85875\/page\/5\/\" title=\"Last\">Last<\/a><\/li><\/ul><\/div><\/div><!-- .row -->\t\t\t\n\t\t<\/div>\n\t\t\t\t<\/div>\n\t\t\t\t<\/div>\n\t\t\t\t\t<\/div>\n\t\t\t\t<\/div>\n\t\t\t\t<\/div>\n\t\t","protected":false},"excerpt":{"rendered":"","protected":false},"author":9,"featured_media":0,"parent":0,"menu_order":0,"comment_status":"closed","ping_status":"closed","template":"","meta":{"footnotes":""},"class_list":["post-85875","page","type-page","status-publish","hentry"],"_links":{"self":[{"href":"https:\/\/iprights.org\/es\/wp-json\/wp\/v2\/pages\/85875","targetHints":{"allow":["GET"]}}],"collection":[{"href":"https:\/\/iprights.org\/es\/wp-json\/wp\/v2\/pages"}],"about":[{"href":"https:\/\/iprights.org\/es\/wp-json\/wp\/v2\/types\/page"}],"author":[{"embeddable":true,"href":"https:\/\/iprights.org\/es\/wp-json\/wp\/v2\/users\/9"}],"replies":[{"embeddable":true,"href":"https:\/\/iprights.org\/es\/wp-json\/wp\/v2\/comments?post=85875"}],"version-history":[{"count":1,"href":"https:\/\/iprights.org\/es\/wp-json\/wp\/v2\/pages\/85875\/revisions"}],"predecessor-version":[{"id":85876,"href":"https:\/\/iprights.org\/es\/wp-json\/wp\/v2\/pages\/85875\/revisions\/85876"}],"wp:attachment":[{"href":"https:\/\/iprights.org\/es\/wp-json\/wp\/v2\/media?parent=85875"}],"curies":[{"name":"wp","href":"https:\/\/api.w.org\/{rel}","templated":true}]}}