{"id":84536,"date":"2025-11-05T14:42:09","date_gmt":"2025-11-05T14:42:09","guid":{"rendered":"https:\/\/iprights.org\/groupe-consultatif-international\/"},"modified":"2026-03-24T20:45:35","modified_gmt":"2026-03-24T20:45:35","slug":"groupe-consultatif-international","status":"publish","type":"page","link":"https:\/\/iprights.org\/fr\/groupe-consultatif-international\/","title":{"rendered":"Groupe consultatif international"},"content":{"rendered":"\t\t<div data-elementor-type=\"wp-page\" data-elementor-id=\"84536\" class=\"elementor elementor-84536 elementor-78932\" data-elementor-post-type=\"page\">\n\t\t\t\t<div data-particle_enable=\"false\" data-particle-mobile-disabled=\"false\" class=\"elementor-element elementor-element-7bb6bb6 e-flex e-con-boxed content-parallax-no e-con e-parent\" data-id=\"7bb6bb6\" data-element_type=\"container\" data-e-type=\"container\">\n\t\t\t\t\t<div class=\"e-con-inner\">\n\t\t<div data-particle_enable=\"false\" data-particle-mobile-disabled=\"false\" class=\"elementor-element elementor-element-c5809c5 e-con-full e-flex content-parallax-no e-con e-child\" data-id=\"c5809c5\" data-element_type=\"container\" data-e-type=\"container\" data-settings=\"{&quot;background_background&quot;:&quot;classic&quot;}\">\n\t\t<div data-particle_enable=\"false\" data-particle-mobile-disabled=\"false\" class=\"elementor-element elementor-element-aad8474 e-con-full e-flex content-parallax-no e-con e-child\" data-id=\"aad8474\" data-element_type=\"container\" data-e-type=\"container\" data-settings=\"{&quot;background_background&quot;:&quot;classic&quot;}\">\n\t\t<div data-particle_enable=\"false\" data-particle-mobile-disabled=\"false\" class=\"elementor-element elementor-element-7904de2 e-con-full e-flex content-parallax-no e-con e-child\" data-id=\"7904de2\" data-element_type=\"container\" data-e-type=\"container\">\n\t\t\t\t<div class=\"elementor-element elementor-element-0370cfa elementor-widget elementor-widget-image\" data-id=\"0370cfa\" data-element_type=\"widget\" data-e-type=\"widget\" data-widget_type=\"image.default\">\n\t\t\t\t\t\t\t\t\t\t\t\t\t\t\t<img fetchpriority=\"high\" decoding=\"async\" width=\"1140\" height=\"676\" src=\"https:\/\/iprights.org\/wp-content\/uploads\/2025\/11\/43A2D489-CFC9-43EE-BCB3-C961BC385A66-2-scaled-e1762347361201-1170x694.jpeg\" class=\"attachment-large size-large wp-image-84494\" alt=\"\" srcset=\"https:\/\/iprights.org\/wp-content\/uploads\/2025\/11\/43A2D489-CFC9-43EE-BCB3-C961BC385A66-2-scaled-e1762347361201-1170x694.jpeg 1170w, https:\/\/iprights.org\/wp-content\/uploads\/2025\/11\/43A2D489-CFC9-43EE-BCB3-C961BC385A66-2-scaled-e1762347361201-768x456.jpeg 768w\" sizes=\"(max-width: 1140px) 100vw, 1140px\" \/>\t\t\t\t\t\t\t\t\t\t\t\t\t\t\t<\/div>\n\t\t\t\t<\/div>\n\t\t<div data-particle_enable=\"false\" data-particle-mobile-disabled=\"false\" class=\"elementor-element elementor-element-fe7b950 e-con-full e-flex content-parallax-no e-con e-child\" data-id=\"fe7b950\" data-element_type=\"container\" data-e-type=\"container\">\n\t\t\t\t<div class=\"elementor-element elementor-element-8e9b94e cea-mobile-align-left animated-slow elementor-invisible elementor-widget elementor-widget-ceasectiontitle\" data-id=\"8e9b94e\" data-element_type=\"widget\" data-e-type=\"widget\" data-settings=\"{&quot;_animation&quot;:&quot;fadeInUp&quot;}\" data-widget_type=\"ceasectiontitle.default\">\n\t\t\t\t<div class=\"elementor-widget-container\">\n\t\t\t\t\t<div class=\"section-title-wrapper\"><div class=\"title-wrap\"><div class=\"sub-title\"><span class=\"subtitle-dots \" >IAG<\/span><\/div><h2 class=\"section-title none cea-nrml\" data-animation=\"none\"  >Le Groupe consultatif international<\/h2><\/div><!-- .title-wrap --><div class=\"section-description\"><\/div><!-- .section-description --><\/div><!-- .section-title-wrapper -->\t\t\t\t<\/div>\n\t\t\t\t<\/div>\n\t\t\t\t<div class=\"elementor-element elementor-element-d5faed4 elementor-invisible elementor-widget elementor-widget-text-editor\" data-id=\"d5faed4\" data-element_type=\"widget\" data-e-type=\"widget\" data-settings=\"{&quot;_animation&quot;:&quot;fadeInUp&quot;}\" data-widget_type=\"text-editor.default\">\n\t\t\t\t\t\t\t\t\t<div id=\"sppb-addon-wrapper-1663040351250\" class=\"sppb-addon-wrapper addon-root-text-block\"><div id=\"sppb-addon-1663040351250\" class=\"clearfix \"><div class=\"sppb-addon sppb-addon-text-block \"><div class=\"sppb-addon-content\"><strong>Le Groupe consultatif international (GCI)<\/strong> fournit des conseils sur la strat\u00e9gie, les activit\u00e9s, la gouvernance, la sensibilisation et l\u2019octroi de subventions des programmes, ce qui renforcera la mission de l\u2019IPRI et contribuera \u00e0 p\u00e9renniser l\u2019Initiative mondiale pour mettre fin \u00e0 la criminalisation et \u00e0 la violence \u00e0 l\u2019\u00e9gard des peuples autochtones.<\/div><\/div><\/div><\/div>\t\t\t\t\t\t\t\t<\/div>\n\t\t\t\t<\/div>\n\t\t\t\t<\/div>\n\t\t\t\t<\/div>\n\t\t\t\t<div class=\"elementor-element elementor-element-c6a74e4 elementor-widget-divider--view-line elementor-widget elementor-widget-divider\" data-id=\"c6a74e4\" data-element_type=\"widget\" data-e-type=\"widget\" data-widget_type=\"divider.default\">\n\t\t\t\t\t\t\t<div class=\"elementor-divider\">\n\t\t\t<span class=\"elementor-divider-separator\">\n\t\t\t\t\t\t<\/span>\n\t\t<\/div>\n\t\t\t\t\t\t<\/div>\n\t\t<div data-particle_enable=\"false\" data-particle-mobile-disabled=\"false\" class=\"elementor-element elementor-element-64c1d7c e-con-full e-flex content-parallax-no e-con e-child\" data-id=\"64c1d7c\" data-element_type=\"container\" data-e-type=\"container\">\n\t\t<div data-particle_enable=\"false\" data-particle-mobile-disabled=\"false\" class=\"elementor-element elementor-element-1e25b58 e-con-full e-grid content-parallax-no e-con e-child\" data-id=\"1e25b58\" data-element_type=\"container\" data-e-type=\"container\" data-settings=\"{&quot;background_background&quot;:&quot;classic&quot;}\">\n\t\t<div data-particle_enable=\"false\" data-particle-mobile-disabled=\"false\" class=\"elementor-element elementor-element-4539d07 e-flex e-con-boxed content-parallax-no e-con e-child\" data-id=\"4539d07\" data-element_type=\"container\" data-e-type=\"container\">\n\t\t\t\t\t<div class=\"e-con-inner\">\n\t\t\t\t<div class=\"elementor-element elementor-element-cc8c3b2 elementor-widget elementor-widget-n-accordion\" data-id=\"cc8c3b2\" data-element_type=\"widget\" data-e-type=\"widget\" data-settings=\"{&quot;default_state&quot;:&quot;expanded&quot;,&quot;max_items_expended&quot;:&quot;one&quot;,&quot;n_accordion_animation_duration&quot;:{&quot;unit&quot;:&quot;ms&quot;,&quot;size&quot;:400,&quot;sizes&quot;:[]}}\" data-widget_type=\"nested-accordion.default\">\n\t\t\t\t\t\t\t<div class=\"e-n-accordion\" aria-label=\"Accordion. Open links with Enter or Space, close with Escape, and navigate with Arrow Keys\">\n\t\t\t\t\t\t<details id=\"e-n-accordion-item-2140\" class=\"e-n-accordion-item\" open>\n\t\t\t\t<summary class=\"e-n-accordion-item-title\" data-accordion-index=\"1\" tabindex=\"0\" aria-expanded=\"true\" aria-controls=\"e-n-accordion-item-2140\" >\n\t\t\t\t\t<span class='e-n-accordion-item-title-header'><div class=\"e-n-accordion-item-title-text\"> Fonctions cl\u00e9s <\/div><\/span>\n\t\t\t\t\t\t\t<span class='e-n-accordion-item-title-icon'>\n\t\t\t<span class='e-opened' ><svg aria-hidden=\"true\" class=\"e-font-icon-svg e-fas-minus\" viewBox=\"0 0 448 512\" xmlns=\"http:\/\/www.w3.org\/2000\/svg\"><path d=\"M416 208H32c-17.67 0-32 14.33-32 32v32c0 17.67 14.33 32 32 32h384c17.67 0 32-14.33 32-32v-32c0-17.67-14.33-32-32-32z\"><\/path><\/svg><\/span>\n\t\t\t<span class='e-closed'><svg aria-hidden=\"true\" class=\"e-font-icon-svg e-fas-plus\" viewBox=\"0 0 448 512\" xmlns=\"http:\/\/www.w3.org\/2000\/svg\"><path d=\"M416 208H272V64c0-17.67-14.33-32-32-32h-32c-17.67 0-32 14.33-32 32v144H32c-17.67 0-32 14.33-32 32v32c0 17.67 14.33 32 32 32h144v144c0 17.67 14.33 32 32 32h32c17.67 0 32-14.33 32-32V304h144c17.67 0 32-14.33 32-32v-32c0-17.67-14.33-32-32-32z\"><\/path><\/svg><\/span>\n\t\t<\/span>\n\n\t\t\t\t\t\t<\/summary>\n\t\t\t\t<div data-particle_enable=\"false\" data-particle-mobile-disabled=\"false\" role=\"region\" aria-labelledby=\"e-n-accordion-item-2140\" class=\"elementor-element elementor-element-cb05fa8 e-con-full e-flex content-parallax-no e-con e-child\" data-id=\"cb05fa8\" data-element_type=\"container\" data-e-type=\"container\">\n\t\t\t\t<div class=\"elementor-element elementor-element-36e38c6 elementor-widget elementor-widget-text-editor\" data-id=\"36e38c6\" data-element_type=\"widget\" data-e-type=\"widget\" data-widget_type=\"text-editor.default\">\n\t\t\t\t\t\t\t\t\t<p><span style=\"color: #ffffff;\">Le Groupe consultatif international devrait fournir des orientations au personnel de l&rsquo;IPRI sur les points suivants:<\/span><\/p><ol><li><span style=\"color: #ffffff;\">Strat\u00e9gie et syst\u00e8mes op\u00e9rationnels<\/span><br><ol type=\"a\"><li><span style=\"color: #ffffff;\">Strat\u00e9gie du programme et orientations op\u00e9rationnelles:<\/span><\/li><li><span style=\"color: #ffffff;\">Orientations relatives au Fonds de d\u00e9fense juridique et d&rsquo;asile et \u00e0 la collecte de fonds pour les activit\u00e9s de l&rsquo;IPRI<\/span><\/li><\/ol><\/li><li><span style=\"color: #ffffff;\">Partenariat et collaboration<\/span><ul><li><span style=\"color: #ffffff;\">Fournir des conseils et des recommandations sur des partenariats suppl\u00e9mentaires avec l&rsquo;IPRI ; et,<\/span><\/li><li><span style=\"color: #ffffff;\">Fournir des conseils et des recommandations sur la mise en \u0153uvre de partenariats et d&rsquo;engagements partag\u00e9s, y compris la collaboration avec diff\u00e9rents acteurs\/institutions pour faire progresser la mission de l&rsquo;IPRI.<\/span><\/li><\/ul><\/li><li><span style=\"color: #ffffff;\">Sensibilisation et communication<\/span><ul><li><span style=\"color: #ffffff;\">Soutenir des dialogues efficaces entre l\u2019IPRI et les peuples autochtones, ainsi que les acteurs concern\u00e9s aux niveaux national, r\u00e9gional et mondial:<\/span><\/li><li><span style=\"color: #ffffff;\">Fournir des suggestions \u00e0 l&rsquo;IPRI concernant les ressources et les outils pouvant \u00eatre utilis\u00e9s pour renforcer le partenariat avec les peuples et les organisations autochtones.<\/span><\/li><li><span style=\"color: #ffffff;\">Fournir des analyses et des recommandations sur la strat\u00e9gie de communication et de plaidoyer de l&rsquo;IPRI; et<\/span><\/li><li><span style=\"color: #ffffff;\">Fournir un signalement pr\u00e9coce des probl\u00e8mes de communication \u00e9mergents.<\/span><\/li><\/ul><\/li><\/ol>\t\t\t\t\t\t\t\t<\/div>\n\t\t\t\t<\/div>\n\t\t\t\t\t<\/details>\n\t\t\t\t\t\t<details id=\"e-n-accordion-item-2141\" class=\"e-n-accordion-item\" >\n\t\t\t\t<summary class=\"e-n-accordion-item-title\" data-accordion-index=\"2\" tabindex=\"-1\" aria-expanded=\"false\" aria-controls=\"e-n-accordion-item-2141\" >\n\t\t\t\t\t<span class='e-n-accordion-item-title-header'><div class=\"e-n-accordion-item-title-text\"> Composition <\/div><\/span>\n\t\t\t\t\t\t\t<span class='e-n-accordion-item-title-icon'>\n\t\t\t<span class='e-opened' ><svg aria-hidden=\"true\" class=\"e-font-icon-svg e-fas-minus\" viewBox=\"0 0 448 512\" xmlns=\"http:\/\/www.w3.org\/2000\/svg\"><path d=\"M416 208H32c-17.67 0-32 14.33-32 32v32c0 17.67 14.33 32 32 32h384c17.67 0 32-14.33 32-32v-32c0-17.67-14.33-32-32-32z\"><\/path><\/svg><\/span>\n\t\t\t<span class='e-closed'><svg aria-hidden=\"true\" class=\"e-font-icon-svg e-fas-plus\" viewBox=\"0 0 448 512\" xmlns=\"http:\/\/www.w3.org\/2000\/svg\"><path d=\"M416 208H272V64c0-17.67-14.33-32-32-32h-32c-17.67 0-32 14.33-32 32v144H32c-17.67 0-32 14.33-32 32v32c0 17.67 14.33 32 32 32h144v144c0 17.67 14.33 32 32 32h32c17.67 0 32-14.33 32-32V304h144c17.67 0 32-14.33 32-32v-32c0-17.67-14.33-32-32-32z\"><\/path><\/svg><\/span>\n\t\t<\/span>\n\n\t\t\t\t\t\t<\/summary>\n\t\t\t\t<div data-particle_enable=\"false\" data-particle-mobile-disabled=\"false\" role=\"region\" aria-labelledby=\"e-n-accordion-item-2141\" class=\"elementor-element elementor-element-9709a4d e-con-full e-flex content-parallax-no e-con e-child\" data-id=\"9709a4d\" data-element_type=\"container\" data-e-type=\"container\">\n\t\t\t\t<div class=\"elementor-element elementor-element-58cf37f elementor-widget elementor-widget-text-editor\" data-id=\"58cf37f\" data-element_type=\"widget\" data-e-type=\"widget\" data-widget_type=\"text-editor.default\">\n\t\t\t\t\t\t\t\t\t<p><span style=\"color: #ffffff;\">Le Groupe consultatif ind\u00e9pendant (GCI) est compos\u00e9 de personnes autochtones, de personnalit\u00e9s reconnues issues d\u2019organisations internationales et r\u00e9gionales de d\u00e9fense des droits humains et d\u2019organisations\/institutions de d\u00e9fense des droits des peuples autochtones, d\u2019universitaires et de donateurs. Sa composition est d\u00e9cid\u00e9e par le Conseil mondial de l\u2019IPRI, sur invitation de ce dernier. Le nombre de membres du GCI est flexible et vise \u00e0 garantir un \u00e9quilibre r\u00e9gional et de genre.  <\/span><\/p>\t\t\t\t\t\t\t\t<\/div>\n\t\t\t\t<\/div>\n\t\t\t\t\t<\/details>\n\t\t\t\t\t\t<details id=\"e-n-accordion-item-2142\" class=\"e-n-accordion-item\" >\n\t\t\t\t<summary class=\"e-n-accordion-item-title\" data-accordion-index=\"3\" tabindex=\"-1\" aria-expanded=\"false\" aria-controls=\"e-n-accordion-item-2142\" >\n\t\t\t\t\t<span class='e-n-accordion-item-title-header'><div class=\"e-n-accordion-item-title-text\"> Limite de dur\u00e9e <\/div><\/span>\n\t\t\t\t\t\t\t<span class='e-n-accordion-item-title-icon'>\n\t\t\t<span class='e-opened' ><svg aria-hidden=\"true\" class=\"e-font-icon-svg e-fas-minus\" viewBox=\"0 0 448 512\" xmlns=\"http:\/\/www.w3.org\/2000\/svg\"><path d=\"M416 208H32c-17.67 0-32 14.33-32 32v32c0 17.67 14.33 32 32 32h384c17.67 0 32-14.33 32-32v-32c0-17.67-14.33-32-32-32z\"><\/path><\/svg><\/span>\n\t\t\t<span class='e-closed'><svg aria-hidden=\"true\" class=\"e-font-icon-svg e-fas-plus\" viewBox=\"0 0 448 512\" xmlns=\"http:\/\/www.w3.org\/2000\/svg\"><path d=\"M416 208H272V64c0-17.67-14.33-32-32-32h-32c-17.67 0-32 14.33-32 32v144H32c-17.67 0-32 14.33-32 32v32c0 17.67 14.33 32 32 32h144v144c0 17.67 14.33 32 32 32h32c17.67 0 32-14.33 32-32V304h144c17.67 0 32-14.33 32-32v-32c0-17.67-14.33-32-32-32z\"><\/path><\/svg><\/span>\n\t\t<\/span>\n\n\t\t\t\t\t\t<\/summary>\n\t\t\t\t<div data-particle_enable=\"false\" data-particle-mobile-disabled=\"false\" role=\"region\" aria-labelledby=\"e-n-accordion-item-2142\" class=\"elementor-element elementor-element-2eb445c e-con-full e-flex content-parallax-no e-con e-child\" data-id=\"2eb445c\" data-element_type=\"container\" data-e-type=\"container\">\n\t\t\t\t<div class=\"elementor-element elementor-element-3f08fe9 elementor-widget elementor-widget-text-editor\" data-id=\"3f08fe9\" data-element_type=\"widget\" data-e-type=\"widget\" data-widget_type=\"text-editor.default\">\n\t\t\t\t\t\t\t\t\t<p><span style=\"color: #ffffff;\">Les membres du Groupe consultatif ind\u00e9pendant (GCI) si\u00e8gent pour un mandat de trois ans, renouvelable deux fois. Ils si\u00e8gent \u00e0 titre individuel, sans repr\u00e9senter ni leur institution ni leur r\u00e9gion. Une politique de gestion des conflits d&rsquo;int\u00e9r\u00eats permet aux membres de se r\u00e9cuser lors de discussions concernant des institutions ou des lieux auxquels ils sont \u00e9troitement li\u00e9s, afin que leur participation au GCI n&#8217;emp\u00eache pas ces institutions ou r\u00e9gions de b\u00e9n\u00e9ficier de subventions ou d&rsquo;autres formes de collaboration avec l&rsquo;IPRI.  <\/span><\/p>\t\t\t\t\t\t\t\t<\/div>\n\t\t\t\t<\/div>\n\t\t\t\t\t<\/details>\n\t\t\t\t\t\t<details id=\"e-n-accordion-item-2143\" class=\"e-n-accordion-item\" >\n\t\t\t\t<summary class=\"e-n-accordion-item-title\" data-accordion-index=\"4\" tabindex=\"-1\" aria-expanded=\"false\" aria-controls=\"e-n-accordion-item-2143\" >\n\t\t\t\t\t<span class='e-n-accordion-item-title-header'><div class=\"e-n-accordion-item-title-text\"> Engagements <\/div><\/span>\n\t\t\t\t\t\t\t<span class='e-n-accordion-item-title-icon'>\n\t\t\t<span class='e-opened' ><svg aria-hidden=\"true\" class=\"e-font-icon-svg e-fas-minus\" viewBox=\"0 0 448 512\" xmlns=\"http:\/\/www.w3.org\/2000\/svg\"><path d=\"M416 208H32c-17.67 0-32 14.33-32 32v32c0 17.67 14.33 32 32 32h384c17.67 0 32-14.33 32-32v-32c0-17.67-14.33-32-32-32z\"><\/path><\/svg><\/span>\n\t\t\t<span class='e-closed'><svg aria-hidden=\"true\" class=\"e-font-icon-svg e-fas-plus\" viewBox=\"0 0 448 512\" xmlns=\"http:\/\/www.w3.org\/2000\/svg\"><path d=\"M416 208H272V64c0-17.67-14.33-32-32-32h-32c-17.67 0-32 14.33-32 32v144H32c-17.67 0-32 14.33-32 32v32c0 17.67 14.33 32 32 32h144v144c0 17.67 14.33 32 32 32h32c17.67 0 32-14.33 32-32V304h144c17.67 0 32-14.33 32-32v-32c0-17.67-14.33-32-32-32z\"><\/path><\/svg><\/span>\n\t\t<\/span>\n\n\t\t\t\t\t\t<\/summary>\n\t\t\t\t<div data-particle_enable=\"false\" data-particle-mobile-disabled=\"false\" role=\"region\" aria-labelledby=\"e-n-accordion-item-2143\" class=\"elementor-element elementor-element-495c4ab e-con-full e-flex content-parallax-no e-con e-child\" data-id=\"495c4ab\" data-element_type=\"container\" data-e-type=\"container\">\n\t\t\t\t<div class=\"elementor-element elementor-element-641f4e2 elementor-widget elementor-widget-text-editor\" data-id=\"641f4e2\" data-element_type=\"widget\" data-e-type=\"widget\" data-widget_type=\"text-editor.default\">\n\t\t\t\t\t\t\t\t\t<p><span style=\"color: #ffffff;\">Les membres d&rsquo;IAG sont tenus de respecter les principes de travail de base suivants :<\/span><\/p><ul><li><span style=\"color: #ffffff;\">L\u2019objectif de la mission de l\u2019IPRI est d\u2019honorer et de repr\u00e9senter ses processus;<\/span><\/li><li><span style=\"color: #ffffff;\">R\u00e9ponse rapide et appropri\u00e9e aux demandes de conseils ou d&rsquo;avis;<\/span><\/li><li><span style=\"color: #ffffff;\">Apporter un soutien ou une assistance aux activit\u00e9s de l&rsquo;IPRI, le cas \u00e9ch\u00e9ant;<\/span><\/li><li><span style=\"color: #ffffff;\">Assister aux r\u00e9unions de l&rsquo;IAG; et,<\/span><\/li><li><span style=\"color: #ffffff;\">Respect des r\u00e8gles de Chatham House en mati\u00e8re de confidentialit\u00e9.<\/span><\/li><\/ul>\t\t\t\t\t\t\t\t<\/div>\n\t\t\t\t<\/div>\n\t\t\t\t\t<\/details>\n\t\t\t\t\t\t<details id=\"e-n-accordion-item-2144\" class=\"e-n-accordion-item\" >\n\t\t\t\t<summary class=\"e-n-accordion-item-title\" data-accordion-index=\"5\" tabindex=\"-1\" aria-expanded=\"false\" aria-controls=\"e-n-accordion-item-2144\" >\n\t\t\t\t\t<span class='e-n-accordion-item-title-header'><div class=\"e-n-accordion-item-title-text\"> Crit\u00e8res de s\u00e9lection des membres de l'IAG <\/div><\/span>\n\t\t\t\t\t\t\t<span class='e-n-accordion-item-title-icon'>\n\t\t\t<span class='e-opened' ><svg aria-hidden=\"true\" class=\"e-font-icon-svg e-fas-minus\" viewBox=\"0 0 448 512\" xmlns=\"http:\/\/www.w3.org\/2000\/svg\"><path d=\"M416 208H32c-17.67 0-32 14.33-32 32v32c0 17.67 14.33 32 32 32h384c17.67 0 32-14.33 32-32v-32c0-17.67-14.33-32-32-32z\"><\/path><\/svg><\/span>\n\t\t\t<span class='e-closed'><svg aria-hidden=\"true\" class=\"e-font-icon-svg e-fas-plus\" viewBox=\"0 0 448 512\" xmlns=\"http:\/\/www.w3.org\/2000\/svg\"><path d=\"M416 208H272V64c0-17.67-14.33-32-32-32h-32c-17.67 0-32 14.33-32 32v144H32c-17.67 0-32 14.33-32 32v32c0 17.67 14.33 32 32 32h144v144c0 17.67 14.33 32 32 32h32c17.67 0 32-14.33 32-32V304h144c17.67 0 32-14.33 32-32v-32c0-17.67-14.33-32-32-32z\"><\/path><\/svg><\/span>\n\t\t<\/span>\n\n\t\t\t\t\t\t<\/summary>\n\t\t\t\t<div data-particle_enable=\"false\" data-particle-mobile-disabled=\"false\" role=\"region\" aria-labelledby=\"e-n-accordion-item-2144\" class=\"elementor-element elementor-element-650c489 e-con-full e-flex content-parallax-no e-con e-child\" data-id=\"650c489\" data-element_type=\"container\" data-e-type=\"container\">\n\t\t\t\t<div class=\"elementor-element elementor-element-c22b5d8 elementor-widget elementor-widget-text-editor\" data-id=\"c22b5d8\" data-element_type=\"widget\" data-e-type=\"widget\" data-widget_type=\"text-editor.default\">\n\t\t\t\t\t\t\t\t\t<p><span style=\"color: #ffffff;\">Les membres du groupe consultatif ind\u00e9pendant (GCI) sont cens\u00e9s poss\u00e9der des comp\u00e9tences compl\u00e9mentaires qui soutiendront la mise en \u0153uvre de la mission et des objectifs de l&rsquo;IPRI.<\/span><\/p><p><span style=\"color: #ffffff;\">Collectivement, les membres de l&rsquo;IAG sont cens\u00e9s avoir une exp\u00e9rience et une repr\u00e9sentation diversifi\u00e9es dans les domaines suivants:<\/span><\/p><ul><li><span style=\"color: #ffffff;\">Droits humains des peuples autochtones et approches pertinentes pour lutter contre la criminalisation et la violence \u00e0 l\u2019encontre des peuples autochtones aux niveaux local, national, r\u00e9gional et mondial;<\/span><\/li><li><span style=\"color: #ffffff;\">Favoriser et mettre en \u0153uvre des partenariats avec les peuples autochtones, d\u2019autres organisations de d\u00e9fense des droits de l\u2019homme, des d\u00e9fenseurs des droits, des acteurs non \u00e9tatiques et des acteurs \u00e9tatiques et des donateurs;<\/span><\/li><li><span style=\"color: #ffffff;\">Octroi de subventions aux organisations des peuples autochtones <\/span><\/li><li><span style=\"color: #ffffff;\">D\u00e9veloppement organisationnel et gestion de campagnes;<\/span><\/li><li><span style=\"color: #ffffff;\">Communications;<\/span><\/li><li><span style=\"color: #ffffff;\">Gouvernance et renforcement des capacit\u00e9s;<\/span><\/li><li><span style=\"color: #ffffff;\">Mise en place de m\u00e9canismes financiers durables et responsables;<\/span><\/li><li><span style=\"color: #ffffff;\">D\u00e9veloppement de strat\u00e9gie;<\/span><\/li><li><span style=\"color: #ffffff;\">\u00c9quilibre g\u00e9ographique, ethnique\/racial, d&rsquo;\u00e2ge et de sexe.<\/span><\/li><\/ul>\t\t\t\t\t\t\t\t<\/div>\n\t\t\t\t<\/div>\n\t\t\t\t\t<\/details>\n\t\t\t\t\t<\/div>\n\t\t\t\t\t\t<\/div>\n\t\t\t\t\t<\/div>\n\t\t\t\t<\/div>\n\t\t\t\t<\/div>\n\t\t<div data-particle_enable=\"false\" data-particle-mobile-disabled=\"false\" class=\"elementor-element elementor-element-8aaa5cc e-flex e-con-boxed content-parallax-no e-con e-child\" data-id=\"8aaa5cc\" data-element_type=\"container\" data-e-type=\"container\">\n\t\t\t\t\t<div class=\"e-con-inner\">\n\t\t<div data-particle_enable=\"false\" data-particle-mobile-disabled=\"false\" class=\"elementor-element elementor-element-3108c08 e-flex e-con-boxed content-parallax-no e-con e-child\" data-id=\"3108c08\" data-element_type=\"container\" data-e-type=\"container\" data-settings=\"{&quot;background_background&quot;:&quot;classic&quot;}\">\n\t\t\t\t\t<div class=\"e-con-inner\">\n\t\t\t\t<div class=\"elementor-element elementor-element-cdaef2e cea-view-stacked cea-shape-circle elementor-widget elementor-widget-ceafeaturebox\" data-id=\"cdaef2e\" data-element_type=\"widget\" data-e-type=\"widget\" data-widget_type=\"ceafeaturebox.default\">\n\t\t\t\t<div class=\"elementor-widget-container feature-box-wrapper feature-box-default\">\n\t\t\t<div class=\"media\"><div class=\"media-icon-part\"><div class=\"cea-featured-icon\"><svg xmlns=\"http:\/\/www.w3.org\/2000\/svg\" id=\"b\" viewBox=\"0 0 24.3 24.3\"><g id=\"c\"><polygon points=\"8.1 0 12.15 4.05 16.2 0 8.1 0\" fill=\"#68a63b\"><\/polygon><polygon points=\"4.05 4.05 8.1 8.1 12.15 4.05 4.05 4.05\" fill=\"#68a63b\"><\/polygon><polygon points=\"12.15 4.05 16.2 8.1 20.25 4.05 12.15 4.05\" fill=\"#68a63b\"><\/polygon><polygon points=\"16.2 8.1 20.25 12.15 24.3 8.1 16.2 8.1\" fill=\"#68a63b\"><\/polygon><polygon points=\"0 8.1 4.05 12.15 8.1 8.1 0 8.1\" fill=\"#68a63b\"><\/polygon><polygon points=\"8.1 24.3 12.15 20.25 16.2 24.3 8.1 24.3\" fill=\"#68a63b\"><\/polygon><polygon points=\"4.05 20.25 8.1 16.2 12.15 20.25 4.05 20.25\" fill=\"#68a63b\"><\/polygon><polygon points=\"12.15 20.25 16.2 16.2 20.25 20.25 12.15 20.25\" fill=\"#68a63b\"><\/polygon><polygon points=\"16.2 16.2 20.25 12.15 24.3 16.2 16.2 16.2\" fill=\"#68a63b\"><\/polygon><polygon points=\"0 16.2 4.05 12.15 8.1 16.2 0 16.2\" fill=\"#68a63b\"><\/polygon><polygon points=\"14.86 9.44 12.15 6.73 9.44 9.44 6.73 12.15 9.44 14.86 12.15 17.57 14.86 14.86 17.57 12.15 14.86 9.44\" fill=\"#68a63b\"><\/polygon><polygon points=\"14.86 9.44 12.15 6.73 9.44 9.44 6.73 12.15 9.44 14.86 12.15 17.57 14.86 14.86 17.57 12.15 14.86 9.44\" fill=\"#fd3535\"><\/polygon><\/g><\/svg><\/div><\/div><div class=\"media-body\"><h4 class=\"feature-box-title\">Le Groupe consultatif international (GCI)<\/h4><\/div><!-- .media-body --><\/div><!-- .media -->\t\t<\/div>\n\t\t\t\t<\/div>\n\t\t\t\t\t<\/div>\n\t\t\t\t<\/div>\n\t\t\t\t\t<\/div>\n\t\t\t\t<\/div>\n\t\t\t\t<\/div>\n\t\t\t\t\t<\/div>\n\t\t\t\t<\/div>\n\t\t\t\t<\/div>\n\t\t","protected":false},"excerpt":{"rendered":"<p>IAG Le Groupe consultatif international Le Groupe consultatif international (GCI) fournit des conseils sur la strat\u00e9gie, les activit\u00e9s, la gouvernance, la sensibilisation et l\u2019octroi de subventions des programmes, ce qui renforcera la mission de l\u2019IPRI et contribuera \u00e0..<\/p>\n","protected":false},"author":1,"featured_media":0,"parent":0,"menu_order":0,"comment_status":"closed","ping_status":"closed","template":"","meta":{"footnotes":""},"class_list":["post-84536","page","type-page","status-publish","hentry"],"_links":{"self":[{"href":"https:\/\/iprights.org\/fr\/wp-json\/wp\/v2\/pages\/84536","targetHints":{"allow":["GET"]}}],"collection":[{"href":"https:\/\/iprights.org\/fr\/wp-json\/wp\/v2\/pages"}],"about":[{"href":"https:\/\/iprights.org\/fr\/wp-json\/wp\/v2\/types\/page"}],"author":[{"embeddable":true,"href":"https:\/\/iprights.org\/fr\/wp-json\/wp\/v2\/users\/1"}],"replies":[{"embeddable":true,"href":"https:\/\/iprights.org\/fr\/wp-json\/wp\/v2\/comments?post=84536"}],"version-history":[{"count":2,"href":"https:\/\/iprights.org\/fr\/wp-json\/wp\/v2\/pages\/84536\/revisions"}],"predecessor-version":[{"id":84538,"href":"https:\/\/iprights.org\/fr\/wp-json\/wp\/v2\/pages\/84536\/revisions\/84538"}],"wp:attachment":[{"href":"https:\/\/iprights.org\/fr\/wp-json\/wp\/v2\/media?parent=84536"}],"curies":[{"name":"wp","href":"https:\/\/api.w.org\/{rel}","templated":true}]}}