{"id":84565,"date":"2025-11-05T16:27:35","date_gmt":"2025-11-05T16:27:35","guid":{"rendered":"https:\/\/iprights.org\/secretariat-mondial\/"},"modified":"2026-03-26T18:17:18","modified_gmt":"2026-03-26T18:17:18","slug":"secretariat-mondial","status":"publish","type":"page","link":"https:\/\/iprights.org\/fr\/secretariat-mondial\/","title":{"rendered":"Secr\u00e9tariat mondial"},"content":{"rendered":"\t\t<div data-elementor-type=\"wp-page\" data-elementor-id=\"84565\" class=\"elementor elementor-84565 elementor-78972\" data-elementor-post-type=\"page\">\n\t\t\t\t<div data-particle_enable=\"false\" data-particle-mobile-disabled=\"false\" class=\"elementor-element elementor-element-40cf289 e-flex e-con-boxed content-parallax-no e-con e-parent\" data-id=\"40cf289\" data-element_type=\"container\" data-e-type=\"container\">\n\t\t\t\t\t<div class=\"e-con-inner\">\n\t\t\t\t<div class=\"elementor-element elementor-element-03fc004 elementor-widget elementor-widget-text-editor\" data-id=\"03fc004\" data-element_type=\"widget\" data-e-type=\"widget\" data-widget_type=\"text-editor.default\">\n\t\t\t\t\t\t\t\t\t<p>Le secr\u00e9tariat de l&rsquo;IPRI assure la gestion quotidienne de l&rsquo;IPRI. Le secr\u00e9tariat est compos\u00e9 du directeur ex\u00e9cutif, du chef des op\u00e9rations, de l&rsquo;\u00e9quipe Droits de l&rsquo;homme et secteur priv\u00e9 des Nations unies, de l&rsquo;\u00e9quipe Environnement et droits de l&rsquo;homme, de l&rsquo;\u00e9quipe Recherche et documentation, de l&rsquo;\u00e9quipe Communication et de l&rsquo;\u00e9quipe Finances et soutien administratif. <\/p>\t\t\t\t\t\t\t\t<\/div>\n\t\t\t\t<div class=\"elementor-element elementor-element-081b539 elementor-widget elementor-widget-ceateam\" data-id=\"081b539\" data-element_type=\"widget\" data-e-type=\"widget\" data-widget_type=\"ceateam.default\">\n\t\t\t\t\r\n\t\t<div class=\"elementor-widget-container team-wrapper team-style-classic team-light team-normal-model\" >\r\n\t\t\r\n\t\t\t<div class=\"row\"><div class=\"col-lg-3 col-md-6 col-sm-12\" ><div class=\"team-inner\"><div class=\"entry-title\"><h4 class=\"post-title-head\"><a href=\"https:\/\/iprights.org\/fr\/team\/joan-carling-2\/\" class=\"post-title\">Joan Carling<\/a><\/h4><\/div><!-- .entry-title --><div class=\"team-designation\"><div class=\"post-designation-head\">DIRECTEUR EX\u00c9CUTIF<\/div><\/div><!-- .team-designation --><\/div><!-- .team-inner --><\/div><!-- .col \/ .owl-carousel-item \/ .isotope --><div class=\"col-lg-3 col-md-6 col-sm-12\" ><div class=\"team-inner\"><div class=\"entry-title\"><h4 class=\"post-title-head\"><a href=\"https:\/\/iprights.org\/fr\/team\/fergus-mackay\/\" class=\"post-title\">Fergus MacKay<\/a><\/h4><\/div><!-- .entry-title --><div class=\"team-designation\"><div class=\"post-designation-head\">CONSEILLER JURIDIQUE ET POLITIQUE PRINCIPAL<\/div><\/div><!-- .team-designation --><\/div><!-- .team-inner --><\/div><!-- .col \/ .owl-carousel-item \/ .isotope --><div class=\"col-lg-3 col-md-6 col-sm-12\" ><div class=\"team-inner\"><div class=\"entry-title\"><h4 class=\"post-title-head\"><a href=\"https:\/\/iprights.org\/fr\/team\/raymond-de-chavez\/\" class=\"post-title\">Raymond de Chavez<\/a><\/h4><\/div><!-- .entry-title --><div class=\"team-designation\"><div class=\"post-designation-head\">CHEF DES OP\u00c9RATIONS<\/div><\/div><!-- .team-designation --><\/div><!-- .team-inner --><\/div><!-- .col \/ .owl-carousel-item \/ .isotope --><div class=\"col-lg-3 col-md-6 col-sm-12\" ><div class=\"team-inner\"><div class=\"entry-title\"><h4 class=\"post-title-head\"><a href=\"https:\/\/iprights.org\/fr\/team\/jillie-karl-basan-2\/\" class=\"post-title\">Jillie Karl Basan<\/a><\/h4><\/div><!-- .entry-title --><div class=\"team-designation\"><div class=\"post-designation-head\">ASSISTANT EX\u00c9CUTIF DU DIRECTEUR EX\u00c9CUTIF<\/div><\/div><!-- .team-designation --><\/div><!-- .team-inner --><\/div><!-- .col \/ .owl-carousel-item \/ .isotope --><div class=\"col-lg-3 col-md-6 col-sm-12\" ><div class=\"team-inner\"><div class=\"entry-title\"><h4 class=\"post-title-head\"><a href=\"https:\/\/iprights.org\/fr\/team\/vivian-mantias-4\/\" class=\"post-title\">Vivian Mantias<\/a><\/h4><\/div><!-- .entry-title --><div class=\"team-designation\"><div class=\"post-designation-head\">FINANCE STAFF<\/div><\/div><!-- .team-designation --><\/div><!-- .team-inner --><\/div><!-- .col \/ .owl-carousel-item \/ .isotope --><div class=\"col-lg-3 col-md-6 col-sm-12\" ><div class=\"team-inner\"><div class=\"entry-title\"><h4 class=\"post-title-head\"><a href=\"https:\/\/iprights.org\/fr\/team\/novelyne-ramon-pel-ey\/\" class=\"post-title\">Novelyne Ramon Pel-ey<\/a><\/h4><\/div><!-- .entry-title --><div class=\"team-designation\"><div class=\"post-designation-head\">FINANCE STAFF<\/div><\/div><!-- .team-designation --><\/div><!-- .team-inner --><\/div><!-- .col \/ .owl-carousel-item \/ .isotope --><div class=\"col-lg-3 col-md-6 col-sm-12\" ><div class=\"team-inner\"><div class=\"entry-title\"><h4 class=\"post-title-head\"><a href=\"https:\/\/iprights.org\/fr\/team\/mary-joyce-seguin\/\" class=\"post-title\">Mary Joyce Seguin<\/a><\/h4><\/div><!-- .entry-title --><div class=\"team-designation\"><div class=\"post-designation-head\">LE PERSONNEL ADMINISTRATIF<\/div><\/div><!-- .team-designation --><\/div><!-- .team-inner --><\/div><!-- .col \/ .owl-carousel-item \/ .isotope --><div class=\"col-lg-3 col-md-6 col-sm-12\" ><div class=\"team-inner\"><div class=\"entry-title\"><h4 class=\"post-title-head\"><a href=\"https:\/\/iprights.org\/fr\/team\/aisa-kristine-daguitan-2\/\" class=\"post-title\">Aisa Kristine Daguitan<\/a><\/h4><\/div><!-- .entry-title --><div class=\"team-designation\"><div class=\"post-designation-head\">FONCTIONNAIRE DES FINANCES ET DE LA COMPTABILIT\u00c9<\/div><\/div><!-- .team-designation --><\/div><!-- .team-inner --><\/div><!-- .col \/ .owl-carousel-item \/ .isotope --><div class=\"col-lg-3 col-md-6 col-sm-12\" ><div class=\"team-inner\"><div class=\"entry-title\"><h4 class=\"post-title-head\"><a href=\"https:\/\/iprights.org\/fr\/team\/adazahira-chavez-perez-3\/\" class=\"post-title\">Adazahira Ch\u00e1vez P\u00e9rez<\/a><\/h4><\/div><!-- .entry-title --><div class=\"team-designation\"><div class=\"post-designation-head\">COORDINATEUR DE LA COMMUNICATION GLOBALE<\/div><\/div><!-- .team-designation --><\/div><!-- .team-inner --><\/div><!-- .col \/ .owl-carousel-item \/ .isotope --><div class=\"col-lg-3 col-md-6 col-sm-12\" ><div class=\"team-inner\"><div class=\"entry-title\"><h4 class=\"post-title-head\"><a href=\"https:\/\/iprights.org\/fr\/team\/natalia-ramirez-gutierrez\/\" class=\"post-title\">Natalia Ram\u00edrez Guti\u00e9rrez<\/a><\/h4><\/div><!-- .entry-title --><div class=\"team-designation\"><div class=\"post-designation-head\">HAUT RESPONSABLE DE LA STRAT\u00c9GIE NUM\u00c9RIQUE ET DE LA COMMUNICATION R\u00c9GIONALE POUR L&#039;AM\u00c9RIQUE LATINE<\/div><\/div><!-- .team-designation --><\/div><!-- .team-inner --><\/div><!-- .col \/ .owl-carousel-item \/ .isotope --><div class=\"col-lg-3 col-md-6 col-sm-12\" ><div class=\"team-inner\"><div class=\"entry-title\"><h4 class=\"post-title-head\"><a href=\"https:\/\/iprights.org\/fr\/team\/maria-manuela-sequeira-morales-2\/\" class=\"post-title\">Mar\u00eda Manuela Sequeira Morales<\/a><\/h4><\/div><!-- .entry-title --><div class=\"team-designation\"><div class=\"post-designation-head\">POINT FOCAL R\u00c9GIONAL DE DOCUMENTATION ET DE PLAIDOYER POUR L&#039;AM\u00c9RIQUE LATINE ET LES CARA\u00cfBES<\/div><\/div><!-- .team-designation --><\/div><!-- .team-inner --><\/div><!-- .col \/ .owl-carousel-item \/ .isotope --><div class=\"col-lg-3 col-md-6 col-sm-12\" ><div class=\"team-inner\"><div class=\"entry-title\"><h4 class=\"post-title-head\"><a href=\"https:\/\/iprights.org\/fr\/team\/nekoita-nawankas-2\/\" class=\"post-title\">Nekoita Nawankas<\/a><\/h4><\/div><!-- .entry-title --><div class=\"team-designation\"><div class=\"post-designation-head\">POINT FOCAL R\u00c9GIONAL DE DOCUMENTATION ET DE PLAIDOYER POUR L&#039;AFRIQUE<\/div><\/div><!-- .team-designation --><\/div><!-- .team-inner --><\/div><!-- .col \/ .owl-carousel-item \/ .isotope --><div class=\"col-lg-3 col-md-6 col-sm-12\" ><div class=\"team-inner\"><div class=\"entry-title\"><h4 class=\"post-title-head\"><a href=\"https:\/\/iprights.org\/fr\/team\/heather-owatch-2\/\" class=\"post-title\">Heather O&rsquo;Watch<\/a><\/h4><\/div><!-- .entry-title --><div class=\"team-designation\"><div class=\"post-designation-head\">RESPONSABLE DE LA DOCUMENTATION ET DE LA BASE DE DONN\u00c9ES<\/div><\/div><!-- .team-designation --><\/div><!-- .team-inner --><\/div><!-- .col \/ .owl-carousel-item \/ .isotope --><div class=\"col-lg-3 col-md-6 col-sm-12\" ><div class=\"team-inner\"><div class=\"entry-title\"><h4 class=\"post-title-head\"><a href=\"https:\/\/iprights.org\/fr\/team\/patricia-borraz-2\/\" class=\"post-title\">Patricia Borraz<\/a><\/h4><\/div><!-- .entry-title --><div class=\"team-designation\"><div class=\"post-designation-head\">COORDINATEUR DE LA RECHERCHE ET DE LA DOCUMENTATION<\/div><\/div><!-- .team-designation --><\/div><!-- .team-inner --><\/div><!-- .col \/ .owl-carousel-item \/ .isotope --><div class=\"col-lg-3 col-md-6 col-sm-12\" ><div class=\"team-inner\"><div class=\"entry-title\"><h4 class=\"post-title-head\"><a href=\"https:\/\/iprights.org\/fr\/team\/monica-ndoen-3\/\" class=\"post-title\">Monica Ndoen<\/a><\/h4><\/div><!-- .entry-title --><div class=\"team-designation\"><div class=\"post-designation-head\">RESPONSABLE DE L&#039;ENVIRONNEMENT ET DES DROITS DE L&#039;HOMME<\/div><\/div><!-- .team-designation --><\/div><!-- .team-inner --><\/div><!-- .col \/ .owl-carousel-item \/ .isotope --><div class=\"col-lg-3 col-md-6 col-sm-12\" ><div class=\"team-inner\"><div class=\"entry-title\"><h4 class=\"post-title-head\"><a href=\"https:\/\/iprights.org\/fr\/team\/wara-iris-ruiz-condori-2\/\" class=\"post-title\">Wara Iris Ruiz Condori<\/a><\/h4><\/div><!-- .entry-title --><div class=\"team-designation\"><div class=\"post-designation-head\">PERSONNEL CHARG\u00c9 DE L&#039;ENVIRONNEMENT ET DES DROITS DE L&#039;HOMME<\/div><\/div><!-- .team-designation --><\/div><!-- .team-inner --><\/div><!-- .col \/ .owl-carousel-item \/ .isotope --><div class=\"col-lg-3 col-md-6 col-sm-12\" ><div class=\"team-inner\"><div class=\"entry-title\"><h4 class=\"post-title-head\"><a href=\"https:\/\/iprights.org\/fr\/team\/krishna-sharan-dangol-2\/\" class=\"post-title\">Krishna Sharan Dangol<\/a><\/h4><\/div><!-- .entry-title --><div class=\"team-designation\"><div class=\"post-designation-head\">CHARG\u00c9 DE PLAIDOYER<\/div><\/div><!-- .team-designation --><\/div><!-- .team-inner --><\/div><!-- .col \/ .owl-carousel-item \/ .isotope --><div class=\"col-lg-3 col-md-6 col-sm-12\" ><div class=\"team-inner\"><div class=\"entry-title\"><h4 class=\"post-title-head\"><a href=\"https:\/\/iprights.org\/fr\/team\/jo-ann-guillao-2\/\" class=\"post-title\">Jo Ann Guillao<\/a><\/h4><\/div><!-- .entry-title --><div class=\"team-designation\"><div class=\"post-designation-head\">COORDINATEUR DE L&#039;ENVIRONNEMENT ET DES DROITS DE L&#039;HOMME<\/div><\/div><!-- .team-designation --><\/div><!-- .team-inner --><\/div><!-- .col \/ .owl-carousel-item \/ .isotope --><div class=\"col-lg-3 col-md-6 col-sm-12\" ><div class=\"team-inner\"><div class=\"entry-title\"><h4 class=\"post-title-head\"><a href=\"https:\/\/iprights.org\/fr\/team\/cindy-kobei-2\/\" class=\"post-title\">Cindy Kobei<\/a><\/h4><\/div><!-- .entry-title --><div class=\"team-designation\"><div class=\"post-designation-head\">CHARG\u00c9 DE PLAIDOYER<\/div><\/div><!-- .team-designation --><\/div><!-- .team-inner --><\/div><!-- .col \/ .owl-carousel-item \/ .isotope --><div class=\"col-lg-3 col-md-6 col-sm-12\" ><div class=\"team-inner\"><div class=\"entry-title\"><h4 class=\"post-title-head\"><a href=\"https:\/\/iprights.org\/fr\/team\/miluska-buendia-2\/\" class=\"post-title\">Miluska Buend\u00eda<\/a><\/h4><\/div><!-- .entry-title --><div class=\"team-designation\"><div class=\"post-designation-head\">COORDINATEUR DU FONDS DE D\u00c9FENSE JURIDIQUE ET DE SANCTUAIRE<\/div><\/div><!-- .team-designation --><\/div><!-- .team-inner --><\/div><!-- .col \/ .owl-carousel-item \/ .isotope --><div class=\"col-lg-3 col-md-6 col-sm-12\" ><div class=\"team-inner\"><div class=\"entry-title\"><h4 class=\"post-title-head\"><a href=\"https:\/\/iprights.org\/fr\/team\/alma-sinumlag-2\/\" class=\"post-title\">Alma Sinumlag<\/a><\/h4><\/div><!-- .entry-title --><div class=\"team-designation\"><div class=\"post-designation-head\">POINT FOCAL POUR LES ENTREPRISES ET LES DROITS DE L&#039;HOMME<\/div><\/div><!-- .team-designation --><\/div><!-- .team-inner --><\/div><!-- .col \/ .owl-carousel-item \/ .isotope --><div class=\"col-lg-3 col-md-6 col-sm-12\" ><div class=\"team-inner\"><div class=\"entry-title\"><h4 class=\"post-title-head\"><a href=\"https:\/\/iprights.org\/fr\/team\/raquel-xiloj-2\/\" class=\"post-title\">Raquel Xiloj<\/a><\/h4><\/div><!-- .entry-title --><div class=\"team-designation\"><div class=\"post-designation-head\">FONDS DE D\u00c9FENSE JURIDIQUE ET DE SANCTUAIRE COORDINATEUR ADJOINT<\/div><\/div><!-- .team-designation --><\/div><!-- .team-inner --><\/div><!-- .col \/ .owl-carousel-item \/ .isotope --><\/div><!-- .row -->\t\t\t\r\n\t\t<\/div>\r\n\t\t\t\t<\/div>\n\t\t\t\t\t<\/div>\n\t\t\t\t<\/div>\n\t\t\t\t<\/div>\n\t\t","protected":false},"excerpt":{"rendered":"<p>Le secr\u00e9tariat de l&rsquo;IPRI assure la gestion quotidienne de l&rsquo;IPRI. Le secr\u00e9tariat est compos\u00e9 du..<\/p>\n","protected":false},"author":1,"featured_media":0,"parent":0,"menu_order":0,"comment_status":"closed","ping_status":"closed","template":"","meta":{"footnotes":""},"class_list":["post-84565","page","type-page","status-publish","hentry"],"_links":{"self":[{"href":"https:\/\/iprights.org\/fr\/wp-json\/wp\/v2\/pages\/84565","targetHints":{"allow":["GET"]}}],"collection":[{"href":"https:\/\/iprights.org\/fr\/wp-json\/wp\/v2\/pages"}],"about":[{"href":"https:\/\/iprights.org\/fr\/wp-json\/wp\/v2\/types\/page"}],"author":[{"embeddable":true,"href":"https:\/\/iprights.org\/fr\/wp-json\/wp\/v2\/users\/1"}],"replies":[{"embeddable":true,"href":"https:\/\/iprights.org\/fr\/wp-json\/wp\/v2\/comments?post=84565"}],"version-history":[{"count":1,"href":"https:\/\/iprights.org\/fr\/wp-json\/wp\/v2\/pages\/84565\/revisions"}],"predecessor-version":[{"id":84566,"href":"https:\/\/iprights.org\/fr\/wp-json\/wp\/v2\/pages\/84565\/revisions\/84566"}],"wp:attachment":[{"href":"https:\/\/iprights.org\/fr\/wp-json\/wp\/v2\/media?parent=84565"}],"curies":[{"name":"wp","href":"https:\/\/api.w.org\/{rel}","templated":true}]}}