{"id":85169,"date":"2025-11-25T18:18:41","date_gmt":"2025-11-25T18:18:41","guid":{"rendered":"https:\/\/iprights.org\/ressources\/"},"modified":"2026-03-26T18:35:21","modified_gmt":"2026-03-26T18:35:21","slug":"ressources","status":"publish","type":"page","link":"https:\/\/iprights.org\/fr\/ressources\/","title":{"rendered":"Ressources"},"content":{"rendered":"\t\t<div data-elementor-type=\"wp-page\" data-elementor-id=\"85169\" class=\"elementor elementor-85169 elementor-82814\" data-elementor-post-type=\"page\">\n\t\t\t\t<div data-particle_enable=\"false\" data-particle-mobile-disabled=\"false\" class=\"elementor-element elementor-element-ee3afae e-flex e-con-boxed content-parallax-no e-con e-parent\" data-id=\"ee3afae\" data-element_type=\"container\" data-e-type=\"container\">\n\t\t\t\t\t<div class=\"e-con-inner\">\n\t\t\t\t<div class=\"elementor-element elementor-element-2dccb1e elementor-invisible elementor-widget elementor-widget-shortcode\" data-id=\"2dccb1e\" data-element_type=\"widget\" data-e-type=\"widget\" data-settings=\"{&quot;_animation&quot;:&quot;fadeInLeft&quot;}\" data-widget_type=\"shortcode.default\">\n\t\t\t\t\t\t\t<div class=\"elementor-shortcode\">\n\t\t\t\t<form action=\"\" method=\"post\" class=\"searchandfilter\">\n\t\t\t\t\t<div><ul><li><input type=\"text\" name=\"ofsearch\" placeholder=\"Search &hellip;\" value=\"\"><\/li><li><select  name='ofcategory' id='ofcategory' class='postform'>\n\t<option value='0' selected='selected'>Toutes<\/option>\n\t<option class=\"level-0\" value=\"265\">About the Initiative<\/option>\n\t<option class=\"level-0\" value=\"279\">Actualit\u00e9s et caract\u00e9ristiques<\/option>\n\t<option class=\"level-0\" value=\"374\">Actualit\u00e9s et \u00e9v\u00e9nements<\/option>\n\t<option class=\"level-0\" value=\"317\">Analyses et compilations juridiques<\/option>\n\t<option class=\"level-0\" value=\"303\">Autres publications<\/option>\n\t<option class=\"level-0\" value=\"298\">COP30<\/option>\n\t<option class=\"level-0\" value=\"319\">Criminalisation et incarc\u00e9ration<\/option>\n\t<option class=\"level-0\" value=\"297\">D\u00e9clarations<\/option>\n\t<option class=\"level-0\" value=\"292\">Dossiers en vedette<\/option>\n\t<option class=\"level-0\" value=\"370\">Entreprises et droits de l&rsquo;homme<\/option>\n\t<option class=\"level-0\" value=\"344\">Environnement et droits humains<\/option>\n\t<option class=\"level-0\" value=\"314\">Ev\u00e9nements<\/option>\n\t<option class=\"level-0\" value=\"267\">Events<\/option>\n\t<option class=\"level-0\" value=\"269\">Events<\/option>\n\t<option class=\"level-0\" value=\"233\">General Information<\/option>\n\t<option class=\"level-0\" value=\"418\">Global Directors<\/option>\n\t<option class=\"level-0\" value=\"263\">Legal and Sanctuary Fund<\/option>\n\t<option class=\"level-0\" value=\"261\">Multimedia<\/option>\n\t<option class=\"level-0\" value=\"238\">News and Features<\/option>\n\t<option class=\"level-0\" value=\"251\">News and Features<\/option>\n\t<option class=\"level-0\" value=\"271\">Petitions<\/option>\n\t<option class=\"level-0\" value=\"266\">Press Releases<\/option>\n\t<option class=\"level-0\" value=\"258\">Publications<\/option>\n\t<option class=\"level-0\" value=\"302\">Ressources<\/option>\n<\/select>\n<input type=\"hidden\" name=\"ofcategory_operator\" value=\"and\" \/><\/li><li><select  name='ofpost_tag' id='ofpost_tag' class='postform'>\n\t<option value='0' selected='selected'>Toutes les \u00e9tiquettes<\/option>\n\t<option class=\"level-0\" value=\"253\">Africa<\/option>\n\t<option class=\"level-0\" value=\"406\">Annual Criminalization Report<\/option>\n\t<option class=\"level-0\" value=\"420\">Argentina<\/option>\n\t<option class=\"level-0\" value=\"214\">Asia<\/option>\n\t<option class=\"level-0\" value=\"311\">Autres<\/option>\n\t<option class=\"level-0\" value=\"224\">Brazil<\/option>\n\t<option class=\"level-0\" value=\"416\">Brochure<\/option>\n\t<option class=\"level-0\" value=\"398\">Business and Human Rights 2022<\/option>\n\t<option class=\"level-0\" value=\"413\">CEDAW<\/option>\n\t<option class=\"level-0\" value=\"375\">Changement climatique<\/option>\n\t<option class=\"level-0\" value=\"384\">Chiapas<\/option>\n\t<option class=\"level-0\" value=\"234\">Colombia<\/option>\n\t<option class=\"level-0\" value=\"333\">Conservation<\/option>\n\t<option class=\"level-0\" value=\"396\">COP15<\/option>\n\t<option class=\"level-0\" value=\"400\">COP27<\/option>\n\t<option class=\"level-0\" value=\"325\">Criminalization<\/option>\n\t<option class=\"level-0\" value=\"338\">Critical minerals<\/option>\n\t<option class=\"level-0\" value=\"362\">Dayak Banjar<\/option>\n\t<option class=\"level-0\" value=\"215\">Democratic Republic of the Congo<\/option>\n\t<option class=\"level-0\" value=\"348\">Empresas y derechos humanos<\/option>\n\t<option class=\"level-0\" value=\"320\">EMRIP<\/option>\n\t<option class=\"level-0\" value=\"350\">EMRIP2024<\/option>\n\t<option class=\"level-0\" value=\"321\">EMRIP2025<\/option>\n\t<option class=\"level-0\" value=\"354\">\u00c9quateur<\/option>\n\t<option class=\"level-0\" value=\"237\">Europe<\/option>\n\t<option class=\"level-0\" value=\"219\">events<\/option>\n\t<option class=\"level-0\" value=\"358\">Evictions<\/option>\n\t<option class=\"level-0\" value=\"294\">Fonds de d\u00e9fense juridique et de sanctuaire<\/option>\n\t<option class=\"level-0\" value=\"383\">Frontline Defenders<\/option>\n\t<option class=\"level-0\" value=\"225\">Global<\/option>\n\t<option class=\"level-0\" value=\"335\">Guatemala<\/option>\n\t<option class=\"level-0\" value=\"364\">HRC54<\/option>\n\t<option class=\"level-0\" value=\"366\">Human Rights<\/option>\n\t<option class=\"level-0\" value=\"368\">Human Rights Council<\/option>\n\t<option class=\"level-0\" value=\"394\">Human Rights Day 2022<\/option>\n\t<option class=\"level-0\" value=\"245\">India<\/option>\n\t<option class=\"level-0\" value=\"226\">Indonesia<\/option>\n\t<option class=\"level-0\" value=\"213\">Jobs<\/option>\n\t<option class=\"level-0\" value=\"382\">Joint Statement<\/option>\n\t<option class=\"level-0\" value=\"337\">Just Transition<\/option>\n\t<option class=\"level-0\" value=\"356\">Kenya<\/option>\n\t<option class=\"level-0\" value=\"217\">Latin America<\/option>\n\t<option class=\"level-0\" value=\"293\">LDSF<\/option>\n\t<option class=\"level-0\" value=\"412\">Les femmes autochtones<\/option>\n\t<option class=\"level-0\" value=\"376\">Maasai<\/option>\n\t<option class=\"level-0\" value=\"404\">Maasai Eviction<\/option>\n\t<option class=\"level-0\" value=\"324\">Mexique<\/option>\n\t<option class=\"level-0\" value=\"242\">multimedia<\/option>\n\t<option class=\"level-0\" value=\"221\">news<\/option>\n\t<option class=\"level-0\" value=\"239\">North America<\/option>\n\t<option class=\"level-0\" value=\"357\">Ogiek<\/option>\n\t<option class=\"level-0\" value=\"256\">Pacific<\/option>\n\t<option class=\"level-0\" value=\"331\">Panama<\/option>\n\t<option class=\"level-0\" value=\"252\">partners<\/option>\n\t<option class=\"level-0\" value=\"232\">Peru<\/option>\n\t<option class=\"level-0\" value=\"254\">Philippines<\/option>\n\t<option class=\"level-0\" value=\"379\">Press Release<\/option>\n\t<option class=\"level-0\" value=\"227\">Publications<\/option>\n\t<option class=\"level-0\" value=\"304\">Rapport annuel de l&rsquo;IPRI<\/option>\n\t<option class=\"level-0\" value=\"378\">RDC<\/option>\n\t<option class=\"level-0\" value=\"402\">Tanzania<\/option>\n\t<option class=\"level-0\" value=\"342\">UNDRIP<\/option>\n\t<option class=\"level-0\" value=\"392\">United Nations<\/option>\n\t<option class=\"level-0\" value=\"336\">UNPFII<\/option>\n\t<option class=\"level-0\" value=\"352\">UNPFII 2024<\/option>\n\t<option class=\"level-0\" value=\"329\">Violence<\/option>\n\t<option class=\"level-0\" value=\"388\">WaterConference<\/option>\n\t<option class=\"level-0\" value=\"326\">Women<\/option>\n\t<option class=\"level-0\" value=\"390\">Womens&rsquo; Month<\/option>\n\t<option class=\"level-0\" value=\"346\">Xanharu<\/option>\n<\/select>\n<input type=\"hidden\" name=\"ofpost_tag_operator\" value=\"and\" \/><\/li><li><input type=\"hidden\" id=\"_searchandfilter_nonce\" name=\"_searchandfilter_nonce\" value=\"3ce01d831a\" \/><input type=\"hidden\" name=\"_wp_http_referer\" value=\"\/fr\/wp-json\/wp\/v2\/pages\/85169\" \/><input type=\"hidden\" name=\"ofsubmitted\" value=\"1\"><input type=\"submit\" value=\"Submit\"><\/li><\/ul><\/div><\/form><\/div>\n\t\t\t\t\t\t<\/div>\n\t\t\t\t<div class=\"elementor-element elementor-element-13681f6 elementor-widget elementor-widget-spacer\" data-id=\"13681f6\" data-element_type=\"widget\" data-e-type=\"widget\" data-widget_type=\"spacer.default\">\n\t\t\t\t\t\t\t<div class=\"elementor-spacer\">\n\t\t\t<div class=\"elementor-spacer-inner\"><\/div>\n\t\t<\/div>\n\t\t\t\t\t\t<\/div>\n\t\t\t\t\t<\/div>\n\t\t\t\t<\/div>\n\t\t<div data-particle_enable=\"false\" data-particle-mobile-disabled=\"false\" class=\"elementor-element elementor-element-6271485d e-flex e-con-boxed content-parallax-no elementor-invisible e-con e-parent\" data-id=\"6271485d\" data-element_type=\"container\" data-e-type=\"container\" data-settings=\"{&quot;animation&quot;:&quot;fadeInRight&quot;}\">\n\t\t\t\t\t<div class=\"e-con-inner\">\n\t\t<div data-particle_enable=\"false\" data-particle-mobile-disabled=\"false\" class=\"elementor-element elementor-element-1088a8a e-con-full e-flex content-parallax-no e-con e-child\" data-id=\"1088a8a\" data-element_type=\"container\" data-e-type=\"container\">\n\t\t\t\t<div class=\"elementor-element elementor-element-3c672101 elementor-widget elementor-widget-ceaposts\" data-id=\"3c672101\" data-element_type=\"widget\" data-e-type=\"widget\" data-widget_type=\"ceaposts.default\">\n\t\t\t\t\n\t\t<div class=\"elementor-widget-container blog-wrapper blog-style-classic-pro blog-light blog-normal-model\" >\n\t\t\n\t\t\t<div class=\"row\"><div class=\"col-lg-4 col-md-6 col-sm-12\" ><div class=\"blog-inner\"><div class=\"post-thumb post-overlay-active\"><a href=\"https:\/\/iprights.org\/fr\/2026\/04\/19\/de-la-criminalisation-a-un-veritable-partenariat-transformer-les-lois-de-conservation-vers-un-cadre-fonde-sur-les-droits\/\" class=\"post-image-link\"><img decoding=\"async\" src=\"https:\/\/iprights.org\/wp-content\/uploads\/2026\/04\/Captura-de-pantalla-2026-04-19-a-las-4.50.32-p.m-1.png\" title=\"Captura de pantalla 2026-04-19 a la(s) 4.50.32\u202fp.m.\" alt=\"\" class=\"img-fluid squared\" \/><\/a><div class=\"post-overlay-items\"><div class=\"entry-title\"><h6 class=\"post-title-head\"><a href=\"https:\/\/iprights.org\/fr\/2026\/04\/19\/de-la-criminalisation-a-un-veritable-partenariat-transformer-les-lois-de-conservation-vers-un-cadre-fonde-sur-les-droits\/\" class=\"post-title\">De la criminalisation \u00e0 un v\u00e9ritable partenariat: transformer les lois de conservation vers un cadre fond\u00e9 sur les droits<\/a><\/h6><\/div><!-- .entry-title --><div class=\"bottom-meta clearfix\"><ul class=\"nav bottom-meta-list meta-left\"><li><div class=\"post-more\"><a href=\"https:\/\/iprights.org\/fr\/2026\/04\/19\/de-la-criminalisation-a-un-veritable-partenariat-transformer-les-lois-de-conservation-vers-un-cadre-fonde-sur-les-droits\/\" class=\"read-more elementor-button\">Lire la suite<\/a><\/div><\/li><\/ul><\/div><\/div><\/div><!-- .post-thumb --><div class=\"post-details-outer\"><div class=\"entry-title\"><h6 class=\"post-title-head\"><a href=\"https:\/\/iprights.org\/fr\/2026\/04\/19\/de-la-criminalisation-a-un-veritable-partenariat-transformer-les-lois-de-conservation-vers-un-cadre-fonde-sur-les-droits\/\" class=\"post-title\">De la criminalisation \u00e0 un v\u00e9ritable partenariat: transformer les lois de conservation vers un cadre fond\u00e9 sur les droits<\/a><\/h6><\/div><!-- .entry-title --><\/div><!-- .post-details-outer --><\/div><!-- .blog-inner --><\/div><!-- .col \/ .owl-carousel-item \/ .isotope --><div class=\"col-lg-4 col-md-6 col-sm-12\" ><div class=\"blog-inner\"><div class=\"post-thumb post-overlay-active\"><a href=\"https:\/\/iprights.org\/fr\/2026\/03\/19\/des-voix-derriere-les-barreaux-la-terreur-detat-et-linstrumentalisation-du-droit-contre-les-peuples-autochtones\/\" class=\"post-image-link\"><img decoding=\"async\" src=\"https:\/\/iprights.org\/wp-content\/uploads\/2026\/03\/Captura-de-pantalla-2026-03-18-161814-1.png\" title=\"Capture d&rsquo;\u00e9cran 2026-03-18 161814\" alt=\"\" class=\"img-fluid squared img-fluid squared\" \/><\/a><div class=\"post-overlay-items\"><div class=\"entry-title\"><h6 class=\"post-title-head\"><a href=\"https:\/\/iprights.org\/fr\/2026\/03\/19\/des-voix-derriere-les-barreaux-la-terreur-detat-et-linstrumentalisation-du-droit-contre-les-peuples-autochtones\/\" class=\"post-title\">Des voix derri\u00e8re les barreaux : La terreur d&rsquo;\u00c9tat et l&rsquo;instrumentalisation du droit contre les peuples autochtones<\/a><\/h6><\/div><!-- .entry-title --><div class=\"bottom-meta clearfix\"><ul class=\"nav bottom-meta-list meta-left\"><li><div class=\"post-more\"><a href=\"https:\/\/iprights.org\/fr\/2026\/03\/19\/des-voix-derriere-les-barreaux-la-terreur-detat-et-linstrumentalisation-du-droit-contre-les-peuples-autochtones\/\" class=\"read-more elementor-button\">Lire la suite<\/a><\/div><\/li><\/ul><\/div><\/div><\/div><!-- .post-thumb --><div class=\"post-details-outer\"><div class=\"entry-title\"><h6 class=\"post-title-head\"><a href=\"https:\/\/iprights.org\/fr\/2026\/03\/19\/des-voix-derriere-les-barreaux-la-terreur-detat-et-linstrumentalisation-du-droit-contre-les-peuples-autochtones\/\" class=\"post-title\">Des voix derri\u00e8re les barreaux : La terreur d&rsquo;\u00c9tat et l&rsquo;instrumentalisation du droit contre les peuples autochtones<\/a><\/h6><\/div><!-- .entry-title --><\/div><!-- .post-details-outer --><\/div><!-- .blog-inner --><\/div><!-- .col \/ .owl-carousel-item \/ .isotope --><div class=\"col-lg-4 col-md-6 col-sm-12\" ><div class=\"blog-inner\"><div class=\"post-thumb post-overlay-active\"><a href=\"https:\/\/iprights.org\/fr\/2026\/03\/10\/ipri-rapport-annuel-2025\/\" class=\"post-image-link\"><img decoding=\"async\" src=\"https:\/\/iprights.org\/wp-content\/uploads\/2026\/03\/Captura-de-pantalla-2026-03-10-174848.png\" title=\"Capture d&rsquo;\u00e9cran 2026-03-10 174848\" alt=\"\" class=\"img-fluid squared img-fluid squared img-fluid squared\" \/><\/a><div class=\"post-overlay-items\"><div class=\"entry-title\"><h6 class=\"post-title-head\"><a href=\"https:\/\/iprights.org\/fr\/2026\/03\/10\/ipri-rapport-annuel-2025\/\" class=\"post-title\">IPRI Rapport Annuel 2025<\/a><\/h6><\/div><!-- .entry-title --><div class=\"bottom-meta clearfix\"><ul class=\"nav bottom-meta-list meta-left\"><li><div class=\"post-more\"><a href=\"https:\/\/iprights.org\/fr\/2026\/03\/10\/ipri-rapport-annuel-2025\/\" class=\"read-more elementor-button\">Lire la suite<\/a><\/div><\/li><\/ul><\/div><\/div><\/div><!-- .post-thumb --><div class=\"post-details-outer\"><div class=\"entry-title\"><h6 class=\"post-title-head\"><a href=\"https:\/\/iprights.org\/fr\/2026\/03\/10\/ipri-rapport-annuel-2025\/\" class=\"post-title\">IPRI Rapport Annuel 2025<\/a><\/h6><\/div><!-- .entry-title --><\/div><!-- .post-details-outer --><\/div><!-- .blog-inner --><\/div><!-- .col \/ .owl-carousel-item \/ .isotope --><div class=\"col-lg-4 col-md-6 col-sm-12\" ><div class=\"blog-inner\"><div class=\"post-thumb post-overlay-active\"><a href=\"https:\/\/iprights.org\/fr\/2026\/03\/06\/rapport-annuel-de-lipri-2025\/\" class=\"post-image-link\"><img decoding=\"async\" src=\"https:\/\/iprights.org\/wp-content\/uploads\/2026\/03\/Captura-de-pantalla-2026-03-06-152430.png\" title=\"Captura de pantalla 2026-03-10 174848\" alt=\"\" class=\"img-fluid squared img-fluid squared img-fluid squared img-fluid squared\" \/><\/a><div class=\"post-overlay-items\"><div class=\"entry-title\"><h6 class=\"post-title-head\"><a href=\"https:\/\/iprights.org\/fr\/2026\/03\/06\/rapport-annuel-de-lipri-2025\/\" class=\"post-title\">Rapport annuel de l&rsquo;IPRI 2025<\/a><\/h6><\/div><!-- .entry-title --><div class=\"bottom-meta clearfix\"><ul class=\"nav bottom-meta-list meta-left\"><li><div class=\"post-more\"><a href=\"https:\/\/iprights.org\/fr\/2026\/03\/06\/rapport-annuel-de-lipri-2025\/\" class=\"read-more elementor-button\">Lire la suite<\/a><\/div><\/li><\/ul><\/div><\/div><\/div><!-- .post-thumb --><div class=\"post-details-outer\"><div class=\"entry-title\"><h6 class=\"post-title-head\"><a href=\"https:\/\/iprights.org\/fr\/2026\/03\/06\/rapport-annuel-de-lipri-2025\/\" class=\"post-title\">Rapport annuel de l&rsquo;IPRI 2025<\/a><\/h6><\/div><!-- .entry-title --><\/div><!-- .post-details-outer --><\/div><!-- .blog-inner --><\/div><!-- .col \/ .owl-carousel-item \/ .isotope --><div class=\"col-lg-4 col-md-6 col-sm-12\" ><div class=\"blog-inner\"><div class=\"post-thumb post-overlay-active\"><a href=\"https:\/\/iprights.org\/fr\/2025\/11\/25\/compendium-des-developpements-de-la-jurisprudence-relative-aux-peuples-autochtones-dans-le-contexte-de-la-transition-juste\/\" class=\"post-image-link\"><img decoding=\"async\" src=\"https:\/\/iprights.org\/wp-content\/uploads\/2025\/11\/Captura-de-pantalla-2025-11-24-a-las-6.24.47-p.m.png\" title=\"Capture d&rsquo;\u00e9cran 2025-11-24 a las 6.24.47 p.m.\" alt=\"\" class=\"img-fluid squared img-fluid squared img-fluid squared img-fluid squared img-fluid squared\" \/><\/a><div class=\"post-overlay-items\"><div class=\"entry-title\"><h6 class=\"post-title-head\"><a href=\"https:\/\/iprights.org\/fr\/2025\/11\/25\/compendium-des-developpements-de-la-jurisprudence-relative-aux-peuples-autochtones-dans-le-contexte-de-la-transition-juste\/\" class=\"post-title\">Compendium des d\u00e9veloppements de la jurisprudence relative aux peuples autochtones dans le contexte de la transition juste<\/a><\/h6><\/div><!-- .entry-title --><div class=\"bottom-meta clearfix\"><ul class=\"nav bottom-meta-list meta-left\"><li><div class=\"post-more\"><a href=\"https:\/\/iprights.org\/fr\/2025\/11\/25\/compendium-des-developpements-de-la-jurisprudence-relative-aux-peuples-autochtones-dans-le-contexte-de-la-transition-juste\/\" class=\"read-more elementor-button\">Lire la suite<\/a><\/div><\/li><\/ul><\/div><\/div><\/div><!-- .post-thumb --><div class=\"post-details-outer\"><div class=\"entry-title\"><h6 class=\"post-title-head\"><a href=\"https:\/\/iprights.org\/fr\/2025\/11\/25\/compendium-des-developpements-de-la-jurisprudence-relative-aux-peuples-autochtones-dans-le-contexte-de-la-transition-juste\/\" class=\"post-title\">Compendium des d\u00e9veloppements de la jurisprudence relative aux peuples autochtones dans le contexte de la transition juste<\/a><\/h6><\/div><!-- .entry-title --><\/div><!-- .post-details-outer --><\/div><!-- .blog-inner --><\/div><!-- .col \/ .owl-carousel-item \/ .isotope --><div class=\"col-lg-4 col-md-6 col-sm-12\" ><div class=\"blog-inner\"><div class=\"post-thumb post-overlay-active\"><a href=\"https:\/\/iprights.org\/fr\/2025\/10\/03\/appel-urgent-a-laction-construire-un-cadre-juridique-coherent-pour-la-conservation-de-la-criminalisation-a-un-partenariat-et-une-collaboration-veritables\/\" class=\"post-image-link\"><img decoding=\"async\" src=\"https:\/\/iprights.org\/wp-content\/uploads\/2025\/10\/Captura-de-pantalla-2025-11-25-a-las-12.55.11-p.m.png\" title=\"Captura de pantalla 2025-11-25 a las 12.55.11\u202fp.m.\" alt=\"\" class=\"img-fluid squared img-fluid squared img-fluid squared img-fluid squared img-fluid squared img-fluid squared\" \/><\/a><div class=\"post-overlay-items\"><div class=\"entry-title\"><h6 class=\"post-title-head\"><a href=\"https:\/\/iprights.org\/fr\/2025\/10\/03\/appel-urgent-a-laction-construire-un-cadre-juridique-coherent-pour-la-conservation-de-la-criminalisation-a-un-partenariat-et-une-collaboration-veritables\/\" class=\"post-title\">Appel urgent \u00e0 l&rsquo;action : Construire un cadre juridique coh\u00e9rent pour la conservation, de la criminalisation \u00e0 un partenariat et une collaboration v\u00e9ritables<\/a><\/h6><\/div><!-- .entry-title --><div class=\"bottom-meta clearfix\"><ul class=\"nav bottom-meta-list meta-left\"><li><div class=\"post-more\"><a href=\"https:\/\/iprights.org\/fr\/2025\/10\/03\/appel-urgent-a-laction-construire-un-cadre-juridique-coherent-pour-la-conservation-de-la-criminalisation-a-un-partenariat-et-une-collaboration-veritables\/\" class=\"read-more elementor-button\">Lire la suite<\/a><\/div><\/li><\/ul><\/div><\/div><\/div><!-- .post-thumb --><div class=\"post-details-outer\"><div class=\"entry-title\"><h6 class=\"post-title-head\"><a href=\"https:\/\/iprights.org\/fr\/2025\/10\/03\/appel-urgent-a-laction-construire-un-cadre-juridique-coherent-pour-la-conservation-de-la-criminalisation-a-un-partenariat-et-une-collaboration-veritables\/\" class=\"post-title\">Appel urgent \u00e0 l&rsquo;action : Construire un cadre juridique coh\u00e9rent pour la conservation, de la criminalisation \u00e0 un partenariat et une collaboration v\u00e9ritables<\/a><\/h6><\/div><!-- .entry-title --><\/div><!-- .post-details-outer --><\/div><!-- .blog-inner --><\/div><!-- .col \/ .owl-carousel-item \/ .isotope --><div class=\"col-lg-4 col-md-6 col-sm-12\" ><div class=\"blog-inner\"><div class=\"post-thumb post-overlay-active\"><a href=\"https:\/\/iprights.org\/fr\/2025\/04\/16\/rapport-annuel-2024-de-lipri\/\" class=\"post-image-link\"><img decoding=\"async\" src=\"https:\/\/iprights.org\/wp-content\/uploads\/2025\/04\/cover-annual-2024.jpg\" title=\"cover-annual-2024\" alt=\"\" class=\"img-fluid squared img-fluid squared img-fluid squared img-fluid squared img-fluid squared img-fluid squared img-fluid squared\" \/><\/a><div class=\"post-overlay-items\"><div class=\"entry-title\"><h6 class=\"post-title-head\"><a href=\"https:\/\/iprights.org\/fr\/2025\/04\/16\/rapport-annuel-2024-de-lipri\/\" class=\"post-title\">Rapport annuel 2024 de l\u2019IPRI<\/a><\/h6><\/div><!-- .entry-title --><div class=\"bottom-meta clearfix\"><ul class=\"nav bottom-meta-list meta-left\"><li><div class=\"post-more\"><a href=\"https:\/\/iprights.org\/fr\/2025\/04\/16\/rapport-annuel-2024-de-lipri\/\" class=\"read-more elementor-button\">Lire la suite<\/a><\/div><\/li><\/ul><\/div><\/div><\/div><!-- .post-thumb --><div class=\"post-details-outer\"><div class=\"entry-title\"><h6 class=\"post-title-head\"><a href=\"https:\/\/iprights.org\/fr\/2025\/04\/16\/rapport-annuel-2024-de-lipri\/\" class=\"post-title\">Rapport annuel 2024 de l\u2019IPRI<\/a><\/h6><\/div><!-- .entry-title --><\/div><!-- .post-details-outer --><\/div><!-- .blog-inner --><\/div><!-- .col \/ .owl-carousel-item \/ .isotope --><div class=\"col-lg-4 col-md-6 col-sm-12\" ><div class=\"blog-inner\"><div class=\"post-thumb post-overlay-active\"><a href=\"https:\/\/iprights.org\/fr\/2025\/04\/08\/du-principe-a-la-pratique-utiliser-la-gr39-pour-defendre-les-droits-des-femmes-autochtones\/\" class=\"post-image-link\"><img decoding=\"async\" src=\"https:\/\/iprights.org\/wp-content\/uploads\/2025\/04\/WhatsApp-Image-2025-11-26-at-2.28.23-PM.jpeg\" title=\"WhatsApp Image 2025-11-26 at 2.28.23 PM\" alt=\"\" class=\"img-fluid squared img-fluid squared img-fluid squared img-fluid squared img-fluid squared img-fluid squared img-fluid squared img-fluid squared\" \/><\/a><div class=\"post-overlay-items\"><div class=\"entry-title\"><h6 class=\"post-title-head\"><a href=\"https:\/\/iprights.org\/fr\/2025\/04\/08\/du-principe-a-la-pratique-utiliser-la-gr39-pour-defendre-les-droits-des-femmes-autochtones\/\" class=\"post-title\">Du principe \u00e0 la pratique: utiliser la GR39 pour d\u00e9fendre les droits des femmes autochtones<\/a><\/h6><\/div><!-- .entry-title --><div class=\"bottom-meta clearfix\"><ul class=\"nav bottom-meta-list meta-left\"><li><div class=\"post-more\"><a href=\"https:\/\/iprights.org\/fr\/2025\/04\/08\/du-principe-a-la-pratique-utiliser-la-gr39-pour-defendre-les-droits-des-femmes-autochtones\/\" class=\"read-more elementor-button\">Lire la suite<\/a><\/div><\/li><\/ul><\/div><\/div><\/div><!-- .post-thumb --><div class=\"post-details-outer\"><div class=\"entry-title\"><h6 class=\"post-title-head\"><a href=\"https:\/\/iprights.org\/fr\/2025\/04\/08\/du-principe-a-la-pratique-utiliser-la-gr39-pour-defendre-les-droits-des-femmes-autochtones\/\" class=\"post-title\">Du principe \u00e0 la pratique: utiliser la GR39 pour d\u00e9fendre les droits des femmes autochtones<\/a><\/h6><\/div><!-- .entry-title --><\/div><!-- .post-details-outer --><\/div><!-- .blog-inner --><\/div><!-- .col \/ .owl-carousel-item \/ .isotope --><div class=\"col-lg-4 col-md-6 col-sm-12\" ><div class=\"blog-inner\"><div class=\"post-details-outer\"><div class=\"entry-title\"><h6 class=\"post-title-head\"><a href=\"https:\/\/iprights.org\/fr\/2025\/04\/03\/compilation-de-la-jurisprudence-des-organes-de-traites-des-nations-unies-des-procedures-speciales-du-conseil-des-droits-de-lhomme-et-des-avis-du-mecanisme-dexperts-sur-les-droits-de\/\" class=\"post-title\">Compilation de la jurisprudence des organes de trait\u00e9s des Nations Unies, des proc\u00e9dures sp\u00e9ciales du Conseil des droits de l\u2019homme et des avis du M\u00e9canisme d\u2019experts sur les droits des peuples autochtones &#8211; Volume X (2023-2024)<\/a><\/h6><\/div><!-- .entry-title --><\/div><!-- .post-details-outer --><\/div><!-- .blog-inner --><\/div><!-- .col \/ .owl-carousel-item \/ .isotope --><div class=\"post-pagination-wrap\"><ul class=\"nav pagination post-pagination justify-content-center\"><li class=\"nav-item active\"><span class=\"active\">01<\/span><\/li><li class=\"nav-item\"><a href=\"https:\/\/iprights.org\/fr\/wp-json\/wp\/v2\/pages\/85169\/page\/2\/\">02<\/a><\/li><li class=\"nav-item\"><a href=\"https:\/\/iprights.org\/fr\/wp-json\/wp\/v2\/pages\/85169\/page\/3\/\">03<\/a><\/li><li class=\"nav-item\"><a href=\"https:\/\/iprights.org\/fr\/wp-json\/wp\/v2\/pages\/85169\/page\/4\/\">04<\/a><\/li><li class=\"nav-item\"><a href=\"https:\/\/iprights.org\/fr\/wp-json\/wp\/v2\/pages\/85169\/page\/2\/\" class=\"next-page\" title=\"next\">Next<\/a><\/li><li class=\"nav-item next\"><a href=\"https:\/\/iprights.org\/fr\/wp-json\/wp\/v2\/pages\/85169\/page\/5\/\" title=\"Last\">Last<\/a><\/li><\/ul><\/div><\/div><!-- .row -->\t\t\t\n\t\t<\/div>\n\t\t\t\t<\/div>\n\t\t\t\t<\/div>\n\t\t\t\t\t<\/div>\n\t\t\t\t<\/div>\n\t\t\t\t<\/div>\n\t\t","protected":false},"excerpt":{"rendered":"<p>Voices behind bars: State terror and weaponization of law against Indigenous Peoples Lire la suite Voices behind bars: State terror and weaponization of law against..<\/p>\n","protected":false},"author":1,"featured_media":0,"parent":0,"menu_order":0,"comment_status":"closed","ping_status":"closed","template":"","meta":{"footnotes":""},"class_list":["post-85169","page","type-page","status-publish","hentry"],"_links":{"self":[{"href":"https:\/\/iprights.org\/fr\/wp-json\/wp\/v2\/pages\/85169","targetHints":{"allow":["GET"]}}],"collection":[{"href":"https:\/\/iprights.org\/fr\/wp-json\/wp\/v2\/pages"}],"about":[{"href":"https:\/\/iprights.org\/fr\/wp-json\/wp\/v2\/types\/page"}],"author":[{"embeddable":true,"href":"https:\/\/iprights.org\/fr\/wp-json\/wp\/v2\/users\/1"}],"replies":[{"embeddable":true,"href":"https:\/\/iprights.org\/fr\/wp-json\/wp\/v2\/comments?post=85169"}],"version-history":[{"count":1,"href":"https:\/\/iprights.org\/fr\/wp-json\/wp\/v2\/pages\/85169\/revisions"}],"predecessor-version":[{"id":85170,"href":"https:\/\/iprights.org\/fr\/wp-json\/wp\/v2\/pages\/85169\/revisions\/85170"}],"wp:attachment":[{"href":"https:\/\/iprights.org\/fr\/wp-json\/wp\/v2\/media?parent=85169"}],"curies":[{"name":"wp","href":"https:\/\/api.w.org\/{rel}","templated":true}]}}