{"id":85174,"date":"2024-07-18T08:48:00","date_gmt":"2024-07-18T08:48:00","guid":{"rendered":"https:\/\/iprights.org\/actualites-et-communiques\/"},"modified":"2026-03-26T18:36:21","modified_gmt":"2026-03-26T18:36:21","slug":"actualites-et-communiques","status":"publish","type":"page","link":"https:\/\/iprights.org\/fr\/actualites-et-communiques\/","title":{"rendered":"Actualit\u00e9s et communiqu\u00e9s"},"content":{"rendered":"\t\t<div data-elementor-type=\"wp-page\" data-elementor-id=\"85174\" class=\"elementor elementor-85174 elementor-76829\" data-elementor-post-type=\"page\">\n\t\t\t\t<div data-particle_enable=\"false\" data-particle-mobile-disabled=\"false\" class=\"elementor-element elementor-element-6271485d e-flex e-con-boxed content-parallax-no e-con e-parent\" data-id=\"6271485d\" data-element_type=\"container\" data-e-type=\"container\">\n\t\t\t\t\t<div class=\"e-con-inner\">\n\t\t<div data-particle_enable=\"false\" data-particle-mobile-disabled=\"false\" class=\"elementor-element elementor-element-1088a8a e-con-full e-flex content-parallax-no e-con e-child\" data-id=\"1088a8a\" data-element_type=\"container\" data-e-type=\"container\">\n\t\t\t\t<div class=\"elementor-element elementor-element-3c672101 elementor-widget elementor-widget-ceaposts\" data-id=\"3c672101\" data-element_type=\"widget\" data-e-type=\"widget\" data-widget_type=\"ceaposts.default\">\n\t\t\t\t\n\t\t<div class=\"elementor-widget-container blog-wrapper blog-style-default blog-light blog-normal-model\" >\n\t\t\n\t\t\t<div class=\"row\"><div class=\"col-lg-4 col-md-6 col-sm-12 cursor-hover-content\"  data-cursor=\"UNPFII 25 || Intervention sur le point 5 (d) : Dialogue sur les droits de l&rsquo;homme avec le Rapporteur sp\u00e9cial sur les droits des peuples autochtones et l&rsquo;EMRIP ; examen annuel des progr\u00e8s r\u00e9alis\u00e9s dans la mise en \u0153uvre de la recommandation g\u00e9n\u00e9rale n\u00b0 39 (2022)\"><div class=\"blog-inner\"><div class=\"post-thumb post-overlay-active\"><a href=\"https:\/\/iprights.org\/fr\/2026\/04\/22\/unpfii-25-intervention-sur-le-point-5-d-dialogue-sur-les-droits-de-lhomme-avec-le-rapporteur-special-sur-les-droits-des-peuples-autochtones-et-lemrip-examen-annuel-des-progres-realises-da\/\" class=\"post-image-link\"><img decoding=\"async\" src=\"https:\/\/iprights.org\/wp-content\/uploads\/elementor\/thumbs\/WhatsApp-Image-2026-04-22-at-10.44.16-rme7gp3m5vc8mdurc6eghy0mmt4xtkln9ngjzgrd4w.jpeg\" title=\"WhatsApp Image 2026-04-22 at 10.44.16\" alt=\"\" class=\"img-fluid rounded\" \/><\/a><div class=\"post-overlay-items\"><div class=\"entry-title\"><h5 class=\"post-title-head\"><a href=\"https:\/\/iprights.org\/fr\/2026\/04\/22\/unpfii-25-intervention-sur-le-point-5-d-dialogue-sur-les-droits-de-lhomme-avec-le-rapporteur-special-sur-les-droits-des-peuples-autochtones-et-lemrip-examen-annuel-des-progres-realises-da\/\" class=\"post-title\">UNPFII 25 || Intervention sur le point 5 (d) : Dialogue sur les droits de l&rsquo;homme avec le Rapporteur sp\u00e9cial sur les droits des peuples autochtones et l&rsquo;EMRIP ; examen annuel des progr\u00e8s r\u00e9alis\u00e9s dans la mise en \u0153uvre de la recommandation g\u00e9n\u00e9rale n\u00b0 39 (2022)<\/a><\/h5><\/div><!-- .entry-title --><div class=\"bottom-meta clearfix\"><ul class=\"nav bottom-meta-list meta-left\"><li><div class=\"post-more\"><a href=\"https:\/\/iprights.org\/fr\/2026\/04\/22\/unpfii-25-intervention-sur-le-point-5-d-dialogue-sur-les-droits-de-lhomme-avec-le-rapporteur-special-sur-les-droits-des-peuples-autochtones-et-lemrip-examen-annuel-des-progres-realises-da\/\" class=\"read-more elementor-button\">Lire la suite<\/a><\/div><\/li><\/ul><\/div><\/div><\/div><!-- .post-thumb --><div class=\"entry-title\"><h5 class=\"post-title-head\"><a href=\"https:\/\/iprights.org\/fr\/2026\/04\/22\/unpfii-25-intervention-sur-le-point-5-d-dialogue-sur-les-droits-de-lhomme-avec-le-rapporteur-special-sur-les-droits-des-peuples-autochtones-et-lemrip-examen-annuel-des-progres-realises-da\/\" class=\"post-title\">UNPFII 25 || Intervention sur le point 5 (d) : Dialogue sur les droits de l&rsquo;homme avec le Rapporteur sp\u00e9cial sur les droits des peuples autochtones et l&rsquo;EMRIP ; examen annuel des progr\u00e8s r\u00e9alis\u00e9s dans la mise en \u0153uvre de la recommandation g\u00e9n\u00e9rale n\u00b0 39 (2022)<\/a><\/h5><\/div><!-- .entry-title --><div class=\"post-category\"><span class=\"before-icon fa fa-folder-o\"><\/span><a href=\"https:\/\/iprights.org\/fr\/category\/actualites-et-caracteristiques\/\">Actualit\u00e9s et caract\u00e9ristiques<\/a>,<a href=\"https:\/\/iprights.org\/fr\/category\/actualites-et-evenements\/\">Actualit\u00e9s et \u00e9v\u00e9nements<\/a>,<a href=\"https:\/\/iprights.org\/fr\/category\/declarations\/\">D\u00e9clarations<\/a><\/div><\/div><!-- .blog-inner --><\/div><!-- .col \/ .owl-carousel-item \/ .isotope --><div class=\"col-lg-4 col-md-6 col-sm-12 cursor-hover-content\"  data-cursor=\"Obstacles \u00e0 la mise en \u0153uvre d&rsquo;une transition juste vers l&rsquo;abandon des combustibles fossiles. Contribution \u00e0 la premi\u00e8re conf\u00e9rence internationale sur la transition vers l&rsquo;abandon des combustibles fossiles\"><div class=\"blog-inner\"><div class=\"post-thumb post-overlay-active\"><a href=\"https:\/\/iprights.org\/fr\/2026\/04\/21\/obstacles-a-la-mise-en-oeuvre-dune-transition-juste-vers-labandon-des-combustibles-fossiles-contribution-a-la-premiere-conference-internationale-sur-la-transition-vers-labandon-des-combustibles\/\" class=\"post-image-link\"><img decoding=\"async\" src=\"https:\/\/iprights.org\/wp-content\/uploads\/elementor\/thumbs\/cop30_conference_announcement_1_54966184180_o.jpg-rmcrml4jxqrx3yhf41hktcne90yha59t19glg9ns5c.webp\" title=\"cop30_conference_announcement_1_54966184180_o.jpg\" alt=\"\" class=\"img-fluid rounded img-fluid rounded\" \/><\/a><div class=\"post-overlay-items\"><div class=\"entry-title\"><h5 class=\"post-title-head\"><a href=\"https:\/\/iprights.org\/fr\/2026\/04\/21\/obstacles-a-la-mise-en-oeuvre-dune-transition-juste-vers-labandon-des-combustibles-fossiles-contribution-a-la-premiere-conference-internationale-sur-la-transition-vers-labandon-des-combustibles\/\" class=\"post-title\">Obstacles \u00e0 la mise en \u0153uvre d&rsquo;une transition juste vers l&rsquo;abandon des combustibles fossiles. Contribution \u00e0 la premi\u00e8re conf\u00e9rence internationale sur la transition vers l&rsquo;abandon des combustibles fossiles<\/a><\/h5><\/div><!-- .entry-title --><div class=\"bottom-meta clearfix\"><ul class=\"nav bottom-meta-list meta-left\"><li><div class=\"post-more\"><a href=\"https:\/\/iprights.org\/fr\/2026\/04\/21\/obstacles-a-la-mise-en-oeuvre-dune-transition-juste-vers-labandon-des-combustibles-fossiles-contribution-a-la-premiere-conference-internationale-sur-la-transition-vers-labandon-des-combustibles\/\" class=\"read-more elementor-button\">Lire la suite<\/a><\/div><\/li><\/ul><\/div><\/div><\/div><!-- .post-thumb --><div class=\"entry-title\"><h5 class=\"post-title-head\"><a href=\"https:\/\/iprights.org\/fr\/2026\/04\/21\/obstacles-a-la-mise-en-oeuvre-dune-transition-juste-vers-labandon-des-combustibles-fossiles-contribution-a-la-premiere-conference-internationale-sur-la-transition-vers-labandon-des-combustibles\/\" class=\"post-title\">Obstacles \u00e0 la mise en \u0153uvre d&rsquo;une transition juste vers l&rsquo;abandon des combustibles fossiles. Contribution \u00e0 la premi\u00e8re conf\u00e9rence internationale sur la transition vers l&rsquo;abandon des combustibles fossiles<\/a><\/h5><\/div><!-- .entry-title --><div class=\"post-category\"><span class=\"before-icon fa fa-folder-o\"><\/span><a href=\"https:\/\/iprights.org\/fr\/category\/actualites-et-caracteristiques\/\">Actualit\u00e9s et caract\u00e9ristiques<\/a>,<a href=\"https:\/\/iprights.org\/fr\/category\/actualites-et-evenements\/\">Actualit\u00e9s et \u00e9v\u00e9nements<\/a>,<a href=\"https:\/\/iprights.org\/fr\/category\/declarations\/\">D\u00e9clarations<\/a>,<a href=\"https:\/\/iprights.org\/fr\/category\/environnement-et-droits-humains\/\">Environnement et droits humains<\/a><\/div><\/div><!-- .blog-inner --><\/div><!-- .col \/ .owl-carousel-item \/ .isotope --><div class=\"col-lg-4 col-md-6 col-sm-12 cursor-hover-content\"  data-cursor=\"UNPFII 25 || Intervention sur le point 5 E de l&rsquo;ordre du jour: Les peuples autochtones et le changement climatique\"><div class=\"blog-inner\"><div class=\"post-thumb post-overlay-active\"><a href=\"https:\/\/iprights.org\/fr\/2026\/04\/20\/unpfii-25-intervention-sur-le-point-5-e-de-lordre-du-jour-les-peuples-autochtones-et-le-changement-climatique\/\" class=\"post-image-link\"><img decoding=\"async\" src=\"https:\/\/iprights.org\/wp-content\/uploads\/elementor\/thumbs\/WhatsApp-Image-2026-04-20-at-14.47.21-rmawfq66qxje8m0gjz4pv8py457kadke50nh9a4m68.jpeg\" title=\"WhatsApp Image 2026-04-20 at 14.47.21\" alt=\"\" class=\"img-fluid rounded img-fluid rounded img-fluid rounded\" \/><\/a><div class=\"post-overlay-items\"><div class=\"entry-title\"><h5 class=\"post-title-head\"><a href=\"https:\/\/iprights.org\/fr\/2026\/04\/20\/unpfii-25-intervention-sur-le-point-5-e-de-lordre-du-jour-les-peuples-autochtones-et-le-changement-climatique\/\" class=\"post-title\">UNPFII 25 || Intervention sur le point 5 E de l&rsquo;ordre du jour: Les peuples autochtones et le changement climatique<\/a><\/h5><\/div><!-- .entry-title --><div class=\"bottom-meta clearfix\"><ul class=\"nav bottom-meta-list meta-left\"><li><div class=\"post-more\"><a href=\"https:\/\/iprights.org\/fr\/2026\/04\/20\/unpfii-25-intervention-sur-le-point-5-e-de-lordre-du-jour-les-peuples-autochtones-et-le-changement-climatique\/\" class=\"read-more elementor-button\">Lire la suite<\/a><\/div><\/li><\/ul><\/div><\/div><\/div><!-- .post-thumb --><div class=\"entry-title\"><h5 class=\"post-title-head\"><a href=\"https:\/\/iprights.org\/fr\/2026\/04\/20\/unpfii-25-intervention-sur-le-point-5-e-de-lordre-du-jour-les-peuples-autochtones-et-le-changement-climatique\/\" class=\"post-title\">UNPFII 25 || Intervention sur le point 5 E de l&rsquo;ordre du jour: Les peuples autochtones et le changement climatique<\/a><\/h5><\/div><!-- .entry-title --><div class=\"post-category\"><span class=\"before-icon fa fa-folder-o\"><\/span><a href=\"https:\/\/iprights.org\/fr\/category\/actualites-et-caracteristiques\/\">Actualit\u00e9s et caract\u00e9ristiques<\/a>,<a href=\"https:\/\/iprights.org\/fr\/category\/actualites-et-evenements\/\">Actualit\u00e9s et \u00e9v\u00e9nements<\/a>,<a href=\"https:\/\/iprights.org\/fr\/category\/declarations\/\">D\u00e9clarations<\/a><\/div><\/div><!-- .blog-inner --><\/div><!-- .col \/ .owl-carousel-item \/ .isotope --><div class=\"col-lg-4 col-md-6 col-sm-12 cursor-hover-content\"  data-cursor=\"Paraguay : les Ayoreo sanctionn\u00e9s pour avoir d\u00e9fendu leurs for\u00eats dans un contexte de crise climatique\"><div class=\"blog-inner\"><div class=\"post-thumb post-overlay-active\"><a href=\"https:\/\/iprights.org\/fr\/2026\/04\/09\/paraguay-les-ayoreo-sanctionnes-pour-avoir-defendu-leurs-forets-en-pleine-crise-climatique\/\" class=\"post-image-link\"><img decoding=\"async\" src=\"https:\/\/iprights.org\/wp-content\/uploads\/elementor\/thumbs\/WhatsApp-Image-2025-12-19-at-09.30.28-e1775758353737-rlrjumokpivt4hw86rgizuyyah11gg8a0wufii6tz4.jpeg\" title=\"WhatsApp Image 2025-12-19 at 09.30.28\" alt=\"\" class=\"img-fluid rounded img-fluid rounded img-fluid rounded img-fluid rounded\" \/><\/a><div class=\"post-overlay-items\"><div class=\"entry-title\"><h5 class=\"post-title-head\"><a href=\"https:\/\/iprights.org\/fr\/2026\/04\/09\/paraguay-les-ayoreo-sanctionnes-pour-avoir-defendu-leurs-forets-en-pleine-crise-climatique\/\" class=\"post-title\">Paraguay : les Ayoreo sanctionn\u00e9s pour avoir d\u00e9fendu leurs for\u00eats dans un contexte de crise climatique<\/a><\/h5><\/div><!-- .entry-title --><div class=\"bottom-meta clearfix\"><ul class=\"nav bottom-meta-list meta-left\"><li><div class=\"post-more\"><a href=\"https:\/\/iprights.org\/fr\/2026\/04\/09\/paraguay-les-ayoreo-sanctionnes-pour-avoir-defendu-leurs-forets-en-pleine-crise-climatique\/\" class=\"read-more elementor-button\">Lire la suite<\/a><\/div><\/li><\/ul><\/div><\/div><\/div><!-- .post-thumb --><div class=\"entry-title\"><h5 class=\"post-title-head\"><a href=\"https:\/\/iprights.org\/fr\/2026\/04\/09\/paraguay-les-ayoreo-sanctionnes-pour-avoir-defendu-leurs-forets-en-pleine-crise-climatique\/\" class=\"post-title\">Paraguay : les Ayoreo sanctionn\u00e9s pour avoir d\u00e9fendu leurs for\u00eats dans un contexte de crise climatique<\/a><\/h5><\/div><!-- .entry-title --><div class=\"post-category\"><span class=\"before-icon fa fa-folder-o\"><\/span><a href=\"https:\/\/iprights.org\/fr\/category\/actualites-et-caracteristiques\/\">Actualit\u00e9s et caract\u00e9ristiques<\/a>,<a href=\"https:\/\/iprights.org\/fr\/category\/legal-and-sanctuary-fund\/\">Legal and Sanctuary Fund<\/a><\/div><\/div><!-- .blog-inner --><\/div><!-- .col \/ .owl-carousel-item \/ .isotope --><div class=\"col-lg-4 col-md-6 col-sm-12 cursor-hover-content\"  data-cursor=\"8 ans de d\u00e9tention arbitraire: Exigez la lib\u00e9ration imm\u00e9diate des prisonniers autochtones aux Philippines\"><div class=\"blog-inner\"><div class=\"post-thumb post-overlay-active\"><a href=\"https:\/\/iprights.org\/fr\/2026\/03\/19\/8-ans-de-detention-arbitraire-exigez-la-liberation-immediate-des-prisonniers-autochtones-aux-philippines\/\" class=\"post-image-link\"><img decoding=\"async\" src=\"https:\/\/iprights.org\/wp-content\/uploads\/elementor\/thumbs\/Captura-de-pantalla-2026-03-10-a-las-1.59.33-p.m.-1-rkr1aeckvzktjyzcglpx7yqzvs54aqb7jpphdmas74.png\" title=\"Captura de pantalla 2026-03-10 a la(s) 1.59.33 p.m. (1)\" alt=\"\" class=\"img-fluid rounded img-fluid rounded img-fluid rounded img-fluid rounded img-fluid rounded\" \/><\/a><div class=\"post-overlay-items\"><div class=\"entry-title\"><h5 class=\"post-title-head\"><a href=\"https:\/\/iprights.org\/fr\/2026\/03\/19\/8-ans-de-detention-arbitraire-exigez-la-liberation-immediate-des-prisonniers-autochtones-aux-philippines\/\" class=\"post-title\">8 ans de d\u00e9tention arbitraire: Exigez la lib\u00e9ration imm\u00e9diate des prisonniers autochtones aux Philippines<\/a><\/h5><\/div><!-- .entry-title --><div class=\"bottom-meta clearfix\"><ul class=\"nav bottom-meta-list meta-left\"><li><div class=\"post-more\"><a href=\"https:\/\/iprights.org\/fr\/2026\/03\/19\/8-ans-de-detention-arbitraire-exigez-la-liberation-immediate-des-prisonniers-autochtones-aux-philippines\/\" class=\"read-more elementor-button\">Lire la suite<\/a><\/div><\/li><\/ul><\/div><\/div><\/div><!-- .post-thumb --><div class=\"entry-title\"><h5 class=\"post-title-head\"><a href=\"https:\/\/iprights.org\/fr\/2026\/03\/19\/8-ans-de-detention-arbitraire-exigez-la-liberation-immediate-des-prisonniers-autochtones-aux-philippines\/\" class=\"post-title\">8 ans de d\u00e9tention arbitraire: Exigez la lib\u00e9ration imm\u00e9diate des prisonniers autochtones aux Philippines<\/a><\/h5><\/div><!-- .entry-title --><div class=\"post-category\"><span class=\"before-icon fa fa-folder-o\"><\/span><a href=\"https:\/\/iprights.org\/fr\/category\/actualites-et-caracteristiques\/\">Actualit\u00e9s et caract\u00e9ristiques<\/a><\/div><\/div><!-- .blog-inner --><\/div><!-- .col \/ .owl-carousel-item \/ .isotope --><div class=\"col-lg-4 col-md-6 col-sm-12 cursor-hover-content\"  data-cursor=\"Peuple Je&rsquo;eruriwa: la lutte pour la pleine reconnaissance et le droit \u00e0 la terre malgr\u00e9 les d\u00e9placements forc\u00e9s en Colombie\"><div class=\"blog-inner\"><div class=\"post-thumb post-overlay-active\"><a href=\"https:\/\/iprights.org\/fr\/2026\/03\/19\/peuple-jeeruriwa-la-lutte-pour-la-pleine-reconnaissance-et-le-droit-a-la-terre-malgre-les-deplacements-forces-en-colombie\/\" class=\"post-image-link\"><img decoding=\"async\" src=\"https:\/\/iprights.org\/wp-content\/uploads\/elementor\/thumbs\/2048-1365-max-2.jpg-rkqyw3rzgjg5oqbtcsvxt8oklbh0n2qc0llqa48xfk.jpeg\" title=\"2048-1365-max-2.jpg\" alt=\"\" class=\"img-fluid rounded img-fluid rounded img-fluid rounded img-fluid rounded img-fluid rounded img-fluid rounded\" \/><\/a><div class=\"post-overlay-items\"><div class=\"entry-title\"><h5 class=\"post-title-head\"><a href=\"https:\/\/iprights.org\/fr\/2026\/03\/19\/peuple-jeeruriwa-la-lutte-pour-la-pleine-reconnaissance-et-le-droit-a-la-terre-malgre-les-deplacements-forces-en-colombie\/\" class=\"post-title\">Peuple Je&rsquo;eruriwa: la lutte pour la pleine reconnaissance et le droit \u00e0 la terre malgr\u00e9 les d\u00e9placements forc\u00e9s en Colombie<\/a><\/h5><\/div><!-- .entry-title --><div class=\"bottom-meta clearfix\"><ul class=\"nav bottom-meta-list meta-left\"><li><div class=\"post-more\"><a href=\"https:\/\/iprights.org\/fr\/2026\/03\/19\/peuple-jeeruriwa-la-lutte-pour-la-pleine-reconnaissance-et-le-droit-a-la-terre-malgre-les-deplacements-forces-en-colombie\/\" class=\"read-more elementor-button\">Lire la suite<\/a><\/div><\/li><\/ul><\/div><\/div><\/div><!-- .post-thumb --><div class=\"entry-title\"><h5 class=\"post-title-head\"><a href=\"https:\/\/iprights.org\/fr\/2026\/03\/19\/peuple-jeeruriwa-la-lutte-pour-la-pleine-reconnaissance-et-le-droit-a-la-terre-malgre-les-deplacements-forces-en-colombie\/\" class=\"post-title\">Peuple Je&rsquo;eruriwa: la lutte pour la pleine reconnaissance et le droit \u00e0 la terre malgr\u00e9 les d\u00e9placements forc\u00e9s en Colombie<\/a><\/h5><\/div><!-- .entry-title --><div class=\"post-category\"><span class=\"before-icon fa fa-folder-o\"><\/span><a href=\"https:\/\/iprights.org\/fr\/category\/actualites-et-caracteristiques\/\">Actualit\u00e9s et caract\u00e9ristiques<\/a><\/div><\/div><!-- .blog-inner --><\/div><!-- .col \/ .owl-carousel-item \/ .isotope --><div class=\"col-lg-4 col-md-6 col-sm-12 cursor-hover-content\"  data-cursor=\"Ils ont gagn\u00e9 au tribunal, mais sont toujours expuls\u00e9s: la lutte des Ogieks pour la justice au Kenya\"><div class=\"blog-inner\"><div class=\"post-thumb post-overlay-active\"><a href=\"https:\/\/iprights.org\/fr\/2026\/03\/19\/quatre-ans-de-detention-pour-avoir-defendu-son-peuple-aux-philippines-iii\/\" class=\"post-image-link\"><img decoding=\"async\" src=\"https:\/\/iprights.org\/wp-content\/uploads\/elementor\/thumbs\/WhatsApp-Image-2026-03-18-at-8.34.43-PM-rkqxvhy9atc5jfi13z8zph8br3wevfenneyzg6ivr4.jpeg\" title=\"WhatsApp Image 2026-03-18 \u00e0 8.34.43 PM\" alt=\"\" class=\"img-fluid rounded img-fluid rounded img-fluid rounded img-fluid rounded img-fluid rounded img-fluid rounded img-fluid rounded\" \/><\/a><div class=\"post-overlay-items\"><div class=\"entry-title\"><h5 class=\"post-title-head\"><a href=\"https:\/\/iprights.org\/fr\/2026\/03\/19\/quatre-ans-de-detention-pour-avoir-defendu-son-peuple-aux-philippines-iii\/\" class=\"post-title\">Ils ont gagn\u00e9 au tribunal, mais sont toujours expuls\u00e9s: la lutte des Ogieks pour la justice au Kenya<\/a><\/h5><\/div><!-- .entry-title --><div class=\"bottom-meta clearfix\"><ul class=\"nav bottom-meta-list meta-left\"><li><div class=\"post-more\"><a href=\"https:\/\/iprights.org\/fr\/2026\/03\/19\/quatre-ans-de-detention-pour-avoir-defendu-son-peuple-aux-philippines-iii\/\" class=\"read-more elementor-button\">Lire la suite<\/a><\/div><\/li><\/ul><\/div><\/div><\/div><!-- .post-thumb --><div class=\"entry-title\"><h5 class=\"post-title-head\"><a href=\"https:\/\/iprights.org\/fr\/2026\/03\/19\/quatre-ans-de-detention-pour-avoir-defendu-son-peuple-aux-philippines-iii\/\" class=\"post-title\">Ils ont gagn\u00e9 au tribunal, mais sont toujours expuls\u00e9s: la lutte des Ogieks pour la justice au Kenya<\/a><\/h5><\/div><!-- .entry-title --><div class=\"post-category\"><span class=\"before-icon fa fa-folder-o\"><\/span><a href=\"https:\/\/iprights.org\/fr\/category\/actualites-et-caracteristiques\/\">Actualit\u00e9s et caract\u00e9ristiques<\/a><\/div><\/div><!-- .blog-inner --><\/div><!-- .col \/ .owl-carousel-item \/ .isotope --><div class=\"col-lg-4 col-md-6 col-sm-12 cursor-hover-content\"  data-cursor=\"Quatre ans de d\u00e9tention pour avoir d\u00e9fendu son peuple aux Philippines\"><div class=\"blog-inner\"><div class=\"post-thumb post-overlay-active\"><a href=\"https:\/\/iprights.org\/fr\/2026\/03\/06\/quatre-ans-de-detention-pour-avoir-defendu-son-peuple-aux-philippines\/\" class=\"post-image-link\"><img decoding=\"async\" src=\"https:\/\/iprights.org\/wp-content\/uploads\/elementor\/thumbs\/Katribu-Youth.jpg-1-rk4l0kc8n0u5rv7idekgn7a36tnrqixfyt55kvy3wg.jpeg\" title=\"Katribu Youth.jpg (1)\" alt=\"\" class=\"img-fluid rounded img-fluid rounded img-fluid rounded img-fluid rounded img-fluid rounded img-fluid rounded img-fluid rounded img-fluid rounded\" \/><\/a><div class=\"post-overlay-items\"><div class=\"entry-title\"><h5 class=\"post-title-head\"><a href=\"https:\/\/iprights.org\/fr\/2026\/03\/06\/quatre-ans-de-detention-pour-avoir-defendu-son-peuple-aux-philippines\/\" class=\"post-title\">Quatre ans de d\u00e9tention pour avoir d\u00e9fendu son peuple aux Philippines<\/a><\/h5><\/div><!-- .entry-title --><div class=\"bottom-meta clearfix\"><ul class=\"nav bottom-meta-list meta-left\"><li><div class=\"post-more\"><a href=\"https:\/\/iprights.org\/fr\/2026\/03\/06\/quatre-ans-de-detention-pour-avoir-defendu-son-peuple-aux-philippines\/\" class=\"read-more elementor-button\">Lire la suite<\/a><\/div><\/li><\/ul><\/div><\/div><\/div><!-- .post-thumb --><div class=\"entry-title\"><h5 class=\"post-title-head\"><a href=\"https:\/\/iprights.org\/fr\/2026\/03\/06\/quatre-ans-de-detention-pour-avoir-defendu-son-peuple-aux-philippines\/\" class=\"post-title\">Quatre ans de d\u00e9tention pour avoir d\u00e9fendu son peuple aux Philippines<\/a><\/h5><\/div><!-- .entry-title --><div class=\"post-category\"><span class=\"before-icon fa fa-folder-o\"><\/span><a href=\"https:\/\/iprights.org\/fr\/category\/actualites-et-caracteristiques\/\">Actualit\u00e9s et caract\u00e9ristiques<\/a><\/div><\/div><!-- .blog-inner --><\/div><!-- .col \/ .owl-carousel-item \/ .isotope --><div class=\"col-lg-4 col-md-6 col-sm-12 cursor-hover-content\"  data-cursor=\"Dans un arr\u00eat historique pour la communaut\u00e9 mazat\u00e8que d&rsquo;Eloxochitl\u00e1n, Oaxaca, la Cour f\u00e9d\u00e9rale confirme l&rsquo;innocence de Miguel Peralta de toutes les accusations et \u00e9tablit l&rsquo;inexistence d&rsquo;un crime cl\u00e9.\"><div class=\"blog-inner\"><div class=\"post-thumb post-overlay-active\"><a href=\"https:\/\/iprights.org\/fr\/2026\/03\/03\/dans-un-arret-historique-pour-la-communaute-mazateque-deloxochitlan-oaxaca-la-cour-federale-confirme-linnocence-de-miguel-peralta-de-toutes-les-accusations-et-etablit-linexistence-dun-crime\/\" class=\"post-image-link\"><img decoding=\"async\" src=\"https:\/\/iprights.org\/wp-content\/uploads\/elementor\/thumbs\/WhatsApp-Image-2026-03-02-at-1.43.31-PM-rjxpjj7ebr1moi2nuxd4dv5fef54uzow3744jzggn4.jpeg\" title=\"WhatsApp Image 2026-03-02 \u00e0 1.43.31 PM\" alt=\"\" class=\"img-fluid rounded img-fluid rounded img-fluid rounded img-fluid rounded img-fluid rounded img-fluid rounded img-fluid rounded img-fluid rounded img-fluid rounded\" \/><\/a><div class=\"post-overlay-items\"><div class=\"entry-title\"><h5 class=\"post-title-head\"><a href=\"https:\/\/iprights.org\/fr\/2026\/03\/03\/dans-un-arret-historique-pour-la-communaute-mazateque-deloxochitlan-oaxaca-la-cour-federale-confirme-linnocence-de-miguel-peralta-de-toutes-les-accusations-et-etablit-linexistence-dun-crime\/\" class=\"post-title\">Dans un arr\u00eat historique pour la communaut\u00e9 mazat\u00e8que d&rsquo;Eloxochitl\u00e1n, Oaxaca, la Cour f\u00e9d\u00e9rale confirme l&rsquo;innocence de Miguel Peralta de toutes les accusations et \u00e9tablit l&rsquo;inexistence d&rsquo;un crime cl\u00e9.<\/a><\/h5><\/div><!-- .entry-title --><div class=\"bottom-meta clearfix\"><ul class=\"nav bottom-meta-list meta-left\"><li><div class=\"post-more\"><a href=\"https:\/\/iprights.org\/fr\/2026\/03\/03\/dans-un-arret-historique-pour-la-communaute-mazateque-deloxochitlan-oaxaca-la-cour-federale-confirme-linnocence-de-miguel-peralta-de-toutes-les-accusations-et-etablit-linexistence-dun-crime\/\" class=\"read-more elementor-button\">Lire la suite<\/a><\/div><\/li><\/ul><\/div><\/div><\/div><!-- .post-thumb --><div class=\"entry-title\"><h5 class=\"post-title-head\"><a href=\"https:\/\/iprights.org\/fr\/2026\/03\/03\/dans-un-arret-historique-pour-la-communaute-mazateque-deloxochitlan-oaxaca-la-cour-federale-confirme-linnocence-de-miguel-peralta-de-toutes-les-accusations-et-etablit-linexistence-dun-crime\/\" class=\"post-title\">Dans un arr\u00eat historique pour la communaut\u00e9 mazat\u00e8que d&rsquo;Eloxochitl\u00e1n, Oaxaca, la Cour f\u00e9d\u00e9rale confirme l&rsquo;innocence de Miguel Peralta de toutes les accusations et \u00e9tablit l&rsquo;inexistence d&rsquo;un crime cl\u00e9.<\/a><\/h5><\/div><!-- .entry-title --><div class=\"post-category\"><span class=\"before-icon fa fa-folder-o\"><\/span><a href=\"https:\/\/iprights.org\/fr\/category\/actualites-et-caracteristiques\/\">Actualit\u00e9s et caract\u00e9ristiques<\/a><\/div><\/div><!-- .blog-inner --><\/div><!-- .col \/ .owl-carousel-item \/ .isotope --><div class=\"post-pagination-wrap\"><ul class=\"nav pagination post-pagination justify-content-center\"><li class=\"nav-item active\"><span class=\"active\">01<\/span><\/li><li class=\"nav-item\"><a href=\"https:\/\/iprights.org\/fr\/wp-json\/wp\/v2\/pages\/85174\/page\/2\/\">02<\/a><\/li><li class=\"nav-item\"><a href=\"https:\/\/iprights.org\/fr\/wp-json\/wp\/v2\/pages\/85174\/page\/3\/\">03<\/a><\/li><li class=\"nav-item\"><a href=\"https:\/\/iprights.org\/fr\/wp-json\/wp\/v2\/pages\/85174\/page\/4\/\">04<\/a><\/li><li class=\"nav-item\"><a href=\"https:\/\/iprights.org\/fr\/wp-json\/wp\/v2\/pages\/85174\/page\/2\/\" class=\"next-page\" title=\"next\">Next<\/a><\/li><li class=\"nav-item next\"><a href=\"https:\/\/iprights.org\/fr\/wp-json\/wp\/v2\/pages\/85174\/page\/17\/\" title=\"Last\">Last<\/a><\/li><\/ul><\/div><\/div><!-- .row -->\t\t\t\n\t\t<\/div>\n\t\t\t\t<\/div>\n\t\t\t\t<\/div>\n\t\t\t\t\t<\/div>\n\t\t\t\t<\/div>\n\t\t\t\t<\/div>\n\t\t","protected":false},"excerpt":{"rendered":"<p>Ocho a\u00f1os de detenci\u00f3n arbitraria: exigimos la liberaci\u00f3n inmediata de los presos ind\u00edgenas en Filipinas..<\/p>\n","protected":false},"author":1,"featured_media":0,"parent":0,"menu_order":0,"comment_status":"closed","ping_status":"closed","template":"","meta":{"footnotes":""},"class_list":["post-85174","page","type-page","status-publish","hentry"],"_links":{"self":[{"href":"https:\/\/iprights.org\/fr\/wp-json\/wp\/v2\/pages\/85174","targetHints":{"allow":["GET"]}}],"collection":[{"href":"https:\/\/iprights.org\/fr\/wp-json\/wp\/v2\/pages"}],"about":[{"href":"https:\/\/iprights.org\/fr\/wp-json\/wp\/v2\/types\/page"}],"author":[{"embeddable":true,"href":"https:\/\/iprights.org\/fr\/wp-json\/wp\/v2\/users\/1"}],"replies":[{"embeddable":true,"href":"https:\/\/iprights.org\/fr\/wp-json\/wp\/v2\/comments?post=85174"}],"version-history":[{"count":1,"href":"https:\/\/iprights.org\/fr\/wp-json\/wp\/v2\/pages\/85174\/revisions"}],"predecessor-version":[{"id":85175,"href":"https:\/\/iprights.org\/fr\/wp-json\/wp\/v2\/pages\/85174\/revisions\/85175"}],"wp:attachment":[{"href":"https:\/\/iprights.org\/fr\/wp-json\/wp\/v2\/media?parent=85174"}],"curies":[{"name":"wp","href":"https:\/\/api.w.org\/{rel}","templated":true}]}}