{"id":85179,"date":"2025-12-03T22:03:11","date_gmt":"2025-12-03T22:03:11","guid":{"rendered":"https:\/\/iprights.org\/cas-presentes\/"},"modified":"2026-03-26T18:37:21","modified_gmt":"2026-03-26T18:37:21","slug":"cas-presentes","status":"publish","type":"page","link":"https:\/\/iprights.org\/fr\/cas-presentes\/","title":{"rendered":"Cas pr\u00e9sent\u00e9s"},"content":{"rendered":"\t\t<div data-elementor-type=\"wp-page\" data-elementor-id=\"85179\" class=\"elementor elementor-85179 elementor-83117\" data-elementor-post-type=\"page\">\n\t\t\t\t<div data-particle_enable=\"false\" data-particle-mobile-disabled=\"false\" class=\"elementor-element elementor-element-6271485d e-flex e-con-boxed content-parallax-no e-con e-parent\" data-id=\"6271485d\" data-element_type=\"container\" data-e-type=\"container\">\n\t\t\t\t\t<div class=\"e-con-inner\">\n\t\t<div data-particle_enable=\"false\" data-particle-mobile-disabled=\"false\" class=\"elementor-element elementor-element-1088a8a e-con-full e-flex content-parallax-no e-con e-child\" data-id=\"1088a8a\" data-element_type=\"container\" data-e-type=\"container\">\n\t\t\t\t<div class=\"elementor-element elementor-element-3c672101 elementor-widget elementor-widget-ceaposts\" data-id=\"3c672101\" data-element_type=\"widget\" data-e-type=\"widget\" data-widget_type=\"ceaposts.default\">\n\t\t\t\t\n\t\t<div class=\"elementor-widget-container blog-wrapper blog-style-default blog-light blog-normal-model\" >\n\t\t\n\t\t\t<div class=\"row\"><div class=\"col-lg-4 col-md-6 col-sm-12 cursor-hover-content\"  data-cursor=\"Faire taire les voix: Le cas de 11 d\u00e9fenseurs des droits indig\u00e8nes et des peuples forestiers inculp\u00e9s en Tha\u00eflande\"><div class=\"blog-inner\"><div class=\"entry-title\"><h5 class=\"post-title-head\"><a href=\"https:\/\/iprights.org\/fr\/2025\/10\/20\/faire-taire-les-voix-le-cas-de-11-defenseurs-des-droits-indigenes-et-des-peuples-forestiers-inculpes-en-thailande\/\" class=\"post-title\">Faire taire les voix: Le cas de 11 d\u00e9fenseurs des droits indig\u00e8nes et des peuples forestiers inculp\u00e9s en Tha\u00eflande<\/a><\/h5><\/div><!-- .entry-title --><div class=\"post-category\"><span class=\"before-icon fa fa-folder-o\"><\/span><a href=\"https:\/\/iprights.org\/fr\/category\/dossiers-en-vedette\/\">Dossiers en vedette<\/a><\/div><\/div><!-- .blog-inner --><\/div><!-- .col \/ .owl-carousel-item \/ .isotope --><div class=\"col-lg-4 col-md-6 col-sm-12 cursor-hover-content\"  data-cursor=\"D\u00e9fendre la vie \u00e0 Nahuatzen, Mexique: Le co\u00fbt de l&rsquo;autonomie et de la libert\u00e9 face au crime organis\u00e9\"><div class=\"blog-inner\"><div class=\"post-thumb post-overlay-active\"><a href=\"https:\/\/iprights.org\/fr\/2025\/09\/19\/defendre-la-vie-a-nahuatzen-mexique-le-cout-de-lautonomie-et-de-la-liberte-face-au-crime-organise\/\" class=\"post-image-link\"><img decoding=\"async\" src=\"https:\/\/iprights.org\/wp-content\/uploads\/elementor\/thumbs\/2048-1536-max-9-rek2ka2e107zbkkya4ydtjs4g5n9g0q8y0klx9bakg.png\" title=\"2048-1536-max (9)\" alt=\"\" class=\"img-fluid rounded\" \/><\/a><div class=\"post-overlay-items\"><div class=\"entry-title\"><h5 class=\"post-title-head\"><a href=\"https:\/\/iprights.org\/fr\/2025\/09\/19\/defendre-la-vie-a-nahuatzen-mexique-le-cout-de-lautonomie-et-de-la-liberte-face-au-crime-organise\/\" class=\"post-title\">D\u00e9fendre la vie \u00e0 Nahuatzen, Mexique: Le co\u00fbt de l&rsquo;autonomie et de la libert\u00e9 face au crime organis\u00e9<\/a><\/h5><\/div><!-- .entry-title --><div class=\"bottom-meta clearfix\"><ul class=\"nav bottom-meta-list meta-left\"><li><div class=\"post-more\"><a href=\"https:\/\/iprights.org\/fr\/2025\/09\/19\/defendre-la-vie-a-nahuatzen-mexique-le-cout-de-lautonomie-et-de-la-liberte-face-au-crime-organise\/\" class=\"read-more elementor-button\">Lire la suite<\/a><\/div><\/li><\/ul><\/div><\/div><\/div><!-- .post-thumb --><div class=\"entry-title\"><h5 class=\"post-title-head\"><a href=\"https:\/\/iprights.org\/fr\/2025\/09\/19\/defendre-la-vie-a-nahuatzen-mexique-le-cout-de-lautonomie-et-de-la-liberte-face-au-crime-organise\/\" class=\"post-title\">D\u00e9fendre la vie \u00e0 Nahuatzen, Mexique: Le co\u00fbt de l&rsquo;autonomie et de la libert\u00e9 face au crime organis\u00e9<\/a><\/h5><\/div><!-- .entry-title --><div class=\"post-category\"><span class=\"before-icon fa fa-folder-o\"><\/span><a href=\"https:\/\/iprights.org\/fr\/category\/dossiers-en-vedette\/\">Dossiers en vedette<\/a><\/div><\/div><!-- .blog-inner --><\/div><!-- .col \/ .owl-carousel-item \/ .isotope --><div class=\"col-lg-4 col-md-6 col-sm-12 cursor-hover-content\"  data-cursor=\"Extraction p\u00e9troli\u00e8re au Turkana: Droits des communaut\u00e9s, promesses non tenues et lutte pour la justice\"><div class=\"blog-inner\"><div class=\"post-thumb post-overlay-active\"><a href=\"https:\/\/iprights.org\/fr\/2025\/09\/19\/extraction-petroliere-au-turkana-droits-des-communautes-promesses-non-tenues-et-lutte-pour-la-justice\/\" class=\"post-image-link\"><img decoding=\"async\" src=\"https:\/\/iprights.org\/wp-content\/uploads\/elementor\/thumbs\/2048-1536-max-8-reilqal2yijooxbljhs3z0bjuyah4gz7s27hzven28.png\" title=\"2048-1536-max (8)\" alt=\"\" class=\"img-fluid rounded img-fluid rounded\" \/><\/a><div class=\"post-overlay-items\"><div class=\"entry-title\"><h5 class=\"post-title-head\"><a href=\"https:\/\/iprights.org\/fr\/2025\/09\/19\/extraction-petroliere-au-turkana-droits-des-communautes-promesses-non-tenues-et-lutte-pour-la-justice\/\" class=\"post-title\">Extraction p\u00e9troli\u00e8re au Turkana: Droits des communaut\u00e9s, promesses non tenues et lutte pour la justice<\/a><\/h5><\/div><!-- .entry-title --><div class=\"bottom-meta clearfix\"><ul class=\"nav bottom-meta-list meta-left\"><li><div class=\"post-more\"><a href=\"https:\/\/iprights.org\/fr\/2025\/09\/19\/extraction-petroliere-au-turkana-droits-des-communautes-promesses-non-tenues-et-lutte-pour-la-justice\/\" class=\"read-more elementor-button\">Lire la suite<\/a><\/div><\/li><\/ul><\/div><\/div><\/div><!-- .post-thumb --><div class=\"entry-title\"><h5 class=\"post-title-head\"><a href=\"https:\/\/iprights.org\/fr\/2025\/09\/19\/extraction-petroliere-au-turkana-droits-des-communautes-promesses-non-tenues-et-lutte-pour-la-justice\/\" class=\"post-title\">Extraction p\u00e9troli\u00e8re au Turkana: Droits des communaut\u00e9s, promesses non tenues et lutte pour la justice<\/a><\/h5><\/div><!-- .entry-title --><div class=\"post-category\"><span class=\"before-icon fa fa-folder-o\"><\/span><a href=\"https:\/\/iprights.org\/fr\/category\/dossiers-en-vedette\/\">Dossiers en vedette<\/a><\/div><\/div><!-- .blog-inner --><\/div><!-- .col \/ .owl-carousel-item \/ .isotope --><\/div><!-- .row -->\t\t\t\n\t\t<\/div>\n\t\t\t\t<\/div>\n\t\t\t\t<\/div>\n\t\t\t\t\t<\/div>\n\t\t\t\t<\/div>\n\t\t\t\t<\/div>\n\t\t","protected":false},"excerpt":{"rendered":"<p>Silencing Voices: The Case of 11 Indigenous Rights and Forest Peoples\u2019 Defenders Charged in Thailand..<\/p>\n","protected":false},"author":1,"featured_media":0,"parent":0,"menu_order":0,"comment_status":"closed","ping_status":"closed","template":"","meta":{"footnotes":""},"class_list":["post-85179","page","type-page","status-publish","hentry"],"_links":{"self":[{"href":"https:\/\/iprights.org\/fr\/wp-json\/wp\/v2\/pages\/85179","targetHints":{"allow":["GET"]}}],"collection":[{"href":"https:\/\/iprights.org\/fr\/wp-json\/wp\/v2\/pages"}],"about":[{"href":"https:\/\/iprights.org\/fr\/wp-json\/wp\/v2\/types\/page"}],"author":[{"embeddable":true,"href":"https:\/\/iprights.org\/fr\/wp-json\/wp\/v2\/users\/1"}],"replies":[{"embeddable":true,"href":"https:\/\/iprights.org\/fr\/wp-json\/wp\/v2\/comments?post=85179"}],"version-history":[{"count":1,"href":"https:\/\/iprights.org\/fr\/wp-json\/wp\/v2\/pages\/85179\/revisions"}],"predecessor-version":[{"id":85180,"href":"https:\/\/iprights.org\/fr\/wp-json\/wp\/v2\/pages\/85179\/revisions\/85180"}],"wp:attachment":[{"href":"https:\/\/iprights.org\/fr\/wp-json\/wp\/v2\/media?parent=85179"}],"curies":[{"name":"wp","href":"https:\/\/api.w.org\/{rel}","templated":true}]}}