{"id":85533,"date":"2026-04-01T17:23:59","date_gmt":"2026-04-01T17:23:59","guid":{"rendered":"https:\/\/iprights.org\/ldsf-stories\/"},"modified":"2026-04-01T22:16:49","modified_gmt":"2026-04-01T22:16:49","slug":"ldsf-stories","status":"publish","type":"page","link":"https:\/\/iprights.org\/fr\/ldsf-stories\/","title":{"rendered":"LDSF Stories"},"content":{"rendered":"\t\t<div data-elementor-type=\"wp-page\" data-elementor-id=\"85533\" class=\"elementor elementor-85533 elementor-85454\" data-elementor-post-type=\"page\">\n\t\t\t\t<div data-particle_enable=\"false\" data-particle-mobile-disabled=\"false\" class=\"elementor-element elementor-element-6271485d e-flex e-con-boxed content-parallax-no e-con e-parent\" data-id=\"6271485d\" data-element_type=\"container\" data-e-type=\"container\">\n\t\t\t\t\t<div class=\"e-con-inner\">\n\t\t<div data-particle_enable=\"false\" data-particle-mobile-disabled=\"false\" class=\"elementor-element elementor-element-1088a8a e-con-full e-flex content-parallax-no e-con e-child\" data-id=\"1088a8a\" data-element_type=\"container\" data-e-type=\"container\">\n\t\t\t\t<div class=\"elementor-element elementor-element-3c672101 elementor-widget elementor-widget-ceaposts\" data-id=\"3c672101\" data-element_type=\"widget\" data-e-type=\"widget\" data-widget_type=\"ceaposts.default\">\n\t\t\t\t\n\t\t<div class=\"elementor-widget-container blog-wrapper blog-style-default blog-light blog-normal-model\" >\n\t\t\n\t\t\t<div class=\"row\"><div class=\"col-lg-4 col-md-6 col-sm-12 cursor-hover-content\"  data-cursor=\"Paraguay : les Ayoreo sanctionn\u00e9s pour avoir d\u00e9fendu leurs for\u00eats dans un contexte de crise climatique\"><div class=\"blog-inner\"><div class=\"post-thumb post-overlay-active\"><a href=\"https:\/\/iprights.org\/fr\/2026\/04\/09\/paraguay-les-ayoreo-sanctionnes-pour-avoir-defendu-leurs-forets-en-pleine-crise-climatique\/\" class=\"post-image-link\"><img decoding=\"async\" src=\"https:\/\/iprights.org\/wp-content\/uploads\/elementor\/thumbs\/WhatsApp-Image-2025-12-19-at-09.30.28-e1775758353737-rlrjumokpivt4hw86rgizuyyah11gg8a0wufii6tz4.jpeg\" title=\"WhatsApp Image 2025-12-19 at 09.30.28\" alt=\"\" class=\"img-fluid rounded\" \/><\/a><div class=\"post-overlay-items\"><div class=\"entry-title\"><h5 class=\"post-title-head\"><a href=\"https:\/\/iprights.org\/fr\/2026\/04\/09\/paraguay-les-ayoreo-sanctionnes-pour-avoir-defendu-leurs-forets-en-pleine-crise-climatique\/\" class=\"post-title\">Paraguay : les Ayoreo sanctionn\u00e9s pour avoir d\u00e9fendu leurs for\u00eats dans un contexte de crise climatique<\/a><\/h5><\/div><!-- .entry-title --><div class=\"bottom-meta clearfix\"><ul class=\"nav bottom-meta-list meta-left\"><li><div class=\"post-more\"><a href=\"https:\/\/iprights.org\/fr\/2026\/04\/09\/paraguay-les-ayoreo-sanctionnes-pour-avoir-defendu-leurs-forets-en-pleine-crise-climatique\/\" class=\"read-more elementor-button\">Lire la suite<\/a><\/div><\/li><\/ul><\/div><\/div><\/div><!-- .post-thumb --><div class=\"entry-title\"><h5 class=\"post-title-head\"><a href=\"https:\/\/iprights.org\/fr\/2026\/04\/09\/paraguay-les-ayoreo-sanctionnes-pour-avoir-defendu-leurs-forets-en-pleine-crise-climatique\/\" class=\"post-title\">Paraguay : les Ayoreo sanctionn\u00e9s pour avoir d\u00e9fendu leurs for\u00eats dans un contexte de crise climatique<\/a><\/h5><\/div><!-- .entry-title --><div class=\"post-category\"><span class=\"before-icon fa fa-folder-o\"><\/span><a href=\"https:\/\/iprights.org\/fr\/category\/actualites-et-caracteristiques\/\">Actualit\u00e9s et caract\u00e9ristiques<\/a>,<a href=\"https:\/\/iprights.org\/fr\/category\/legal-and-sanctuary-fund\/\">Legal and Sanctuary Fund<\/a><\/div><\/div><!-- .blog-inner --><\/div><!-- .col \/ .owl-carousel-item \/ .isotope --><div class=\"col-lg-4 col-md-6 col-sm-12 cursor-hover-content\"  data-cursor=\"Peuple Je&rsquo;eruriwa: la lutte pour la pleine reconnaissance et le droit \u00e0 la terre malgr\u00e9 les d\u00e9placements forc\u00e9s en Colombie\"><div class=\"blog-inner\"><div class=\"post-thumb post-overlay-active\"><a href=\"https:\/\/iprights.org\/fr\/2026\/03\/19\/peuple-jeeruriwa-la-lutte-pour-la-pleine-reconnaissance-et-le-droit-a-la-terre-malgre-les-deplacements-forces-en-colombie\/\" class=\"post-image-link\"><img decoding=\"async\" src=\"https:\/\/iprights.org\/wp-content\/uploads\/elementor\/thumbs\/2048-1365-max-2.jpg-rkqyw3rzgjg5oqbtcsvxt8oklbh0n2qc0llqa48xfk.jpeg\" title=\"2048-1365-max-2.jpg\" alt=\"\" class=\"img-fluid rounded img-fluid rounded\" \/><\/a><div class=\"post-overlay-items\"><div class=\"entry-title\"><h5 class=\"post-title-head\"><a href=\"https:\/\/iprights.org\/fr\/2026\/03\/19\/peuple-jeeruriwa-la-lutte-pour-la-pleine-reconnaissance-et-le-droit-a-la-terre-malgre-les-deplacements-forces-en-colombie\/\" class=\"post-title\">Peuple Je&rsquo;eruriwa: la lutte pour la pleine reconnaissance et le droit \u00e0 la terre malgr\u00e9 les d\u00e9placements forc\u00e9s en Colombie<\/a><\/h5><\/div><!-- .entry-title --><div class=\"bottom-meta clearfix\"><ul class=\"nav bottom-meta-list meta-left\"><li><div class=\"post-more\"><a href=\"https:\/\/iprights.org\/fr\/2026\/03\/19\/peuple-jeeruriwa-la-lutte-pour-la-pleine-reconnaissance-et-le-droit-a-la-terre-malgre-les-deplacements-forces-en-colombie\/\" class=\"read-more elementor-button\">Lire la suite<\/a><\/div><\/li><\/ul><\/div><\/div><\/div><!-- .post-thumb --><div class=\"entry-title\"><h5 class=\"post-title-head\"><a href=\"https:\/\/iprights.org\/fr\/2026\/03\/19\/peuple-jeeruriwa-la-lutte-pour-la-pleine-reconnaissance-et-le-droit-a-la-terre-malgre-les-deplacements-forces-en-colombie\/\" class=\"post-title\">Peuple Je&rsquo;eruriwa: la lutte pour la pleine reconnaissance et le droit \u00e0 la terre malgr\u00e9 les d\u00e9placements forc\u00e9s en Colombie<\/a><\/h5><\/div><!-- .entry-title --><div class=\"post-category\"><span class=\"before-icon fa fa-folder-o\"><\/span><a href=\"https:\/\/iprights.org\/fr\/category\/actualites-et-caracteristiques\/\">Actualit\u00e9s et caract\u00e9ristiques<\/a><\/div><\/div><!-- .blog-inner --><\/div><!-- .col \/ .owl-carousel-item \/ .isotope --><div class=\"col-lg-4 col-md-6 col-sm-12 cursor-hover-content\"  data-cursor=\"Ils ont gagn\u00e9 au tribunal, mais sont toujours expuls\u00e9s: la lutte des Ogieks pour la justice au Kenya\"><div class=\"blog-inner\"><div class=\"post-thumb post-overlay-active\"><a href=\"https:\/\/iprights.org\/fr\/2026\/03\/19\/quatre-ans-de-detention-pour-avoir-defendu-son-peuple-aux-philippines-iii\/\" class=\"post-image-link\"><img decoding=\"async\" src=\"https:\/\/iprights.org\/wp-content\/uploads\/elementor\/thumbs\/WhatsApp-Image-2026-03-18-at-8.34.43-PM-rkqxvhy9atc5jfi13z8zph8br3wevfenneyzg6ivr4.jpeg\" title=\"WhatsApp Image 2026-03-18 \u00e0 8.34.43 PM\" alt=\"\" class=\"img-fluid rounded img-fluid rounded img-fluid rounded\" \/><\/a><div class=\"post-overlay-items\"><div class=\"entry-title\"><h5 class=\"post-title-head\"><a href=\"https:\/\/iprights.org\/fr\/2026\/03\/19\/quatre-ans-de-detention-pour-avoir-defendu-son-peuple-aux-philippines-iii\/\" class=\"post-title\">Ils ont gagn\u00e9 au tribunal, mais sont toujours expuls\u00e9s: la lutte des Ogieks pour la justice au Kenya<\/a><\/h5><\/div><!-- .entry-title --><div class=\"bottom-meta clearfix\"><ul class=\"nav bottom-meta-list meta-left\"><li><div class=\"post-more\"><a href=\"https:\/\/iprights.org\/fr\/2026\/03\/19\/quatre-ans-de-detention-pour-avoir-defendu-son-peuple-aux-philippines-iii\/\" class=\"read-more elementor-button\">Lire la suite<\/a><\/div><\/li><\/ul><\/div><\/div><\/div><!-- .post-thumb --><div class=\"entry-title\"><h5 class=\"post-title-head\"><a href=\"https:\/\/iprights.org\/fr\/2026\/03\/19\/quatre-ans-de-detention-pour-avoir-defendu-son-peuple-aux-philippines-iii\/\" class=\"post-title\">Ils ont gagn\u00e9 au tribunal, mais sont toujours expuls\u00e9s: la lutte des Ogieks pour la justice au Kenya<\/a><\/h5><\/div><!-- .entry-title --><div class=\"post-category\"><span class=\"before-icon fa fa-folder-o\"><\/span><a href=\"https:\/\/iprights.org\/fr\/category\/actualites-et-caracteristiques\/\">Actualit\u00e9s et caract\u00e9ristiques<\/a><\/div><\/div><!-- .blog-inner --><\/div><!-- .col \/ .owl-carousel-item \/ .isotope --><div class=\"col-lg-4 col-md-6 col-sm-12 cursor-hover-content\"  data-cursor=\"Faire taire les voix: Le cas de 11 d\u00e9fenseurs des droits indig\u00e8nes et des peuples forestiers inculp\u00e9s en Tha\u00eflande\"><div class=\"blog-inner\"><div class=\"entry-title\"><h5 class=\"post-title-head\"><a href=\"https:\/\/iprights.org\/fr\/2025\/10\/20\/faire-taire-les-voix-le-cas-de-11-defenseurs-des-droits-indigenes-et-des-peuples-forestiers-inculpes-en-thailande\/\" class=\"post-title\">Faire taire les voix: Le cas de 11 d\u00e9fenseurs des droits indig\u00e8nes et des peuples forestiers inculp\u00e9s en Tha\u00eflande<\/a><\/h5><\/div><!-- .entry-title --><div class=\"post-category\"><span class=\"before-icon fa fa-folder-o\"><\/span><a href=\"https:\/\/iprights.org\/fr\/category\/dossiers-en-vedette\/\">Dossiers en vedette<\/a><\/div><\/div><!-- .blog-inner --><\/div><!-- .col \/ .owl-carousel-item \/ .isotope --><div class=\"col-lg-4 col-md-6 col-sm-12 cursor-hover-content\"  data-cursor=\"D\u00e9fendre la vie \u00e0 Nahuatzen, Mexique: Le co\u00fbt de l&rsquo;autonomie et de la libert\u00e9 face au crime organis\u00e9\"><div class=\"blog-inner\"><div class=\"post-thumb post-overlay-active\"><a href=\"https:\/\/iprights.org\/fr\/2025\/09\/19\/defendre-la-vie-a-nahuatzen-mexique-le-cout-de-lautonomie-et-de-la-liberte-face-au-crime-organise\/\" class=\"post-image-link\"><img decoding=\"async\" src=\"https:\/\/iprights.org\/wp-content\/uploads\/elementor\/thumbs\/2048-1536-max-9-rek2ka2e107zbkkya4ydtjs4g5n9g0q8y0klx9bakg.png\" title=\"2048-1536-max (9)\" alt=\"\" class=\"img-fluid rounded img-fluid rounded img-fluid rounded img-fluid rounded\" \/><\/a><div class=\"post-overlay-items\"><div class=\"entry-title\"><h5 class=\"post-title-head\"><a href=\"https:\/\/iprights.org\/fr\/2025\/09\/19\/defendre-la-vie-a-nahuatzen-mexique-le-cout-de-lautonomie-et-de-la-liberte-face-au-crime-organise\/\" class=\"post-title\">D\u00e9fendre la vie \u00e0 Nahuatzen, Mexique: Le co\u00fbt de l&rsquo;autonomie et de la libert\u00e9 face au crime organis\u00e9<\/a><\/h5><\/div><!-- .entry-title --><div class=\"bottom-meta clearfix\"><ul class=\"nav bottom-meta-list meta-left\"><li><div class=\"post-more\"><a href=\"https:\/\/iprights.org\/fr\/2025\/09\/19\/defendre-la-vie-a-nahuatzen-mexique-le-cout-de-lautonomie-et-de-la-liberte-face-au-crime-organise\/\" class=\"read-more elementor-button\">Lire la suite<\/a><\/div><\/li><\/ul><\/div><\/div><\/div><!-- .post-thumb --><div class=\"entry-title\"><h5 class=\"post-title-head\"><a href=\"https:\/\/iprights.org\/fr\/2025\/09\/19\/defendre-la-vie-a-nahuatzen-mexique-le-cout-de-lautonomie-et-de-la-liberte-face-au-crime-organise\/\" class=\"post-title\">D\u00e9fendre la vie \u00e0 Nahuatzen, Mexique: Le co\u00fbt de l&rsquo;autonomie et de la libert\u00e9 face au crime organis\u00e9<\/a><\/h5><\/div><!-- .entry-title --><div class=\"post-category\"><span class=\"before-icon fa fa-folder-o\"><\/span><a href=\"https:\/\/iprights.org\/fr\/category\/dossiers-en-vedette\/\">Dossiers en vedette<\/a><\/div><\/div><!-- .blog-inner --><\/div><!-- .col \/ .owl-carousel-item \/ .isotope --><div class=\"col-lg-4 col-md-6 col-sm-12 cursor-hover-content\"  data-cursor=\"Extraction p\u00e9troli\u00e8re au Turkana: Droits des communaut\u00e9s, promesses non tenues et lutte pour la justice\"><div class=\"blog-inner\"><div class=\"post-thumb post-overlay-active\"><a href=\"https:\/\/iprights.org\/fr\/2025\/09\/19\/extraction-petroliere-au-turkana-droits-des-communautes-promesses-non-tenues-et-lutte-pour-la-justice\/\" class=\"post-image-link\"><img decoding=\"async\" src=\"https:\/\/iprights.org\/wp-content\/uploads\/elementor\/thumbs\/2048-1536-max-8-reilqal2yijooxbljhs3z0bjuyah4gz7s27hzven28.png\" title=\"2048-1536-max (8)\" alt=\"\" class=\"img-fluid rounded img-fluid rounded img-fluid rounded img-fluid rounded img-fluid rounded\" \/><\/a><div class=\"post-overlay-items\"><div class=\"entry-title\"><h5 class=\"post-title-head\"><a href=\"https:\/\/iprights.org\/fr\/2025\/09\/19\/extraction-petroliere-au-turkana-droits-des-communautes-promesses-non-tenues-et-lutte-pour-la-justice\/\" class=\"post-title\">Extraction p\u00e9troli\u00e8re au Turkana: Droits des communaut\u00e9s, promesses non tenues et lutte pour la justice<\/a><\/h5><\/div><!-- .entry-title --><div class=\"bottom-meta clearfix\"><ul class=\"nav bottom-meta-list meta-left\"><li><div class=\"post-more\"><a href=\"https:\/\/iprights.org\/fr\/2025\/09\/19\/extraction-petroliere-au-turkana-droits-des-communautes-promesses-non-tenues-et-lutte-pour-la-justice\/\" class=\"read-more elementor-button\">Lire la suite<\/a><\/div><\/li><\/ul><\/div><\/div><\/div><!-- .post-thumb --><div class=\"entry-title\"><h5 class=\"post-title-head\"><a href=\"https:\/\/iprights.org\/fr\/2025\/09\/19\/extraction-petroliere-au-turkana-droits-des-communautes-promesses-non-tenues-et-lutte-pour-la-justice\/\" class=\"post-title\">Extraction p\u00e9troli\u00e8re au Turkana: Droits des communaut\u00e9s, promesses non tenues et lutte pour la justice<\/a><\/h5><\/div><!-- .entry-title --><div class=\"post-category\"><span class=\"before-icon fa fa-folder-o\"><\/span><a href=\"https:\/\/iprights.org\/fr\/category\/dossiers-en-vedette\/\">Dossiers en vedette<\/a><\/div><\/div><!-- .blog-inner --><\/div><!-- .col \/ .owl-carousel-item \/ .isotope --><div class=\"col-lg-4 col-md-6 col-sm-12 cursor-hover-content\"  data-cursor=\"Fred Kariankei et la lutte contre l&rsquo;\u00e9lite de la conservation au Kenya\"><div class=\"blog-inner\"><div class=\"post-thumb post-overlay-active\"><a href=\"https:\/\/iprights.org\/fr\/2025\/07\/02\/fred-kariankei-et-la-lutte-contre-lelite-de-la-conservation-au-kenya\/\" class=\"post-image-link\"><img decoding=\"async\" src=\"https:\/\/iprights.org\/wp-content\/uploads\/elementor\/thumbs\/2048-1536-max-10-rek38icm79e2lpdwsm063fnvpq7vv4x5lxz7a1dy68.png\" title=\"2048-1536-max (10)\" alt=\"\" class=\"img-fluid rounded img-fluid rounded img-fluid rounded img-fluid rounded img-fluid rounded img-fluid rounded\" \/><\/a><div class=\"post-overlay-items\"><div class=\"entry-title\"><h5 class=\"post-title-head\"><a href=\"https:\/\/iprights.org\/fr\/2025\/07\/02\/fred-kariankei-et-la-lutte-contre-lelite-de-la-conservation-au-kenya\/\" class=\"post-title\">Fred Kariankei et la lutte contre l&rsquo;\u00e9lite de la conservation au Kenya<\/a><\/h5><\/div><!-- .entry-title --><div class=\"bottom-meta clearfix\"><ul class=\"nav bottom-meta-list meta-left\"><li><div class=\"post-more\"><a href=\"https:\/\/iprights.org\/fr\/2025\/07\/02\/fred-kariankei-et-la-lutte-contre-lelite-de-la-conservation-au-kenya\/\" class=\"read-more elementor-button\">Lire la suite<\/a><\/div><\/li><\/ul><\/div><\/div><\/div><!-- .post-thumb --><div class=\"entry-title\"><h5 class=\"post-title-head\"><a href=\"https:\/\/iprights.org\/fr\/2025\/07\/02\/fred-kariankei-et-la-lutte-contre-lelite-de-la-conservation-au-kenya\/\" class=\"post-title\">Fred Kariankei et la lutte contre l&rsquo;\u00e9lite de la conservation au Kenya<\/a><\/h5><\/div><!-- .entry-title --><div class=\"post-category\"><span class=\"before-icon fa fa-folder-o\"><\/span><a href=\"https:\/\/iprights.org\/fr\/category\/actualites-et-caracteristiques\/\">Actualit\u00e9s et caract\u00e9ristiques<\/a><\/div><\/div><!-- .blog-inner --><\/div><!-- .col \/ .owl-carousel-item \/ .isotope --><div class=\"col-lg-4 col-md-6 col-sm-12 cursor-hover-content\"  data-cursor=\"La lutte pour la quatri\u00e8me r\u00e9serve de biosph\u00e8re de l&rsquo;UNESCO aux Philippines\"><div class=\"blog-inner\"><div class=\"post-thumb post-overlay-active\"><a href=\"https:\/\/iprights.org\/fr\/2025\/01\/10\/la-lutte-pour-la-quatrieme-reserve-de-biosphere-de-lunesco-aux-philippines\/\" class=\"post-image-link\"><img decoding=\"async\" src=\"https:\/\/iprights.org\/wp-content\/uploads\/elementor\/thumbs\/Diseno-sin-titulo-6-rek2wiwp2azgkoslrxiesyjb1vaeq2ccymjc015ni8.png\" title=\"Conception sans titre (6)\" alt=\"\" class=\"img-fluid rounded img-fluid rounded img-fluid rounded img-fluid rounded img-fluid rounded img-fluid rounded img-fluid rounded\" \/><\/a><div class=\"post-overlay-items\"><div class=\"entry-title\"><h5 class=\"post-title-head\"><a href=\"https:\/\/iprights.org\/fr\/2025\/01\/10\/la-lutte-pour-la-quatrieme-reserve-de-biosphere-de-lunesco-aux-philippines\/\" class=\"post-title\">La lutte pour la quatri\u00e8me r\u00e9serve de biosph\u00e8re de l&rsquo;UNESCO aux Philippines<\/a><\/h5><\/div><!-- .entry-title --><div class=\"bottom-meta clearfix\"><ul class=\"nav bottom-meta-list meta-left\"><li><div class=\"post-more\"><a href=\"https:\/\/iprights.org\/fr\/2025\/01\/10\/la-lutte-pour-la-quatrieme-reserve-de-biosphere-de-lunesco-aux-philippines\/\" class=\"read-more elementor-button\">Lire la suite<\/a><\/div><\/li><\/ul><\/div><\/div><\/div><!-- .post-thumb --><div class=\"entry-title\"><h5 class=\"post-title-head\"><a href=\"https:\/\/iprights.org\/fr\/2025\/01\/10\/la-lutte-pour-la-quatrieme-reserve-de-biosphere-de-lunesco-aux-philippines\/\" class=\"post-title\">La lutte pour la quatri\u00e8me r\u00e9serve de biosph\u00e8re de l&rsquo;UNESCO aux Philippines<\/a><\/h5><\/div><!-- .entry-title --><div class=\"post-category\"><span class=\"before-icon fa fa-folder-o\"><\/span><a href=\"https:\/\/iprights.org\/fr\/category\/actualites-et-caracteristiques\/\">Actualit\u00e9s et caract\u00e9ristiques<\/a><\/div><\/div><!-- .blog-inner --><\/div><!-- .col \/ .owl-carousel-item \/ .isotope --><div class=\"col-lg-4 col-md-6 col-sm-12 cursor-hover-content\"  data-cursor=\"Ouganda: les menaces n&rsquo;ont pas r\u00e9ussi \u00e0 mettre fin \u00e0 la lutte pour la reconnaissance des terres autochtones\"><div class=\"blog-inner\"><div class=\"post-thumb post-overlay-active\"><a href=\"https:\/\/iprights.org\/fr\/2024\/12\/11\/ouganda-les-menaces-nont-pas-reussi-a-mettre-fin-a-la-lutte-pour-la-reconnaissance-des-terres-autochtones\/\" class=\"post-image-link\"><img decoding=\"async\" src=\"https:\/\/iprights.org\/wp-content\/uploads\/elementor\/thumbs\/2048-1536-max-11-rek3bvlsow027ehs4kf1j32ccfm8g3aj2m4u6qe5vk.png\" title=\"2048-1536-max (11)\" alt=\"\" class=\"img-fluid rounded img-fluid rounded img-fluid rounded img-fluid rounded img-fluid rounded img-fluid rounded img-fluid rounded img-fluid rounded\" \/><\/a><div class=\"post-overlay-items\"><div class=\"entry-title\"><h5 class=\"post-title-head\"><a href=\"https:\/\/iprights.org\/fr\/2024\/12\/11\/ouganda-les-menaces-nont-pas-reussi-a-mettre-fin-a-la-lutte-pour-la-reconnaissance-des-terres-autochtones\/\" class=\"post-title\">Ouganda: les menaces n&rsquo;ont pas r\u00e9ussi \u00e0 mettre fin \u00e0 la lutte pour la reconnaissance des terres autochtones<\/a><\/h5><\/div><!-- .entry-title --><div class=\"bottom-meta clearfix\"><ul class=\"nav bottom-meta-list meta-left\"><li><div class=\"post-more\"><a href=\"https:\/\/iprights.org\/fr\/2024\/12\/11\/ouganda-les-menaces-nont-pas-reussi-a-mettre-fin-a-la-lutte-pour-la-reconnaissance-des-terres-autochtones\/\" class=\"read-more elementor-button\">Lire la suite<\/a><\/div><\/li><\/ul><\/div><\/div><\/div><!-- .post-thumb --><div class=\"entry-title\"><h5 class=\"post-title-head\"><a href=\"https:\/\/iprights.org\/fr\/2024\/12\/11\/ouganda-les-menaces-nont-pas-reussi-a-mettre-fin-a-la-lutte-pour-la-reconnaissance-des-terres-autochtones\/\" class=\"post-title\">Ouganda: les menaces n&rsquo;ont pas r\u00e9ussi \u00e0 mettre fin \u00e0 la lutte pour la reconnaissance des terres autochtones<\/a><\/h5><\/div><!-- .entry-title --><div class=\"post-category\"><span class=\"before-icon fa fa-folder-o\"><\/span><a href=\"https:\/\/iprights.org\/fr\/category\/actualites-et-caracteristiques\/\">Actualit\u00e9s et caract\u00e9ristiques<\/a><\/div><\/div><!-- .blog-inner --><\/div><!-- .col \/ .owl-carousel-item \/ .isotope --><div class=\"post-pagination-wrap\"><ul class=\"nav pagination post-pagination justify-content-center\"><li class=\"nav-item active\"><span class=\"active\">01<\/span><\/li><li class=\"nav-item\"><a href=\"https:\/\/iprights.org\/fr\/wp-json\/wp\/v2\/pages\/85533\/page\/2\/\">02<\/a><\/li><li class=\"nav-item\"><a href=\"https:\/\/iprights.org\/fr\/wp-json\/wp\/v2\/pages\/85533\/page\/2\/\" class=\"next-page\" title=\"next\">Next<\/a><\/li><li class=\"nav-item next\"><a href=\"https:\/\/iprights.org\/fr\/wp-json\/wp\/v2\/pages\/85533\/page\/2\/\" title=\"Last\">Last<\/a><\/li><\/ul><\/div><\/div><!-- .row -->\t\t\t\n\t\t<\/div>\n\t\t\t\t<\/div>\n\t\t\t\t<\/div>\n\t\t\t\t\t<\/div>\n\t\t\t\t<\/div>\n\t\t\t\t<\/div>\n\t\t","protected":false},"excerpt":{"rendered":"<p>Je&#8217;eruriwa People: the struggle for full recognition and the right to land despite forced displacement..<\/p>\n","protected":false},"author":1,"featured_media":0,"parent":0,"menu_order":0,"comment_status":"closed","ping_status":"closed","template":"","meta":{"footnotes":""},"class_list":["post-85533","page","type-page","status-publish","hentry"],"_links":{"self":[{"href":"https:\/\/iprights.org\/fr\/wp-json\/wp\/v2\/pages\/85533","targetHints":{"allow":["GET"]}}],"collection":[{"href":"https:\/\/iprights.org\/fr\/wp-json\/wp\/v2\/pages"}],"about":[{"href":"https:\/\/iprights.org\/fr\/wp-json\/wp\/v2\/types\/page"}],"author":[{"embeddable":true,"href":"https:\/\/iprights.org\/fr\/wp-json\/wp\/v2\/users\/1"}],"replies":[{"embeddable":true,"href":"https:\/\/iprights.org\/fr\/wp-json\/wp\/v2\/comments?post=85533"}],"version-history":[{"count":1,"href":"https:\/\/iprights.org\/fr\/wp-json\/wp\/v2\/pages\/85533\/revisions"}],"predecessor-version":[{"id":85534,"href":"https:\/\/iprights.org\/fr\/wp-json\/wp\/v2\/pages\/85533\/revisions\/85534"}],"wp:attachment":[{"href":"https:\/\/iprights.org\/fr\/wp-json\/wp\/v2\/media?parent=85533"}],"curies":[{"name":"wp","href":"https:\/\/api.w.org\/{rel}","templated":true}]}}