{"id":85873,"date":"2026-04-15T18:20:54","date_gmt":"2026-04-15T18:20:54","guid":{"rendered":"https:\/\/iprights.org\/?page_id=85873"},"modified":"2026-04-16T23:22:24","modified_gmt":"2026-04-16T23:22:24","slug":"evenement","status":"publish","type":"page","link":"https:\/\/iprights.org\/fr\/evenement\/","title":{"rendered":"\u00c9v\u00e9nement"},"content":{"rendered":"\t\t<div data-elementor-type=\"wp-page\" data-elementor-id=\"85873\" class=\"elementor elementor-85873 elementor-85693\" data-elementor-post-type=\"page\">\n\t\t\t\t<div data-particle_enable=\"false\" data-particle-mobile-disabled=\"false\" class=\"elementor-element elementor-element-ee3afae e-flex e-con-boxed content-parallax-no e-con e-parent\" data-id=\"ee3afae\" data-element_type=\"container\" data-e-type=\"container\">\n\t\t\t\t\t<div class=\"e-con-inner\">\n\t\t\t\t<div class=\"elementor-element elementor-element-13681f6 elementor-widget elementor-widget-spacer\" data-id=\"13681f6\" data-element_type=\"widget\" data-e-type=\"widget\" data-widget_type=\"spacer.default\">\n\t\t\t\t\t\t\t<div class=\"elementor-spacer\">\n\t\t\t<div class=\"elementor-spacer-inner\"><\/div>\n\t\t<\/div>\n\t\t\t\t\t\t<\/div>\n\t\t\t\t\t<\/div>\n\t\t\t\t<\/div>\n\t\t<div data-particle_enable=\"false\" data-particle-mobile-disabled=\"false\" class=\"elementor-element elementor-element-6271485d e-flex e-con-boxed content-parallax-no elementor-invisible e-con e-parent\" data-id=\"6271485d\" data-element_type=\"container\" data-e-type=\"container\" data-settings=\"{&quot;animation&quot;:&quot;fadeInRight&quot;}\">\n\t\t\t\t\t<div class=\"e-con-inner\">\n\t\t<div data-particle_enable=\"false\" data-particle-mobile-disabled=\"false\" class=\"elementor-element elementor-element-1088a8a e-con-full e-flex content-parallax-no e-con e-child\" data-id=\"1088a8a\" data-element_type=\"container\" data-e-type=\"container\">\n\t\t\t\t<div class=\"elementor-element elementor-element-3c672101 elementor-widget elementor-widget-ceaposts\" data-id=\"3c672101\" data-element_type=\"widget\" data-e-type=\"widget\" data-widget_type=\"ceaposts.default\">\n\t\t\t\t\n\t\t<div class=\"elementor-widget-container blog-wrapper blog-style-classic-pro blog-light blog-normal-model\" >\n\t\t\n\t\t\t<div class=\"row\"><div class=\"col-lg-4 col-md-6 col-sm-12\" ><div class=\"blog-inner\"><div class=\"post-thumb post-overlay-active\"><a href=\"https:\/\/iprights.org\/fr\/2026\/04\/15\/les-droits-fonciers-au-service-dune-meilleure-conservation\/\" class=\"post-image-link\"><img decoding=\"async\" src=\"https:\/\/iprights.org\/wp-content\/uploads\/2026\/04\/Captura-de-pantalla-2026-04-15-a-las-12.40.27-p.m.png\" title=\"Capture d&rsquo;\u00e9cran 2026-04-15 a las 12.40.27 p.m.\" alt=\"\" class=\"img-fluid squared\" \/><\/a><div class=\"post-overlay-items\"><div class=\"entry-title\"><h6 class=\"post-title-head\"><a href=\"https:\/\/iprights.org\/fr\/2026\/04\/15\/les-droits-fonciers-au-service-dune-meilleure-conservation\/\" class=\"post-title\">Les droits fonciers au service d\u2019une meilleure conservation<\/a><\/h6><\/div><!-- .entry-title --><div class=\"bottom-meta clearfix\"><ul class=\"nav bottom-meta-list meta-left\"><li><div class=\"post-more\"><a href=\"https:\/\/iprights.org\/fr\/2026\/04\/15\/les-droits-fonciers-au-service-dune-meilleure-conservation\/\" class=\"read-more elementor-button\">Read More<\/a><\/div><\/li><\/ul><\/div><\/div><\/div><!-- .post-thumb --><div class=\"post-details-outer\"><div class=\"entry-title\"><h6 class=\"post-title-head\"><a href=\"https:\/\/iprights.org\/fr\/2026\/04\/15\/les-droits-fonciers-au-service-dune-meilleure-conservation\/\" class=\"post-title\">Les droits fonciers au service d\u2019une meilleure conservation<\/a><\/h6><\/div><!-- .entry-title --><\/div><!-- .post-details-outer --><\/div><!-- .blog-inner --><\/div><!-- .col \/ .owl-carousel-item \/ .isotope --><div class=\"col-lg-4 col-md-6 col-sm-12\" ><div class=\"blog-inner\"><div class=\"post-thumb post-overlay-active\"><a href=\"https:\/\/iprights.org\/fr\/2026\/04\/15\/les-conflitsen-hausse-fonciers-les-terres-autochtones-en-point-de-mire\/\" class=\"post-image-link\"><img decoding=\"async\" src=\"https:\/\/iprights.org\/wp-content\/uploads\/2026\/04\/Captura-de-pantalla-2026-04-15-a-las-12.40.49-p.m.png\" title=\"Capture d&rsquo;\u00e9cran 2026-04-15 a las 12.40.49 p.m.\" alt=\"\" class=\"img-fluid squared img-fluid squared\" \/><\/a><div class=\"post-overlay-items\"><div class=\"entry-title\"><h6 class=\"post-title-head\"><a href=\"https:\/\/iprights.org\/fr\/2026\/04\/15\/les-conflitsen-hausse-fonciers-les-terres-autochtones-en-point-de-mire\/\" class=\"post-title\">Les conflitsen hausse fonciers: les terres autochtones en point de mire<\/a><\/h6><\/div><!-- .entry-title --><div class=\"bottom-meta clearfix\"><ul class=\"nav bottom-meta-list meta-left\"><li><div class=\"post-more\"><a href=\"https:\/\/iprights.org\/fr\/2026\/04\/15\/les-conflitsen-hausse-fonciers-les-terres-autochtones-en-point-de-mire\/\" class=\"read-more elementor-button\">Read More<\/a><\/div><\/li><\/ul><\/div><\/div><\/div><!-- .post-thumb --><div class=\"post-details-outer\"><div class=\"entry-title\"><h6 class=\"post-title-head\"><a href=\"https:\/\/iprights.org\/fr\/2026\/04\/15\/les-conflitsen-hausse-fonciers-les-terres-autochtones-en-point-de-mire\/\" class=\"post-title\">Les conflitsen hausse fonciers: les terres autochtones en point de mire<\/a><\/h6><\/div><!-- .entry-title --><\/div><!-- .post-details-outer --><\/div><!-- .blog-inner --><\/div><!-- .col \/ .owl-carousel-item \/ .isotope --><div class=\"col-lg-4 col-md-6 col-sm-12\" ><div class=\"blog-inner\"><div class=\"post-thumb post-overlay-active\"><a href=\"https:\/\/iprights.org\/fr\/2025\/07\/14\/evenement-parallele-25-ans-de-formation-aux-droits-de-lhomme-pour-les-peuples-autochtones-reflexions-et-avenir\/\" class=\"post-image-link\"><img decoding=\"async\" src=\"https:\/\/iprights.org\/wp-content\/uploads\/2025\/07\/reflections-and-future.jpg\" title=\"reflections-and-future\" alt=\"\" class=\"img-fluid squared img-fluid squared img-fluid squared\" \/><\/a><div class=\"post-overlay-items\"><div class=\"entry-title\"><h6 class=\"post-title-head\"><a href=\"https:\/\/iprights.org\/fr\/2025\/07\/14\/evenement-parallele-25-ans-de-formation-aux-droits-de-lhomme-pour-les-peuples-autochtones-reflexions-et-avenir\/\" class=\"post-title\">\u00c9v\u00e9nement parall\u00e8le : 25 ans de formation aux droits de l&rsquo;homme pour les peuples autochtones : R\u00e9flexions et avenir<\/a><\/h6><\/div><!-- .entry-title --><div class=\"bottom-meta clearfix\"><ul class=\"nav bottom-meta-list meta-left\"><li><div class=\"post-more\"><a href=\"https:\/\/iprights.org\/fr\/2025\/07\/14\/evenement-parallele-25-ans-de-formation-aux-droits-de-lhomme-pour-les-peuples-autochtones-reflexions-et-avenir\/\" class=\"read-more elementor-button\">Read More<\/a><\/div><\/li><\/ul><\/div><\/div><\/div><!-- .post-thumb --><div class=\"post-details-outer\"><div class=\"entry-title\"><h6 class=\"post-title-head\"><a href=\"https:\/\/iprights.org\/fr\/2025\/07\/14\/evenement-parallele-25-ans-de-formation-aux-droits-de-lhomme-pour-les-peuples-autochtones-reflexions-et-avenir\/\" class=\"post-title\">\u00c9v\u00e9nement parall\u00e8le : 25 ans de formation aux droits de l&rsquo;homme pour les peuples autochtones : R\u00e9flexions et avenir<\/a><\/h6><\/div><!-- .entry-title --><\/div><!-- .post-details-outer --><\/div><!-- .blog-inner --><\/div><!-- .col \/ .owl-carousel-item \/ .isotope --><div class=\"col-lg-4 col-md-6 col-sm-12\" ><div class=\"blog-inner\"><div class=\"post-thumb post-overlay-active\"><a href=\"https:\/\/iprights.org\/fr\/2025\/07\/14\/souverainete-des-donnees-et-rapatriement-femmes-filles-et-personnes-de-sexe-different-autochtones-disparues-et-assassinees\/\" class=\"post-image-link\"><img decoding=\"async\" src=\"https:\/\/iprights.org\/wp-content\/uploads\/2025\/07\/data-sovereignty.jpg\" title=\"data-sovereignty\" alt=\"\" class=\"img-fluid squared img-fluid squared img-fluid squared img-fluid squared\" \/><\/a><div class=\"post-overlay-items\"><div class=\"entry-title\"><h6 class=\"post-title-head\"><a href=\"https:\/\/iprights.org\/fr\/2025\/07\/14\/souverainete-des-donnees-et-rapatriement-femmes-filles-et-personnes-de-sexe-different-autochtones-disparues-et-assassinees\/\" class=\"post-title\">Souverainet\u00e9 des donn\u00e9es et rapatriement : Femmes, filles et personnes de sexe diff\u00e9rent autochtones disparues et assassin\u00e9es<\/a><\/h6><\/div><!-- .entry-title --><div class=\"bottom-meta clearfix\"><ul class=\"nav bottom-meta-list meta-left\"><li><div class=\"post-more\"><a href=\"https:\/\/iprights.org\/fr\/2025\/07\/14\/souverainete-des-donnees-et-rapatriement-femmes-filles-et-personnes-de-sexe-different-autochtones-disparues-et-assassinees\/\" class=\"read-more elementor-button\">Read More<\/a><\/div><\/li><\/ul><\/div><\/div><\/div><!-- .post-thumb --><div class=\"post-details-outer\"><div class=\"entry-title\"><h6 class=\"post-title-head\"><a href=\"https:\/\/iprights.org\/fr\/2025\/07\/14\/souverainete-des-donnees-et-rapatriement-femmes-filles-et-personnes-de-sexe-different-autochtones-disparues-et-assassinees\/\" class=\"post-title\">Souverainet\u00e9 des donn\u00e9es et rapatriement : Femmes, filles et personnes de sexe diff\u00e9rent autochtones disparues et assassin\u00e9es<\/a><\/h6><\/div><!-- .entry-title --><\/div><!-- .post-details-outer --><\/div><!-- .blog-inner --><\/div><!-- .col \/ .owl-carousel-item \/ .isotope --><div class=\"col-lg-4 col-md-6 col-sm-12\" ><div class=\"blog-inner\"><div class=\"post-thumb post-overlay-active\"><a href=\"https:\/\/iprights.org\/fr\/2025\/07\/10\/rapporteur-special-sur-lindependance-des-juges-et-des-avocats-reflexions-sur-le-rapport-concernant-le-droit-des-peuples-autochtones-de-maintenir-et-de-developper-leurs-systemes-de-justice\/\" class=\"post-image-link\"><img decoding=\"async\" src=\"https:\/\/iprights.org\/wp-content\/uploads\/2025\/07\/Indigenous-Justice-Systems-EN.jpg\" title=\"Indigenous-Justice-Systems-EN\" alt=\"\" class=\"img-fluid squared img-fluid squared img-fluid squared img-fluid squared img-fluid squared\" \/><\/a><div class=\"post-overlay-items\"><div class=\"entry-title\"><h6 class=\"post-title-head\"><a href=\"https:\/\/iprights.org\/fr\/2025\/07\/10\/rapporteur-special-sur-lindependance-des-juges-et-des-avocats-reflexions-sur-le-rapport-concernant-le-droit-des-peuples-autochtones-de-maintenir-et-de-developper-leurs-systemes-de-justice\/\" class=\"post-title\">Rapporteur sp\u00e9cial sur l\u2019ind\u00e9pendance des juges et des avocats : r\u00e9flexions sur le rapport concernant le droit des peuples autochtones de maintenir et de d\u00e9velopper leurs syst\u00e8mes de justice.<\/a><\/h6><\/div><!-- .entry-title --><div class=\"bottom-meta clearfix\"><ul class=\"nav bottom-meta-list meta-left\"><li><div class=\"post-more\"><a href=\"https:\/\/iprights.org\/fr\/2025\/07\/10\/rapporteur-special-sur-lindependance-des-juges-et-des-avocats-reflexions-sur-le-rapport-concernant-le-droit-des-peuples-autochtones-de-maintenir-et-de-developper-leurs-systemes-de-justice\/\" class=\"read-more elementor-button\">Read More<\/a><\/div><\/li><\/ul><\/div><\/div><\/div><!-- .post-thumb --><div class=\"post-details-outer\"><div class=\"entry-title\"><h6 class=\"post-title-head\"><a href=\"https:\/\/iprights.org\/fr\/2025\/07\/10\/rapporteur-special-sur-lindependance-des-juges-et-des-avocats-reflexions-sur-le-rapport-concernant-le-droit-des-peuples-autochtones-de-maintenir-et-de-developper-leurs-systemes-de-justice\/\" class=\"post-title\">Rapporteur sp\u00e9cial sur l\u2019ind\u00e9pendance des juges et des avocats : r\u00e9flexions sur le rapport concernant le droit des peuples autochtones de maintenir et de d\u00e9velopper leurs syst\u00e8mes de justice.<\/a><\/h6><\/div><!-- .entry-title --><\/div><!-- .post-details-outer --><\/div><!-- .blog-inner --><\/div><!-- .col \/ .owl-carousel-item \/ .isotope --><div class=\"col-lg-4 col-md-6 col-sm-12\" ><div class=\"blog-inner\"><div class=\"post-thumb post-overlay-active\"><a href=\"https:\/\/iprights.org\/fr\/2025\/07\/10\/opportunites-emergentes-et-defis-existants-en-matiere-de-collecte-de-donnees-un-espace-de-dialogue-et-dapprentissage-partage-pour-les-organisations-autochtones-les-defenseurs-autochtones-d\/\" class=\"post-image-link\"><img decoding=\"async\" src=\"https:\/\/iprights.org\/wp-content\/uploads\/2025\/07\/Data-collecting-ENG.jpg\" title=\"Data-collecting-ENG\" alt=\"\" class=\"img-fluid squared img-fluid squared img-fluid squared img-fluid squared img-fluid squared img-fluid squared\" \/><\/a><div class=\"post-overlay-items\"><div class=\"entry-title\"><h6 class=\"post-title-head\"><a href=\"https:\/\/iprights.org\/fr\/2025\/07\/10\/opportunites-emergentes-et-defis-existants-en-matiere-de-collecte-de-donnees-un-espace-de-dialogue-et-dapprentissage-partage-pour-les-organisations-autochtones-les-defenseurs-autochtones-d\/\" class=\"post-title\">Opportunit\u00e9s \u00e9mergentes et d\u00e9fis existants en mati\u00e8re de collecte de donn\u00e9es ; un espace de dialogue et d\u2019apprentissage partag\u00e9 pour les organisations autochtones, les d\u00e9fenseurs autochtones des droits humains et les organisations de d\u00e9fense des droits humains.<\/a><\/h6><\/div><!-- .entry-title --><div class=\"bottom-meta clearfix\"><ul class=\"nav bottom-meta-list meta-left\"><li><div class=\"post-more\"><a href=\"https:\/\/iprights.org\/fr\/2025\/07\/10\/opportunites-emergentes-et-defis-existants-en-matiere-de-collecte-de-donnees-un-espace-de-dialogue-et-dapprentissage-partage-pour-les-organisations-autochtones-les-defenseurs-autochtones-d\/\" class=\"read-more elementor-button\">Read More<\/a><\/div><\/li><\/ul><\/div><\/div><\/div><!-- .post-thumb --><div class=\"post-details-outer\"><div class=\"entry-title\"><h6 class=\"post-title-head\"><a href=\"https:\/\/iprights.org\/fr\/2025\/07\/10\/opportunites-emergentes-et-defis-existants-en-matiere-de-collecte-de-donnees-un-espace-de-dialogue-et-dapprentissage-partage-pour-les-organisations-autochtones-les-defenseurs-autochtones-d\/\" class=\"post-title\">Opportunit\u00e9s \u00e9mergentes et d\u00e9fis existants en mati\u00e8re de collecte de donn\u00e9es ; un espace de dialogue et d\u2019apprentissage partag\u00e9 pour les organisations autochtones, les d\u00e9fenseurs autochtones des droits humains et les organisations de d\u00e9fense des droits humains.<\/a><\/h6><\/div><!-- .entry-title --><\/div><!-- .post-details-outer --><\/div><!-- .blog-inner --><\/div><!-- .col \/ .owl-carousel-item \/ .isotope --><div class=\"col-lg-4 col-md-6 col-sm-12\" ><div class=\"blog-inner\"><div class=\"post-thumb post-overlay-active\"><a href=\"https:\/\/iprights.org\/fr\/2024\/11\/28\/digest-xanharu-n6-webinaire\/\" class=\"post-image-link\"><img decoding=\"async\" src=\"https:\/\/iprights.org\/wp-content\/uploads\/2024\/11\/en.jpg\" title=\"en\" alt=\"\" class=\"img-fluid squared img-fluid squared img-fluid squared img-fluid squared img-fluid squared img-fluid squared img-fluid squared\" \/><\/a><div class=\"post-overlay-items\"><div class=\"entry-title\"><h6 class=\"post-title-head\"><a href=\"https:\/\/iprights.org\/fr\/2024\/11\/28\/digest-xanharu-n6-webinaire\/\" class=\"post-title\">Digest Xanharu n\u00b06 Webinaire<\/a><\/h6><\/div><!-- .entry-title --><div class=\"bottom-meta clearfix\"><ul class=\"nav bottom-meta-list meta-left\"><li><div class=\"post-more\"><a href=\"https:\/\/iprights.org\/fr\/2024\/11\/28\/digest-xanharu-n6-webinaire\/\" class=\"read-more elementor-button\">Read More<\/a><\/div><\/li><\/ul><\/div><\/div><\/div><!-- .post-thumb --><div class=\"post-details-outer\"><div class=\"entry-title\"><h6 class=\"post-title-head\"><a href=\"https:\/\/iprights.org\/fr\/2024\/11\/28\/digest-xanharu-n6-webinaire\/\" class=\"post-title\">Digest Xanharu n\u00b06 Webinaire<\/a><\/h6><\/div><!-- .entry-title --><\/div><!-- .post-details-outer --><\/div><!-- .blog-inner --><\/div><!-- .col \/ .owl-carousel-item \/ .isotope --><div class=\"col-lg-4 col-md-6 col-sm-12\" ><div class=\"blog-inner\"><div class=\"post-details-outer\"><div class=\"entry-title\"><h6 class=\"post-title-head\"><a href=\"https:\/\/iprights.org\/fr\/2024\/11\/26\/indigenous-womens-advocacy-in-international-spaces-and-the-16-days-of-activism-against-gender-based-violence\/\" class=\"post-title\">Indigenous women&rsquo;s advocacy in international spaces and the 16 days of activism against gender-based violence<\/a><\/h6><\/div><!-- .entry-title --><\/div><!-- .post-details-outer --><\/div><!-- .blog-inner --><\/div><!-- .col \/ .owl-carousel-item \/ .isotope --><div class=\"col-lg-4 col-md-6 col-sm-12\" ><div class=\"blog-inner\"><div class=\"post-thumb post-overlay-active\"><a href=\"https:\/\/iprights.org\/fr\/2024\/10\/11\/prosperite-partagee-comment-les-institutions-financieres-peuvent-sassocier-aux-peuples-autochtones-pour-une-transition-juste\/\" class=\"post-image-link\"><img decoding=\"async\" src=\"https:\/\/iprights.org\/wp-content\/uploads\/2024\/10\/image_1003168.webp\" title=\"image_1003168\" alt=\"\" class=\"img-fluid squared img-fluid squared img-fluid squared img-fluid squared img-fluid squared img-fluid squared img-fluid squared img-fluid squared\" \/><\/a><div class=\"post-overlay-items\"><div class=\"entry-title\"><h6 class=\"post-title-head\"><a href=\"https:\/\/iprights.org\/fr\/2024\/10\/11\/prosperite-partagee-comment-les-institutions-financieres-peuvent-sassocier-aux-peuples-autochtones-pour-une-transition-juste\/\" class=\"post-title\">Prosp\u00e9rit\u00e9 partag\u00e9e: comment les institutions financi\u00e8res peuvent s\u2019associer aux peuples autochtones pour une transition juste<\/a><\/h6><\/div><!-- .entry-title --><div class=\"bottom-meta clearfix\"><ul class=\"nav bottom-meta-list meta-left\"><li><div class=\"post-more\"><a href=\"https:\/\/iprights.org\/fr\/2024\/10\/11\/prosperite-partagee-comment-les-institutions-financieres-peuvent-sassocier-aux-peuples-autochtones-pour-une-transition-juste\/\" class=\"read-more elementor-button\">Read More<\/a><\/div><\/li><\/ul><\/div><\/div><\/div><!-- .post-thumb --><div class=\"post-details-outer\"><div class=\"entry-title\"><h6 class=\"post-title-head\"><a href=\"https:\/\/iprights.org\/fr\/2024\/10\/11\/prosperite-partagee-comment-les-institutions-financieres-peuvent-sassocier-aux-peuples-autochtones-pour-une-transition-juste\/\" class=\"post-title\">Prosp\u00e9rit\u00e9 partag\u00e9e: comment les institutions financi\u00e8res peuvent s\u2019associer aux peuples autochtones pour une transition juste<\/a><\/h6><\/div><!-- .entry-title --><\/div><!-- .post-details-outer --><\/div><!-- .blog-inner --><\/div><!-- .col \/ .owl-carousel-item \/ .isotope --><div class=\"post-pagination-wrap\"><ul class=\"nav pagination post-pagination justify-content-center\"><li class=\"nav-item active\"><span class=\"active\">01<\/span><\/li><li class=\"nav-item\"><a href=\"https:\/\/iprights.org\/fr\/wp-json\/wp\/v2\/pages\/85873\/page\/2\/\">02<\/a><\/li><li class=\"nav-item\"><a href=\"https:\/\/iprights.org\/fr\/wp-json\/wp\/v2\/pages\/85873\/page\/3\/\">03<\/a><\/li><li class=\"nav-item\"><a href=\"https:\/\/iprights.org\/fr\/wp-json\/wp\/v2\/pages\/85873\/page\/4\/\">04<\/a><\/li><li class=\"nav-item\"><a href=\"https:\/\/iprights.org\/fr\/wp-json\/wp\/v2\/pages\/85873\/page\/2\/\" class=\"next-page\" title=\"next\">Next<\/a><\/li><li class=\"nav-item next\"><a href=\"https:\/\/iprights.org\/fr\/wp-json\/wp\/v2\/pages\/85873\/page\/5\/\" title=\"Last\">Last<\/a><\/li><\/ul><\/div><\/div><!-- .row -->\t\t\t\n\t\t<\/div>\n\t\t\t\t<\/div>\n\t\t\t\t<\/div>\n\t\t\t\t\t<\/div>\n\t\t\t\t<\/div>\n\t\t\t\t<\/div>\n\t\t","protected":false},"excerpt":{"rendered":"","protected":false},"author":9,"featured_media":0,"parent":0,"menu_order":0,"comment_status":"closed","ping_status":"closed","template":"","meta":{"footnotes":""},"class_list":["post-85873","page","type-page","status-publish","hentry"],"_links":{"self":[{"href":"https:\/\/iprights.org\/fr\/wp-json\/wp\/v2\/pages\/85873","targetHints":{"allow":["GET"]}}],"collection":[{"href":"https:\/\/iprights.org\/fr\/wp-json\/wp\/v2\/pages"}],"about":[{"href":"https:\/\/iprights.org\/fr\/wp-json\/wp\/v2\/types\/page"}],"author":[{"embeddable":true,"href":"https:\/\/iprights.org\/fr\/wp-json\/wp\/v2\/users\/9"}],"replies":[{"embeddable":true,"href":"https:\/\/iprights.org\/fr\/wp-json\/wp\/v2\/comments?post=85873"}],"version-history":[{"count":1,"href":"https:\/\/iprights.org\/fr\/wp-json\/wp\/v2\/pages\/85873\/revisions"}],"predecessor-version":[{"id":85874,"href":"https:\/\/iprights.org\/fr\/wp-json\/wp\/v2\/pages\/85873\/revisions\/85874"}],"wp:attachment":[{"href":"https:\/\/iprights.org\/fr\/wp-json\/wp\/v2\/media?parent=85873"}],"curies":[{"name":"wp","href":"https:\/\/api.w.org\/{rel}","templated":true}]}}